{"id":55094,"date":"2023-01-11T13:37:59","date_gmt":"2023-01-11T12:37:59","guid":{"rendered":"https:\/\/swissbaker.ch\/?page_id=55094"},"modified":"2026-02-24T15:59:19","modified_gmt":"2026-02-24T14:59:19","slug":"congres","status":"publish","type":"page","link":"https:\/\/swissbaker.ch\/fr\/congres\/","title":{"rendered":"140\u00e8me congr\u00e8s de la BCS"},"content":{"rendered":"\n<p><strong>La BCS est heureuse de vous inviter \u00e0 son congr\u00e8s, qui aura lieu le mardi 9&nbsp;juin&nbsp;2026 au centre de congr\u00e8s de BERNEXPO AG.<\/strong><\/p>\n\n\n\n<p>Apr\u00e8s <strong>l\u2019assembl\u00e9e de d\u00e9l\u00e9gu\u00e9s et d\u00e9l\u00e9gu\u00e9es<\/strong>, nos h\u00f4tes et partenaires sectoriels se joindront \u00e0 nous pour une seconde partie comprenant des hommages et la 14<sup>e<\/sup> remise de la couronne boulang\u00e8re. Vous trouverez ci-apr\u00e8s les points principaux \u00e0 l\u2019ordre du jour.<\/p>\n\n\n\n<ul class=\"wp-block-list\">\n<li>Quels sont les <strong>sujets importants<\/strong> trait\u00e9s par le comit\u00e9 central de la BCS et l\u2019\u00e9quipe du secr\u00e9tariat central?<\/li>\n\n\n\n<li><strong>R\u00e9vision totale de la formation initiale en production<\/strong>.<\/li>\n\n\n\n<li>Quelles exp\u00e9riences marquantes <strong>les championnes suisses<\/strong> en titre ont-elles v\u00e9cues lors des SwissSkills 2025? Comment se d\u00e9roulent les pr\u00e9paratifs pour les WorldSkills 2026?<\/li>\n\n\n\n<li>Qui portera la <strong>couronne boulang\u00e8re 2026<\/strong>?<\/li>\n<\/ul>\n\n\n\n<p>Les membres du comit\u00e9 central et nous-m\u00eames nous r\u00e9jouissons vivement de vous retrouver pour parler boutique pendant la pause-caf\u00e9 et le lunch debout, \u00e0 l\u2019occasion du congr\u00e8s de la BCS. Profitez \u00e9galement du second rendez-vous sectoriel la veille au soir: le lieu pr\u00e9vu \u00e0 cet effet, le \u00abHangar 7\u00bb de Mountainflyers \u00e0 Belp, offre une atmosph\u00e8re propice \u00e0 des \u00e9changes inspirants lors de la quatri\u00e8me \u00e9dition de l\u2019\u00e9v\u00e8nement de r\u00e9seautage.<\/p>\n\n\n\n<p><strong><a href=\"https:\/\/swissbaker.ch\/fr\/inscription-congres\/\" type=\"link\" id=\"https:\/\/swissbaker.ch\/fr\/inscription-congres\/\">Inscription au congr\u00e8s jusqu\u2018au 8 mai 2026&#8230;\u00bb<\/a><\/strong><\/p>\n\n\n\n<p><\/p>\n\n\n\n<p><\/p>\n","protected":false},"excerpt":{"rendered":"<p>La BCS est heureuse de vous inviter \u00e0 son congr\u00e8s, qui aura lieu le mardi 9&nbsp;juin&nbsp;2026 au centre de congr\u00e8s de BERNEXPO AG. Apr\u00e8s l\u2019assembl\u00e9e de d\u00e9l\u00e9gu\u00e9s et d\u00e9l\u00e9gu\u00e9es, nos h\u00f4tes et partenaires sectoriels se joindront \u00e0 nous pour une seconde partie comprenant des hommages et la 14e remise de la couronne boulang\u00e8re. Vous trouverez ci-apr\u00e8s les points principaux \u00e0 [&hellip;]<\/p>\n","protected":false},"author":5,"featured_media":158920,"parent":0,"menu_order":0,"comment_status":"closed","ping_status":"closed","template":"","meta":{"_acf_changed":true,"footnotes":""},"class_list":["post-55094","page","type-page","status-publish","has-post-thumbnail","hentry"],"acf":[],"yoast_head":"<!-- This site is optimized with the Yoast SEO Premium plugin v26.8 (Yoast SEO v26.8) - https:\/\/yoast.com\/product\/yoast-seo-premium-wordpress\/ -->\n<title>140\u00e8me congr\u00e8s de la BCS | SBC<\/title>\n<meta name=\"description\" content=\"Le congr\u00e8s 2023 de la BCS aura lieu le 13 juin \u00e0 Berne.\" \/>\n<meta name=\"robots\" content=\"index, follow, max-snippet:-1, max-image-preview:large, max-video-preview:-1\" \/>\n<link rel=\"canonical\" href=\"https:\/\/swissbaker.ch\/fr\/congres\/\" \/>\n<meta property=\"og:locale\" content=\"fr_FR\" \/>\n<meta property=\"og:type\" content=\"article\" \/>\n<meta property=\"og:title\" content=\"140\u00e8me congr\u00e8s de la BCS\" \/>\n<meta property=\"og:description\" content=\"Le congr\u00e8s 2023 de la BCS aura lieu le 13 juin \u00e0 Berne.\" \/>\n<meta property=\"og:url\" content=\"https:\/\/swissbaker.ch\/fr\/congres\/\" \/>\n<meta property=\"og:site_name\" content=\"SBC\" \/>\n<meta property=\"article:publisher\" content=\"https:\/\/www.facebook.com\/swissbaker.ch\" \/>\n<meta property=\"article:modified_time\" content=\"2026-02-24T14:59:19+00:00\" \/>\n<meta property=\"og:image\" content=\"https:\/\/swissbaker.ch\/wp-content\/uploads\/2026\/02\/titelbild_web.jpg\" \/>\n\t<meta property=\"og:image:width\" content=\"1200\" \/>\n\t<meta property=\"og:image:height\" content=\"712\" \/>\n\t<meta property=\"og:image:type\" content=\"image\/jpeg\" \/>\n<meta name=\"twitter:card\" content=\"summary_large_image\" \/>\n<meta name=\"twitter:site\" content=\"@ch_swissbaker\" \/>\n<meta name=\"twitter:label1\" content=\"Est. reading time\" \/>\n\t<meta name=\"twitter:data1\" content=\"1 minute\" \/>\n<script type=\"application\/ld+json\" class=\"yoast-schema-graph\">{\"@context\":\"https:\/\/schema.org\",\"@graph\":[{\"@type\":\"WebPage\",\"@id\":\"https:\/\/swissbaker.ch\/fr\/congres\/\",\"url\":\"https:\/\/swissbaker.ch\/fr\/congres\/\",\"name\":\"140\u00e8me congr\u00e8s de la BCS | SBC\",\"isPartOf\":{\"@id\":\"https:\/\/swissbaker.ch\/fr\/#website\"},\"primaryImageOfPage\":{\"@id\":\"https:\/\/swissbaker.ch\/fr\/congres\/#primaryimage\"},\"image\":{\"@id\":\"https:\/\/swissbaker.ch\/fr\/congres\/#primaryimage\"},\"thumbnailUrl\":\"https:\/\/swissbaker.ch\/wp-content\/uploads\/2026\/02\/titelbild_web.jpg\",\"datePublished\":\"2023-01-11T12:37:59+00:00\",\"dateModified\":\"2026-02-24T14:59:19+00:00\",\"description\":\"Le congr\u00e8s 2023 de la BCS aura lieu le 13 juin \u00e0 Berne.\",\"breadcrumb\":{\"@id\":\"https:\/\/swissbaker.ch\/fr\/congres\/#breadcrumb\"},\"inLanguage\":\"fr-FR\",\"potentialAction\":[{\"@type\":\"ReadAction\",\"target\":[\"https:\/\/swissbaker.ch\/fr\/congres\/\"]}]},{\"@type\":\"ImageObject\",\"inLanguage\":\"fr-FR\",\"@id\":\"https:\/\/swissbaker.ch\/fr\/congres\/#primaryimage\",\"url\":\"https:\/\/swissbaker.ch\/wp-content\/uploads\/2026\/02\/titelbild_web.jpg\",\"contentUrl\":\"https:\/\/swissbaker.ch\/wp-content\/uploads\/2026\/02\/titelbild_web.jpg\",\"width\":1200,\"height\":712},{\"@type\":\"BreadcrumbList\",\"@id\":\"https:\/\/swissbaker.ch\/fr\/congres\/#breadcrumb\",\"itemListElement\":[{\"@type\":\"ListItem\",\"position\":1,\"name\":\"\",\"item\":\"https:\/\/swissbaker.ch\/fr\/\"},{\"@type\":\"ListItem\",\"position\":2,\"name\":\"140\u00e8me congr\u00e8s de la BCS\"}]},{\"@type\":\"WebSite\",\"@id\":\"https:\/\/swissbaker.ch\/fr\/#website\",\"url\":\"https:\/\/swissbaker.ch\/fr\/\",\"name\":\"SBC\",\"description\":\"\",\"publisher\":{\"@id\":\"https:\/\/swissbaker.ch\/fr\/#organization\"},\"potentialAction\":[{\"@type\":\"SearchAction\",\"target\":{\"@type\":\"EntryPoint\",\"urlTemplate\":\"https:\/\/swissbaker.ch\/fr\/?s={search_term_string}\"},\"query-input\":{\"@type\":\"PropertyValueSpecification\",\"valueRequired\":true,\"valueName\":\"search_term_string\"}}],\"inLanguage\":\"fr-FR\"},{\"@type\":\"Organization\",\"@id\":\"https:\/\/swissbaker.ch\/fr\/#organization\",\"name\":\"Schweizerischer B\u00e4cker-Confiseurmeister-Verband\",\"url\":\"https:\/\/swissbaker.ch\/fr\/\",\"logo\":{\"@type\":\"ImageObject\",\"inLanguage\":\"fr-FR\",\"@id\":\"https:\/\/swissbaker.ch\/fr\/#\/schema\/logo\/image\/\",\"url\":\"https:\/\/swissbaker.ch\/wp-content\/uploads\/2022\/04\/sbc-logo-yoast.jpg\",\"contentUrl\":\"https:\/\/swissbaker.ch\/wp-content\/uploads\/2022\/04\/sbc-logo-yoast.jpg\",\"width\":512,\"height\":512,\"caption\":\"Schweizerischer B\u00e4cker-Confiseurmeister-Verband\"},\"image\":{\"@id\":\"https:\/\/swissbaker.ch\/fr\/#\/schema\/logo\/image\/\"},\"sameAs\":[\"https:\/\/www.facebook.com\/swissbaker.ch\",\"https:\/\/x.com\/ch_swissbaker\"]}]}<\/script>\n<!-- \/ Yoast SEO Premium plugin. -->","yoast_head_json":{"title":"140\u00e8me congr\u00e8s de la BCS | SBC","description":"Le congr\u00e8s 2023 de la BCS aura lieu le 13 juin \u00e0 Berne.","robots":{"index":"index","follow":"follow","max-snippet":"max-snippet:-1","max-image-preview":"max-image-preview:large","max-video-preview":"max-video-preview:-1"},"canonical":"https:\/\/swissbaker.ch\/fr\/congres\/","og_locale":"fr_FR","og_type":"article","og_title":"140\u00e8me congr\u00e8s de la BCS","og_description":"Le congr\u00e8s 2023 de la BCS aura lieu le 13 juin \u00e0 Berne.","og_url":"https:\/\/swissbaker.ch\/fr\/congres\/","og_site_name":"SBC","article_publisher":"https:\/\/www.facebook.com\/swissbaker.ch","article_modified_time":"2026-02-24T14:59:19+00:00","og_image":[{"width":1200,"height":712,"url":"https:\/\/swissbaker.ch\/wp-content\/uploads\/2026\/02\/titelbild_web.jpg","type":"image\/jpeg"}],"twitter_card":"summary_large_image","twitter_site":"@ch_swissbaker","twitter_misc":{"Est. reading time":"1 minute"},"schema":{"@context":"https:\/\/schema.org","@graph":[{"@type":"WebPage","@id":"https:\/\/swissbaker.ch\/fr\/congres\/","url":"https:\/\/swissbaker.ch\/fr\/congres\/","name":"140\u00e8me congr\u00e8s de la BCS | SBC","isPartOf":{"@id":"https:\/\/swissbaker.ch\/fr\/#website"},"primaryImageOfPage":{"@id":"https:\/\/swissbaker.ch\/fr\/congres\/#primaryimage"},"image":{"@id":"https:\/\/swissbaker.ch\/fr\/congres\/#primaryimage"},"thumbnailUrl":"https:\/\/swissbaker.ch\/wp-content\/uploads\/2026\/02\/titelbild_web.jpg","datePublished":"2023-01-11T12:37:59+00:00","dateModified":"2026-02-24T14:59:19+00:00","description":"Le congr\u00e8s 2023 de la BCS aura lieu le 13 juin \u00e0 Berne.","breadcrumb":{"@id":"https:\/\/swissbaker.ch\/fr\/congres\/#breadcrumb"},"inLanguage":"fr-FR","potentialAction":[{"@type":"ReadAction","target":["https:\/\/swissbaker.ch\/fr\/congres\/"]}]},{"@type":"ImageObject","inLanguage":"fr-FR","@id":"https:\/\/swissbaker.ch\/fr\/congres\/#primaryimage","url":"https:\/\/swissbaker.ch\/wp-content\/uploads\/2026\/02\/titelbild_web.jpg","contentUrl":"https:\/\/swissbaker.ch\/wp-content\/uploads\/2026\/02\/titelbild_web.jpg","width":1200,"height":712},{"@type":"BreadcrumbList","@id":"https:\/\/swissbaker.ch\/fr\/congres\/#breadcrumb","itemListElement":[{"@type":"ListItem","position":1,"name":"","item":"https:\/\/swissbaker.ch\/fr\/"},{"@type":"ListItem","position":2,"name":"140\u00e8me congr\u00e8s de la BCS"}]},{"@type":"WebSite","@id":"https:\/\/swissbaker.ch\/fr\/#website","url":"https:\/\/swissbaker.ch\/fr\/","name":"SBC","description":"","publisher":{"@id":"https:\/\/swissbaker.ch\/fr\/#organization"},"potentialAction":[{"@type":"SearchAction","target":{"@type":"EntryPoint","urlTemplate":"https:\/\/swissbaker.ch\/fr\/?s={search_term_string}"},"query-input":{"@type":"PropertyValueSpecification","valueRequired":true,"valueName":"search_term_string"}}],"inLanguage":"fr-FR"},{"@type":"Organization","@id":"https:\/\/swissbaker.ch\/fr\/#organization","name":"Schweizerischer B\u00e4cker-Confiseurmeister-Verband","url":"https:\/\/swissbaker.ch\/fr\/","logo":{"@type":"ImageObject","inLanguage":"fr-FR","@id":"https:\/\/swissbaker.ch\/fr\/#\/schema\/logo\/image\/","url":"https:\/\/swissbaker.ch\/wp-content\/uploads\/2022\/04\/sbc-logo-yoast.jpg","contentUrl":"https:\/\/swissbaker.ch\/wp-content\/uploads\/2022\/04\/sbc-logo-yoast.jpg","width":512,"height":512,"caption":"Schweizerischer B\u00e4cker-Confiseurmeister-Verband"},"image":{"@id":"https:\/\/swissbaker.ch\/fr\/#\/schema\/logo\/image\/"},"sameAs":["https:\/\/www.facebook.com\/swissbaker.ch","https:\/\/x.com\/ch_swissbaker"]}]}},"_links":{"self":[{"href":"https:\/\/swissbaker.ch\/fr\/wp-json\/wp\/v2\/pages\/55094","targetHints":{"allow":["GET"]}}],"collection":[{"href":"https:\/\/swissbaker.ch\/fr\/wp-json\/wp\/v2\/pages"}],"about":[{"href":"https:\/\/swissbaker.ch\/fr\/wp-json\/wp\/v2\/types\/page"}],"author":[{"embeddable":true,"href":"https:\/\/swissbaker.ch\/fr\/wp-json\/wp\/v2\/users\/5"}],"replies":[{"embeddable":true,"href":"https:\/\/swissbaker.ch\/fr\/wp-json\/wp\/v2\/comments?post=55094"}],"version-history":[{"count":0,"href":"https:\/\/swissbaker.ch\/fr\/wp-json\/wp\/v2\/pages\/55094\/revisions"}],"wp:featuredmedia":[{"embeddable":true,"href":"https:\/\/swissbaker.ch\/fr\/wp-json\/wp\/v2\/media\/158920"}],"wp:attachment":[{"href":"https:\/\/swissbaker.ch\/fr\/wp-json\/wp\/v2\/media?parent=55094"}],"curies":[{"name":"wp","href":"https:\/\/api.w.org\/{rel}","templated":true}]}}