{"id":40507,"date":"2022-06-28T11:43:10","date_gmt":"2022-06-28T09:43:10","guid":{"rendered":"https:\/\/swissbaker.ch\/?page_id=40507"},"modified":"2024-08-30T10:34:53","modified_gmt":"2024-08-30T08:34:53","slug":"fiduciaire","status":"publish","type":"page","link":"https:\/\/swissbaker.ch\/fr\/news-panissimo\/prestataires-et-fournisseurs\/fiduciaire\/","title":{"rendered":"Fiduciaire \/ Gestion de fortune"},"content":{"rendered":"\n<div class=\"wp-block-columns\">\n<div class=\"wp-block-column\">\n<figure class=\"wp-block-image size-full is-resized\"><img decoding=\"async\" width=\"350\" height=\"150\" src=\"https:\/\/swissbaker.ch\/wp-content\/uploads\/2024\/01\/sbc_treuhand_f-1.png\" alt=\"\" class=\"wp-image-74403\" style=\"width:310px;height:auto\"\/><\/figure>\n<\/div>\n\n\n\n<div class=\"wp-block-column\">\n<p><strong>BCS Fiduciaire SA<\/strong><br><em>Partenaire officiel de la BCS<\/em><br>Av. G\u00e9n\u00e9ral Guisan 42<br>1009 Pully<br>T\u00e9l. <a href=\"tel:0217217811\">021 721 78 11<\/a><br><a href=\"http:\/\/www.sbc-fiduciaire.ch\/\" target=\"_blank\" rel=\"noreferrer noopener\">www.sbc-fiduciaire.ch<\/a>&nbsp;<\/p>\n<\/div>\n<\/div>\n\n\n\n<div class=\"wp-block-columns\">\n<div class=\"wp-block-column\">\n<figure class=\"wp-block-image size-full is-resized\"><img decoding=\"async\" width=\"320\" height=\"140\" src=\"https:\/\/swissbaker.ch\/wp-content\/uploads\/2023\/03\/fischer_investas.gif\" alt=\"\" class=\"wp-image-57997\" style=\"width:282px;height:123px\"\/><\/figure>\n<\/div>\n\n\n\n<div class=\"wp-block-column\">\n<p><strong>v.FISCHER INVESTAS Holding AG<\/strong><br>3001 Bern<br><a href=\"https:\/\/www.vfischer.ch\/\" target=\"_blank\" rel=\"noreferrer noopener\">www.vfischer.ch<\/a><\/p>\n<\/div>\n<\/div>\n","protected":false},"excerpt":{"rendered":"<p>BCS Fiduciaire SAPartenaire officiel de la BCSAv. G\u00e9n\u00e9ral Guisan 421009 PullyT\u00e9l. 021 721 78 11www.sbc-fiduciaire.ch&nbsp; v.FISCHER INVESTAS Holding AG3001 Bernwww.vfischer.ch<\/p>\n","protected":false},"author":1,"featured_media":0,"parent":40314,"menu_order":0,"comment_status":"closed","ping_status":"closed","template":"","meta":{"_acf_changed":false,"footnotes":""},"class_list":["post-40507","page","type-page","status-publish","hentry"],"acf":[],"yoast_head":"<!-- This site is optimized with the Yoast SEO Premium plugin v26.8 (Yoast SEO v26.8) - https:\/\/yoast.com\/product\/yoast-seo-premium-wordpress\/ -->\n<title>Fiduciaire \/ Gestion de fortune | SBC<\/title>\n<meta name=\"robots\" content=\"index, follow, max-snippet:-1, max-image-preview:large, max-video-preview:-1\" \/>\n<link rel=\"canonical\" href=\"https:\/\/swissbaker.ch\/fr\/news-panissimo\/prestataires-et-fournisseurs\/fiduciaire\/\" \/>\n<meta property=\"og:locale\" content=\"fr_FR\" \/>\n<meta property=\"og:type\" content=\"article\" \/>\n<meta property=\"og:title\" content=\"Fiduciaire \/ Gestion de fortune\" \/>\n<meta property=\"og:description\" content=\"BCS Fiduciaire SAPartenaire officiel de la BCSAv. G\u00e9n\u00e9ral Guisan 421009 PullyT\u00e9l. 021 721 78 11www.sbc-fiduciaire.ch&nbsp; v.FISCHER INVESTAS Holding AG3001 Bernwww.vfischer.ch\" \/>\n<meta property=\"og:url\" content=\"https:\/\/swissbaker.ch\/fr\/news-panissimo\/prestataires-et-fournisseurs\/fiduciaire\/\" \/>\n<meta property=\"og:site_name\" content=\"SBC\" \/>\n<meta property=\"article:publisher\" content=\"https:\/\/www.facebook.com\/swissbaker.ch\" \/>\n<meta property=\"article:modified_time\" content=\"2024-08-30T08:34:53+00:00\" \/>\n<meta property=\"og:image\" content=\"https:\/\/swissbaker.ch\/wp-content\/uploads\/2024\/01\/sbc_treuhand_f-1.png\" \/>\n<meta name=\"twitter:card\" content=\"summary_large_image\" \/>\n<meta name=\"twitter:site\" content=\"@ch_swissbaker\" \/>\n<meta name=\"twitter:label1\" content=\"Est. reading time\" \/>\n\t<meta name=\"twitter:data1\" content=\"1 minute\" \/>\n<script type=\"application\/ld+json\" class=\"yoast-schema-graph\">{\"@context\":\"https:\/\/schema.org\",\"@graph\":[{\"@type\":\"WebPage\",\"@id\":\"https:\/\/swissbaker.ch\/fr\/news-panissimo\/prestataires-et-fournisseurs\/fiduciaire\/\",\"url\":\"https:\/\/swissbaker.ch\/fr\/news-panissimo\/prestataires-et-fournisseurs\/fiduciaire\/\",\"name\":\"Fiduciaire \/ Gestion de fortune | SBC\",\"isPartOf\":{\"@id\":\"https:\/\/swissbaker.ch\/fr\/#website\"},\"primaryImageOfPage\":{\"@id\":\"https:\/\/swissbaker.ch\/fr\/news-panissimo\/prestataires-et-fournisseurs\/fiduciaire\/#primaryimage\"},\"image\":{\"@id\":\"https:\/\/swissbaker.ch\/fr\/news-panissimo\/prestataires-et-fournisseurs\/fiduciaire\/#primaryimage\"},\"thumbnailUrl\":\"https:\/\/swissbaker.ch\/wp-content\/uploads\/2024\/01\/sbc_treuhand_f-1.png\",\"datePublished\":\"2022-06-28T09:43:10+00:00\",\"dateModified\":\"2024-08-30T08:34:53+00:00\",\"breadcrumb\":{\"@id\":\"https:\/\/swissbaker.ch\/fr\/news-panissimo\/prestataires-et-fournisseurs\/fiduciaire\/#breadcrumb\"},\"inLanguage\":\"fr-FR\",\"potentialAction\":[{\"@type\":\"ReadAction\",\"target\":[\"https:\/\/swissbaker.ch\/fr\/news-panissimo\/prestataires-et-fournisseurs\/fiduciaire\/\"]}]},{\"@type\":\"ImageObject\",\"inLanguage\":\"fr-FR\",\"@id\":\"https:\/\/swissbaker.ch\/fr\/news-panissimo\/prestataires-et-fournisseurs\/fiduciaire\/#primaryimage\",\"url\":\"https:\/\/swissbaker.ch\/wp-content\/uploads\/2024\/01\/sbc_treuhand_f-1.png\",\"contentUrl\":\"https:\/\/swissbaker.ch\/wp-content\/uploads\/2024\/01\/sbc_treuhand_f-1.png\"},{\"@type\":\"BreadcrumbList\",\"@id\":\"https:\/\/swissbaker.ch\/fr\/news-panissimo\/prestataires-et-fournisseurs\/fiduciaire\/#breadcrumb\",\"itemListElement\":[{\"@type\":\"ListItem\",\"position\":1,\"name\":\"\",\"item\":\"https:\/\/swissbaker.ch\/fr\/\"},{\"@type\":\"ListItem\",\"position\":2,\"name\":\"News Panissimo\",\"item\":\"https:\/\/swissbaker.ch\/fr\/news-panissimo\/\"},{\"@type\":\"ListItem\",\"position\":3,\"name\":\"Prestataires et fournisseurs\",\"item\":\"https:\/\/swissbaker.ch\/fr\/news-panissimo\/prestataires-et-fournisseurs\/\"},{\"@type\":\"ListItem\",\"position\":4,\"name\":\"Fiduciaire \/ Gestion de fortune\"}]},{\"@type\":\"WebSite\",\"@id\":\"https:\/\/swissbaker.ch\/fr\/#website\",\"url\":\"https:\/\/swissbaker.ch\/fr\/\",\"name\":\"SBC\",\"description\":\"\",\"publisher\":{\"@id\":\"https:\/\/swissbaker.ch\/fr\/#organization\"},\"potentialAction\":[{\"@type\":\"SearchAction\",\"target\":{\"@type\":\"EntryPoint\",\"urlTemplate\":\"https:\/\/swissbaker.ch\/fr\/?s={search_term_string}\"},\"query-input\":{\"@type\":\"PropertyValueSpecification\",\"valueRequired\":true,\"valueName\":\"search_term_string\"}}],\"inLanguage\":\"fr-FR\"},{\"@type\":\"Organization\",\"@id\":\"https:\/\/swissbaker.ch\/fr\/#organization\",\"name\":\"Schweizerischer B\u00e4cker-Confiseurmeister-Verband\",\"url\":\"https:\/\/swissbaker.ch\/fr\/\",\"logo\":{\"@type\":\"ImageObject\",\"inLanguage\":\"fr-FR\",\"@id\":\"https:\/\/swissbaker.ch\/fr\/#\/schema\/logo\/image\/\",\"url\":\"https:\/\/swissbaker.ch\/wp-content\/uploads\/2022\/04\/sbc-logo-yoast.jpg\",\"contentUrl\":\"https:\/\/swissbaker.ch\/wp-content\/uploads\/2022\/04\/sbc-logo-yoast.jpg\",\"width\":512,\"height\":512,\"caption\":\"Schweizerischer B\u00e4cker-Confiseurmeister-Verband\"},\"image\":{\"@id\":\"https:\/\/swissbaker.ch\/fr\/#\/schema\/logo\/image\/\"},\"sameAs\":[\"https:\/\/www.facebook.com\/swissbaker.ch\",\"https:\/\/x.com\/ch_swissbaker\"]}]}<\/script>\n<!-- \/ Yoast SEO Premium plugin. -->","yoast_head_json":{"title":"Fiduciaire \/ Gestion de fortune | SBC","robots":{"index":"index","follow":"follow","max-snippet":"max-snippet:-1","max-image-preview":"max-image-preview:large","max-video-preview":"max-video-preview:-1"},"canonical":"https:\/\/swissbaker.ch\/fr\/news-panissimo\/prestataires-et-fournisseurs\/fiduciaire\/","og_locale":"fr_FR","og_type":"article","og_title":"Fiduciaire \/ Gestion de fortune","og_description":"BCS Fiduciaire SAPartenaire officiel de la BCSAv. G\u00e9n\u00e9ral Guisan 421009 PullyT\u00e9l. 021 721 78 11www.sbc-fiduciaire.ch&nbsp; v.FISCHER INVESTAS Holding AG3001 Bernwww.vfischer.ch","og_url":"https:\/\/swissbaker.ch\/fr\/news-panissimo\/prestataires-et-fournisseurs\/fiduciaire\/","og_site_name":"SBC","article_publisher":"https:\/\/www.facebook.com\/swissbaker.ch","article_modified_time":"2024-08-30T08:34:53+00:00","og_image":[{"url":"https:\/\/swissbaker.ch\/wp-content\/uploads\/2024\/01\/sbc_treuhand_f-1.png","type":"","width":"","height":""}],"twitter_card":"summary_large_image","twitter_site":"@ch_swissbaker","twitter_misc":{"Est. reading time":"1 minute"},"schema":{"@context":"https:\/\/schema.org","@graph":[{"@type":"WebPage","@id":"https:\/\/swissbaker.ch\/fr\/news-panissimo\/prestataires-et-fournisseurs\/fiduciaire\/","url":"https:\/\/swissbaker.ch\/fr\/news-panissimo\/prestataires-et-fournisseurs\/fiduciaire\/","name":"Fiduciaire \/ Gestion de fortune | SBC","isPartOf":{"@id":"https:\/\/swissbaker.ch\/fr\/#website"},"primaryImageOfPage":{"@id":"https:\/\/swissbaker.ch\/fr\/news-panissimo\/prestataires-et-fournisseurs\/fiduciaire\/#primaryimage"},"image":{"@id":"https:\/\/swissbaker.ch\/fr\/news-panissimo\/prestataires-et-fournisseurs\/fiduciaire\/#primaryimage"},"thumbnailUrl":"https:\/\/swissbaker.ch\/wp-content\/uploads\/2024\/01\/sbc_treuhand_f-1.png","datePublished":"2022-06-28T09:43:10+00:00","dateModified":"2024-08-30T08:34:53+00:00","breadcrumb":{"@id":"https:\/\/swissbaker.ch\/fr\/news-panissimo\/prestataires-et-fournisseurs\/fiduciaire\/#breadcrumb"},"inLanguage":"fr-FR","potentialAction":[{"@type":"ReadAction","target":["https:\/\/swissbaker.ch\/fr\/news-panissimo\/prestataires-et-fournisseurs\/fiduciaire\/"]}]},{"@type":"ImageObject","inLanguage":"fr-FR","@id":"https:\/\/swissbaker.ch\/fr\/news-panissimo\/prestataires-et-fournisseurs\/fiduciaire\/#primaryimage","url":"https:\/\/swissbaker.ch\/wp-content\/uploads\/2024\/01\/sbc_treuhand_f-1.png","contentUrl":"https:\/\/swissbaker.ch\/wp-content\/uploads\/2024\/01\/sbc_treuhand_f-1.png"},{"@type":"BreadcrumbList","@id":"https:\/\/swissbaker.ch\/fr\/news-panissimo\/prestataires-et-fournisseurs\/fiduciaire\/#breadcrumb","itemListElement":[{"@type":"ListItem","position":1,"name":"","item":"https:\/\/swissbaker.ch\/fr\/"},{"@type":"ListItem","position":2,"name":"News Panissimo","item":"https:\/\/swissbaker.ch\/fr\/news-panissimo\/"},{"@type":"ListItem","position":3,"name":"Prestataires et fournisseurs","item":"https:\/\/swissbaker.ch\/fr\/news-panissimo\/prestataires-et-fournisseurs\/"},{"@type":"ListItem","position":4,"name":"Fiduciaire \/ Gestion de fortune"}]},{"@type":"WebSite","@id":"https:\/\/swissbaker.ch\/fr\/#website","url":"https:\/\/swissbaker.ch\/fr\/","name":"SBC","description":"","publisher":{"@id":"https:\/\/swissbaker.ch\/fr\/#organization"},"potentialAction":[{"@type":"SearchAction","target":{"@type":"EntryPoint","urlTemplate":"https:\/\/swissbaker.ch\/fr\/?s={search_term_string}"},"query-input":{"@type":"PropertyValueSpecification","valueRequired":true,"valueName":"search_term_string"}}],"inLanguage":"fr-FR"},{"@type":"Organization","@id":"https:\/\/swissbaker.ch\/fr\/#organization","name":"Schweizerischer B\u00e4cker-Confiseurmeister-Verband","url":"https:\/\/swissbaker.ch\/fr\/","logo":{"@type":"ImageObject","inLanguage":"fr-FR","@id":"https:\/\/swissbaker.ch\/fr\/#\/schema\/logo\/image\/","url":"https:\/\/swissbaker.ch\/wp-content\/uploads\/2022\/04\/sbc-logo-yoast.jpg","contentUrl":"https:\/\/swissbaker.ch\/wp-content\/uploads\/2022\/04\/sbc-logo-yoast.jpg","width":512,"height":512,"caption":"Schweizerischer B\u00e4cker-Confiseurmeister-Verband"},"image":{"@id":"https:\/\/swissbaker.ch\/fr\/#\/schema\/logo\/image\/"},"sameAs":["https:\/\/www.facebook.com\/swissbaker.ch","https:\/\/x.com\/ch_swissbaker"]}]}},"_links":{"self":[{"href":"https:\/\/swissbaker.ch\/fr\/wp-json\/wp\/v2\/pages\/40507","targetHints":{"allow":["GET"]}}],"collection":[{"href":"https:\/\/swissbaker.ch\/fr\/wp-json\/wp\/v2\/pages"}],"about":[{"href":"https:\/\/swissbaker.ch\/fr\/wp-json\/wp\/v2\/types\/page"}],"author":[{"embeddable":true,"href":"https:\/\/swissbaker.ch\/fr\/wp-json\/wp\/v2\/users\/1"}],"replies":[{"embeddable":true,"href":"https:\/\/swissbaker.ch\/fr\/wp-json\/wp\/v2\/comments?post=40507"}],"version-history":[{"count":0,"href":"https:\/\/swissbaker.ch\/fr\/wp-json\/wp\/v2\/pages\/40507\/revisions"}],"up":[{"embeddable":true,"href":"https:\/\/swissbaker.ch\/fr\/wp-json\/wp\/v2\/pages\/40314"}],"wp:attachment":[{"href":"https:\/\/swissbaker.ch\/fr\/wp-json\/wp\/v2\/media?parent=40507"}],"curies":[{"name":"wp","href":"https:\/\/api.w.org\/{rel}","templated":true}]}}