{"id":38427,"date":"2022-06-14T15:22:15","date_gmt":"2022-06-14T13:22:15","guid":{"rendered":"https:\/\/swissbaker.ch\/?page_id=38427"},"modified":"2024-11-29T08:53:02","modified_gmt":"2024-11-29T07:53:02","slug":"boulangerie-weinheim-2016","status":"publish","type":"page","link":"https:\/\/swissbaker.ch\/fr\/releve\/concours-professionnels\/concours-uibc\/boulangerie-weinheim-2016\/","title":{"rendered":"Boulangerie Weinheim 2016"},"content":{"rendered":"\n<p><strong><strong>Ramona Bolliger, de Gontenschwil (AG), a remport\u00e9 la m\u00e9daille d\u2019argent, et Jessica Burch de Wilen (OW), celle de bronze lors du 45<sup>e<\/sup>&nbsp;concours international des jeunes boulangers organis\u00e9 par l\u2019UIBC \u00e0 Weinheim (D), du 30 janvier au 3 f\u00e9vrier 2016.<\/strong><\/strong><\/p>\n\n\n\n<figure class=\"wp-block-image size-full\"><img decoding=\"async\" width=\"280\" height=\"193\" src=\"https:\/\/swissbaker.ch\/wp-content\/uploads\/2022\/06\/csm_weinheim_01c63efa7a.jpg\" alt=\"\" class=\"wp-image-38423\"\/><figcaption>Ramona Bolliger (\u00e0 gauche) et Jessica Burch (\u00e0 droite) avec le coach Urs R\u00f6thlin<\/figcaption><\/figure>\n\n\n\n<p>Lors de ce concours, chacun des douze candidats et candidates a dispos\u00e9 de cinq heures pour r\u00e9aliser des pains, des petits pains, des produits en p\u00e2te lev\u00e9e sucr\u00e9e, des sandwiches, des frivolit\u00e9s danoises ainsi qu\u2019une pi\u00e8ce artistique ou une tourte sur le th\u00e8me de la \u00abpatrie\u00bb. Ramona Bolliger, m\u00e9daill\u00e9e d\u2019argent, et Jessica Burch, m\u00e9daill\u00e9e de bronze, ont r\u00e9ussi d\u2019excellentes performances et fait honneur aux boulangeries-p\u00e2tisseries-confiseries artisanales suisses.<\/p>\n","protected":false},"excerpt":{"rendered":"<p>Ramona Bolliger, de Gontenschwil (AG), a remport\u00e9 la m\u00e9daille d\u2019argent, et Jessica Burch de Wilen (OW), celle de bronze lors du 45e&nbsp;concours international des jeunes boulangers organis\u00e9 par l\u2019UIBC \u00e0 Weinheim (D), du 30 janvier au 3 f\u00e9vrier 2016. Lors de ce concours, chacun des douze candidats et candidates a dispos\u00e9 de cinq heures pour r\u00e9aliser des pains, des petits [&hellip;]<\/p>\n","protected":false},"author":1,"featured_media":0,"parent":38342,"menu_order":0,"comment_status":"closed","ping_status":"closed","template":"","meta":{"_acf_changed":true,"footnotes":""},"class_list":["post-38427","page","type-page","status-publish","hentry"],"acf":[],"yoast_head":"<!-- This site is optimized with the Yoast SEO Premium plugin v26.8 (Yoast SEO v26.8) - https:\/\/yoast.com\/product\/yoast-seo-premium-wordpress\/ -->\n<title>Boulangerie Weinheim 2016 | SBC<\/title>\n<meta name=\"robots\" content=\"index, follow, max-snippet:-1, max-image-preview:large, max-video-preview:-1\" \/>\n<link rel=\"canonical\" href=\"https:\/\/swissbaker.ch\/fr\/releve\/concours-professionnels\/concours-uibc\/boulangerie-weinheim-2016\/\" \/>\n<meta property=\"og:locale\" content=\"fr_FR\" \/>\n<meta property=\"og:type\" content=\"article\" \/>\n<meta property=\"og:title\" content=\"Boulangerie Weinheim 2016\" \/>\n<meta property=\"og:description\" content=\"Ramona Bolliger, de Gontenschwil (AG), a remport\u00e9 la m\u00e9daille d\u2019argent, et Jessica Burch de Wilen (OW), celle de bronze lors du 45e&nbsp;concours international des jeunes boulangers organis\u00e9 par l\u2019UIBC \u00e0 Weinheim (D), du 30 janvier au 3 f\u00e9vrier 2016. Lors de ce concours, chacun des douze candidats et candidates a dispos\u00e9 de cinq heures pour r\u00e9aliser des pains, des petits [&hellip;]\" \/>\n<meta property=\"og:url\" content=\"https:\/\/swissbaker.ch\/fr\/releve\/concours-professionnels\/concours-uibc\/boulangerie-weinheim-2016\/\" \/>\n<meta property=\"og:site_name\" content=\"SBC\" \/>\n<meta property=\"article:publisher\" content=\"https:\/\/www.facebook.com\/swissbaker.ch\" \/>\n<meta property=\"article:modified_time\" content=\"2024-11-29T07:53:02+00:00\" \/>\n<meta property=\"og:image\" content=\"https:\/\/swissbaker.ch\/wp-content\/uploads\/2022\/06\/csm_weinheim_01c63efa7a.jpg\" \/>\n<meta name=\"twitter:card\" content=\"summary_large_image\" \/>\n<meta name=\"twitter:site\" content=\"@ch_swissbaker\" \/>\n<meta name=\"twitter:label1\" content=\"Est. reading time\" \/>\n\t<meta name=\"twitter:data1\" content=\"1 minute\" \/>\n<script type=\"application\/ld+json\" class=\"yoast-schema-graph\">{\"@context\":\"https:\/\/schema.org\",\"@graph\":[{\"@type\":\"WebPage\",\"@id\":\"https:\/\/swissbaker.ch\/fr\/releve\/concours-professionnels\/concours-uibc\/boulangerie-weinheim-2016\/\",\"url\":\"https:\/\/swissbaker.ch\/fr\/releve\/concours-professionnels\/concours-uibc\/boulangerie-weinheim-2016\/\",\"name\":\"Boulangerie Weinheim 2016 | SBC\",\"isPartOf\":{\"@id\":\"https:\/\/swissbaker.ch\/fr\/#website\"},\"primaryImageOfPage\":{\"@id\":\"https:\/\/swissbaker.ch\/fr\/releve\/concours-professionnels\/concours-uibc\/boulangerie-weinheim-2016\/#primaryimage\"},\"image\":{\"@id\":\"https:\/\/swissbaker.ch\/fr\/releve\/concours-professionnels\/concours-uibc\/boulangerie-weinheim-2016\/#primaryimage\"},\"thumbnailUrl\":\"https:\/\/swissbaker.ch\/wp-content\/uploads\/2022\/06\/csm_weinheim_01c63efa7a.jpg\",\"datePublished\":\"2022-06-14T13:22:15+00:00\",\"dateModified\":\"2024-11-29T07:53:02+00:00\",\"breadcrumb\":{\"@id\":\"https:\/\/swissbaker.ch\/fr\/releve\/concours-professionnels\/concours-uibc\/boulangerie-weinheim-2016\/#breadcrumb\"},\"inLanguage\":\"fr-FR\",\"potentialAction\":[{\"@type\":\"ReadAction\",\"target\":[\"https:\/\/swissbaker.ch\/fr\/releve\/concours-professionnels\/concours-uibc\/boulangerie-weinheim-2016\/\"]}]},{\"@type\":\"ImageObject\",\"inLanguage\":\"fr-FR\",\"@id\":\"https:\/\/swissbaker.ch\/fr\/releve\/concours-professionnels\/concours-uibc\/boulangerie-weinheim-2016\/#primaryimage\",\"url\":\"https:\/\/swissbaker.ch\/wp-content\/uploads\/2022\/06\/csm_weinheim_01c63efa7a.jpg\",\"contentUrl\":\"https:\/\/swissbaker.ch\/wp-content\/uploads\/2022\/06\/csm_weinheim_01c63efa7a.jpg\"},{\"@type\":\"BreadcrumbList\",\"@id\":\"https:\/\/swissbaker.ch\/fr\/releve\/concours-professionnels\/concours-uibc\/boulangerie-weinheim-2016\/#breadcrumb\",\"itemListElement\":[{\"@type\":\"ListItem\",\"position\":1,\"name\":\"\",\"item\":\"https:\/\/swissbaker.ch\/fr\/\"},{\"@type\":\"ListItem\",\"position\":2,\"name\":\"Rel\u00e8ve\",\"item\":\"https:\/\/swissbaker.ch\/fr\/releve\/\"},{\"@type\":\"ListItem\",\"position\":3,\"name\":\"Concours professionnels\",\"item\":\"https:\/\/swissbaker.ch\/fr\/releve\/concours-professionnels\/\"},{\"@type\":\"ListItem\",\"position\":4,\"name\":\"Concours UIBC\",\"item\":\"https:\/\/swissbaker.ch\/fr\/releve\/concours-professionnels\/concours-uibc\/\"},{\"@type\":\"ListItem\",\"position\":5,\"name\":\"Boulangerie Weinheim 2016\"}]},{\"@type\":\"WebSite\",\"@id\":\"https:\/\/swissbaker.ch\/fr\/#website\",\"url\":\"https:\/\/swissbaker.ch\/fr\/\",\"name\":\"SBC\",\"description\":\"\",\"publisher\":{\"@id\":\"https:\/\/swissbaker.ch\/fr\/#organization\"},\"potentialAction\":[{\"@type\":\"SearchAction\",\"target\":{\"@type\":\"EntryPoint\",\"urlTemplate\":\"https:\/\/swissbaker.ch\/fr\/?s={search_term_string}\"},\"query-input\":{\"@type\":\"PropertyValueSpecification\",\"valueRequired\":true,\"valueName\":\"search_term_string\"}}],\"inLanguage\":\"fr-FR\"},{\"@type\":\"Organization\",\"@id\":\"https:\/\/swissbaker.ch\/fr\/#organization\",\"name\":\"Schweizerischer B\u00e4cker-Confiseurmeister-Verband\",\"url\":\"https:\/\/swissbaker.ch\/fr\/\",\"logo\":{\"@type\":\"ImageObject\",\"inLanguage\":\"fr-FR\",\"@id\":\"https:\/\/swissbaker.ch\/fr\/#\/schema\/logo\/image\/\",\"url\":\"https:\/\/swissbaker.ch\/wp-content\/uploads\/2022\/04\/sbc-logo-yoast.jpg\",\"contentUrl\":\"https:\/\/swissbaker.ch\/wp-content\/uploads\/2022\/04\/sbc-logo-yoast.jpg\",\"width\":512,\"height\":512,\"caption\":\"Schweizerischer B\u00e4cker-Confiseurmeister-Verband\"},\"image\":{\"@id\":\"https:\/\/swissbaker.ch\/fr\/#\/schema\/logo\/image\/\"},\"sameAs\":[\"https:\/\/www.facebook.com\/swissbaker.ch\",\"https:\/\/x.com\/ch_swissbaker\"]}]}<\/script>\n<!-- \/ Yoast SEO Premium plugin. -->","yoast_head_json":{"title":"Boulangerie Weinheim 2016 | SBC","robots":{"index":"index","follow":"follow","max-snippet":"max-snippet:-1","max-image-preview":"max-image-preview:large","max-video-preview":"max-video-preview:-1"},"canonical":"https:\/\/swissbaker.ch\/fr\/releve\/concours-professionnels\/concours-uibc\/boulangerie-weinheim-2016\/","og_locale":"fr_FR","og_type":"article","og_title":"Boulangerie Weinheim 2016","og_description":"Ramona Bolliger, de Gontenschwil (AG), a remport\u00e9 la m\u00e9daille d\u2019argent, et Jessica Burch de Wilen (OW), celle de bronze lors du 45e&nbsp;concours international des jeunes boulangers organis\u00e9 par l\u2019UIBC \u00e0 Weinheim (D), du 30 janvier au 3 f\u00e9vrier 2016. Lors de ce concours, chacun des douze candidats et candidates a dispos\u00e9 de cinq heures pour r\u00e9aliser des pains, des petits [&hellip;]","og_url":"https:\/\/swissbaker.ch\/fr\/releve\/concours-professionnels\/concours-uibc\/boulangerie-weinheim-2016\/","og_site_name":"SBC","article_publisher":"https:\/\/www.facebook.com\/swissbaker.ch","article_modified_time":"2024-11-29T07:53:02+00:00","og_image":[{"url":"https:\/\/swissbaker.ch\/wp-content\/uploads\/2022\/06\/csm_weinheim_01c63efa7a.jpg","type":"","width":"","height":""}],"twitter_card":"summary_large_image","twitter_site":"@ch_swissbaker","twitter_misc":{"Est. reading time":"1 minute"},"schema":{"@context":"https:\/\/schema.org","@graph":[{"@type":"WebPage","@id":"https:\/\/swissbaker.ch\/fr\/releve\/concours-professionnels\/concours-uibc\/boulangerie-weinheim-2016\/","url":"https:\/\/swissbaker.ch\/fr\/releve\/concours-professionnels\/concours-uibc\/boulangerie-weinheim-2016\/","name":"Boulangerie Weinheim 2016 | SBC","isPartOf":{"@id":"https:\/\/swissbaker.ch\/fr\/#website"},"primaryImageOfPage":{"@id":"https:\/\/swissbaker.ch\/fr\/releve\/concours-professionnels\/concours-uibc\/boulangerie-weinheim-2016\/#primaryimage"},"image":{"@id":"https:\/\/swissbaker.ch\/fr\/releve\/concours-professionnels\/concours-uibc\/boulangerie-weinheim-2016\/#primaryimage"},"thumbnailUrl":"https:\/\/swissbaker.ch\/wp-content\/uploads\/2022\/06\/csm_weinheim_01c63efa7a.jpg","datePublished":"2022-06-14T13:22:15+00:00","dateModified":"2024-11-29T07:53:02+00:00","breadcrumb":{"@id":"https:\/\/swissbaker.ch\/fr\/releve\/concours-professionnels\/concours-uibc\/boulangerie-weinheim-2016\/#breadcrumb"},"inLanguage":"fr-FR","potentialAction":[{"@type":"ReadAction","target":["https:\/\/swissbaker.ch\/fr\/releve\/concours-professionnels\/concours-uibc\/boulangerie-weinheim-2016\/"]}]},{"@type":"ImageObject","inLanguage":"fr-FR","@id":"https:\/\/swissbaker.ch\/fr\/releve\/concours-professionnels\/concours-uibc\/boulangerie-weinheim-2016\/#primaryimage","url":"https:\/\/swissbaker.ch\/wp-content\/uploads\/2022\/06\/csm_weinheim_01c63efa7a.jpg","contentUrl":"https:\/\/swissbaker.ch\/wp-content\/uploads\/2022\/06\/csm_weinheim_01c63efa7a.jpg"},{"@type":"BreadcrumbList","@id":"https:\/\/swissbaker.ch\/fr\/releve\/concours-professionnels\/concours-uibc\/boulangerie-weinheim-2016\/#breadcrumb","itemListElement":[{"@type":"ListItem","position":1,"name":"","item":"https:\/\/swissbaker.ch\/fr\/"},{"@type":"ListItem","position":2,"name":"Rel\u00e8ve","item":"https:\/\/swissbaker.ch\/fr\/releve\/"},{"@type":"ListItem","position":3,"name":"Concours professionnels","item":"https:\/\/swissbaker.ch\/fr\/releve\/concours-professionnels\/"},{"@type":"ListItem","position":4,"name":"Concours UIBC","item":"https:\/\/swissbaker.ch\/fr\/releve\/concours-professionnels\/concours-uibc\/"},{"@type":"ListItem","position":5,"name":"Boulangerie Weinheim 2016"}]},{"@type":"WebSite","@id":"https:\/\/swissbaker.ch\/fr\/#website","url":"https:\/\/swissbaker.ch\/fr\/","name":"SBC","description":"","publisher":{"@id":"https:\/\/swissbaker.ch\/fr\/#organization"},"potentialAction":[{"@type":"SearchAction","target":{"@type":"EntryPoint","urlTemplate":"https:\/\/swissbaker.ch\/fr\/?s={search_term_string}"},"query-input":{"@type":"PropertyValueSpecification","valueRequired":true,"valueName":"search_term_string"}}],"inLanguage":"fr-FR"},{"@type":"Organization","@id":"https:\/\/swissbaker.ch\/fr\/#organization","name":"Schweizerischer B\u00e4cker-Confiseurmeister-Verband","url":"https:\/\/swissbaker.ch\/fr\/","logo":{"@type":"ImageObject","inLanguage":"fr-FR","@id":"https:\/\/swissbaker.ch\/fr\/#\/schema\/logo\/image\/","url":"https:\/\/swissbaker.ch\/wp-content\/uploads\/2022\/04\/sbc-logo-yoast.jpg","contentUrl":"https:\/\/swissbaker.ch\/wp-content\/uploads\/2022\/04\/sbc-logo-yoast.jpg","width":512,"height":512,"caption":"Schweizerischer B\u00e4cker-Confiseurmeister-Verband"},"image":{"@id":"https:\/\/swissbaker.ch\/fr\/#\/schema\/logo\/image\/"},"sameAs":["https:\/\/www.facebook.com\/swissbaker.ch","https:\/\/x.com\/ch_swissbaker"]}]}},"_links":{"self":[{"href":"https:\/\/swissbaker.ch\/fr\/wp-json\/wp\/v2\/pages\/38427","targetHints":{"allow":["GET"]}}],"collection":[{"href":"https:\/\/swissbaker.ch\/fr\/wp-json\/wp\/v2\/pages"}],"about":[{"href":"https:\/\/swissbaker.ch\/fr\/wp-json\/wp\/v2\/types\/page"}],"author":[{"embeddable":true,"href":"https:\/\/swissbaker.ch\/fr\/wp-json\/wp\/v2\/users\/1"}],"replies":[{"embeddable":true,"href":"https:\/\/swissbaker.ch\/fr\/wp-json\/wp\/v2\/comments?post=38427"}],"version-history":[{"count":0,"href":"https:\/\/swissbaker.ch\/fr\/wp-json\/wp\/v2\/pages\/38427\/revisions"}],"up":[{"embeddable":true,"href":"https:\/\/swissbaker.ch\/fr\/wp-json\/wp\/v2\/pages\/38342"}],"wp:attachment":[{"href":"https:\/\/swissbaker.ch\/fr\/wp-json\/wp\/v2\/media?parent=38427"}],"curies":[{"name":"wp","href":"https:\/\/api.w.org\/{rel}","templated":true}]}}