{"id":38082,"date":"2022-06-13T15:59:12","date_gmt":"2022-06-13T13:59:12","guid":{"rendered":"https:\/\/swissbaker.ch\/releve\/concours-professionnels\/worldskills\/abu-dhabi-2017\/"},"modified":"2024-05-03T15:01:37","modified_gmt":"2024-05-03T13:01:37","slug":"abu-dhabi-2017","status":"publish","type":"page","link":"https:\/\/swissbaker.ch\/fr\/releve\/concours-professionnels\/worldskills\/abu-dhabi-2017\/","title":{"rendered":"Abu Dhabi 2017"},"content":{"rendered":"\n<h2 class=\"wp-block-heading\" id=\"h-ramona-bolliger-remporte-la-medaille-d-or\">Ramona Bolliger remporte la medaille d&#8217;or<\/h2>\n\n\n\n<p><strong><strong>Ramona Bolliger<\/strong>&nbsp;(21 ans), de Gontenschwil (AG), a remport\u00e9 la&nbsp;<strong>m\u00e9daille d\u2019or<\/strong>&nbsp;en orientation boulangerie-p\u00e2tisserie lors des championnats du monde des m\u00e9tiers. Les WorldSkills Competitions se sont d\u00e9roul\u00e9s du 15 au 18 octobre 2017 \u00e0 Abu Dhabi (EAU).&nbsp;<strong>Uthaya Umaparan<\/strong>&nbsp;(21 ans), de Schangnau (BE), a obtenu un&nbsp;<strong>dipl\u00f4me WorldSkills<\/strong>&nbsp;en orientation p\u00e2tisserie-confiserie.<\/strong><\/p>\n\n\n\n<div class=\"wp-block-file\"><a id=\"wp-block-file--media-41311583-63dc-4d28-b935-441a1656929e\" href=\"https:\/\/swissbaker.ch\/wp-content\/uploads\/2022\/06\/communique_de_presse_worldskills_2017.pdf\">Communiqu\u00e9 de presse &#8230;\u00bb<\/a><\/div>\n\n\n\n<h2 class=\"wp-block-heading\" id=\"h-ruckblick-von-ramona-bolliger\">R\u00fcckblick von Ramona Bolliger<\/h2>\n\n\n\n<figure class=\"wp-block-embed is-type-video is-provider-youtube wp-block-embed-youtube wp-embed-aspect-16-9 wp-has-aspect-ratio\"><div class=\"wp-block-embed__wrapper\">\n<iframe title=\"Ramona Bolliger, R\u00fcckblick auf die WorldSkills in Abu Dhabi 2017\" width=\"800\" height=\"450\" src=\"https:\/\/www.youtube.com\/embed\/3aJWiprRNE4?feature=oembed\" frameborder=\"0\" allow=\"accelerometer; autoplay; clipboard-write; encrypted-media; gyroscope; picture-in-picture\" allowfullscreen><\/iframe>\n<\/div><\/figure>\n\n\n\n<figure class=\"wp-block-embed is-type-video is-provider-youtube wp-block-embed-youtube wp-embed-aspect-16-9 wp-has-aspect-ratio\"><div class=\"wp-block-embed__wrapper\">\n<iframe title=\"Uthaya Umaparan, R\u00fcckblick auf die WorldSkills in Abu Dhabi 2017\" width=\"800\" height=\"450\" src=\"https:\/\/www.youtube.com\/embed\/xu7fi2y7V8c?feature=oembed\" frameborder=\"0\" allow=\"accelerometer; autoplay; clipboard-write; encrypted-media; gyroscope; picture-in-picture\" allowfullscreen><\/iframe>\n<\/div><\/figure>\n","protected":false},"excerpt":{"rendered":"<p>Ramona Bolliger remporte la medaille d&#8217;or Ramona Bolliger&nbsp;(21 ans), de Gontenschwil (AG), a remport\u00e9 la&nbsp;m\u00e9daille d\u2019or&nbsp;en orientation boulangerie-p\u00e2tisserie lors des championnats du monde des m\u00e9tiers. Les WorldSkills Competitions se sont d\u00e9roul\u00e9s du 15 au 18 octobre 2017 \u00e0 Abu Dhabi (EAU).&nbsp;Uthaya Umaparan&nbsp;(21 ans), de Schangnau (BE), a obtenu un&nbsp;dipl\u00f4me WorldSkills&nbsp;en orientation p\u00e2tisserie-confiserie. R\u00fcckblick von Ramona Bolliger<\/p>\n","protected":false},"author":1,"featured_media":0,"parent":38010,"menu_order":0,"comment_status":"closed","ping_status":"closed","template":"","meta":{"_acf_changed":false,"footnotes":""},"class_list":["post-38082","page","type-page","status-publish","hentry"],"acf":[],"yoast_head":"<!-- This site is optimized with the Yoast SEO Premium plugin v26.8 (Yoast SEO v26.8) - https:\/\/yoast.com\/product\/yoast-seo-premium-wordpress\/ -->\n<title>Abu Dhabi 2017 | SBC<\/title>\n<meta name=\"robots\" content=\"index, follow, max-snippet:-1, max-image-preview:large, max-video-preview:-1\" \/>\n<link rel=\"canonical\" href=\"https:\/\/swissbaker.ch\/fr\/releve\/concours-professionnels\/worldskills\/abu-dhabi-2017\/\" \/>\n<meta property=\"og:locale\" content=\"fr_FR\" \/>\n<meta property=\"og:type\" content=\"article\" \/>\n<meta property=\"og:title\" content=\"Abu Dhabi 2017\" \/>\n<meta property=\"og:description\" content=\"Ramona Bolliger remporte la medaille d&#8217;or Ramona Bolliger&nbsp;(21 ans), de Gontenschwil (AG), a remport\u00e9 la&nbsp;m\u00e9daille d\u2019or&nbsp;en orientation boulangerie-p\u00e2tisserie lors des championnats du monde des m\u00e9tiers. Les WorldSkills Competitions se sont d\u00e9roul\u00e9s du 15 au 18 octobre 2017 \u00e0 Abu Dhabi (EAU).&nbsp;Uthaya Umaparan&nbsp;(21 ans), de Schangnau (BE), a obtenu un&nbsp;dipl\u00f4me WorldSkills&nbsp;en orientation p\u00e2tisserie-confiserie. R\u00fcckblick von Ramona Bolliger\" \/>\n<meta property=\"og:url\" content=\"https:\/\/swissbaker.ch\/fr\/releve\/concours-professionnels\/worldskills\/abu-dhabi-2017\/\" \/>\n<meta property=\"og:site_name\" content=\"SBC\" \/>\n<meta property=\"article:publisher\" content=\"https:\/\/www.facebook.com\/swissbaker.ch\" \/>\n<meta property=\"article:modified_time\" content=\"2024-05-03T13:01:37+00:00\" \/>\n<meta property=\"og:image\" content=\"https:\/\/swissbaker.ch\/wp-content\/uploads\/2022\/04\/sbc-logo-yoast.jpg\" \/>\n\t<meta property=\"og:image:width\" content=\"512\" \/>\n\t<meta property=\"og:image:height\" content=\"512\" \/>\n\t<meta property=\"og:image:type\" content=\"image\/jpeg\" \/>\n<meta name=\"twitter:card\" content=\"summary_large_image\" \/>\n<meta name=\"twitter:site\" content=\"@ch_swissbaker\" \/>\n<meta name=\"twitter:label1\" content=\"Est. reading time\" \/>\n\t<meta name=\"twitter:data1\" content=\"1 minute\" \/>\n<script type=\"application\/ld+json\" class=\"yoast-schema-graph\">{\"@context\":\"https:\/\/schema.org\",\"@graph\":[{\"@type\":\"WebPage\",\"@id\":\"https:\/\/swissbaker.ch\/fr\/releve\/concours-professionnels\/worldskills\/abu-dhabi-2017\/\",\"url\":\"https:\/\/swissbaker.ch\/fr\/releve\/concours-professionnels\/worldskills\/abu-dhabi-2017\/\",\"name\":\"Abu Dhabi 2017 | SBC\",\"isPartOf\":{\"@id\":\"https:\/\/swissbaker.ch\/fr\/#website\"},\"datePublished\":\"2022-06-13T13:59:12+00:00\",\"dateModified\":\"2024-05-03T13:01:37+00:00\",\"breadcrumb\":{\"@id\":\"https:\/\/swissbaker.ch\/fr\/releve\/concours-professionnels\/worldskills\/abu-dhabi-2017\/#breadcrumb\"},\"inLanguage\":\"fr-FR\",\"potentialAction\":[{\"@type\":\"ReadAction\",\"target\":[\"https:\/\/swissbaker.ch\/fr\/releve\/concours-professionnels\/worldskills\/abu-dhabi-2017\/\"]}]},{\"@type\":\"BreadcrumbList\",\"@id\":\"https:\/\/swissbaker.ch\/fr\/releve\/concours-professionnels\/worldskills\/abu-dhabi-2017\/#breadcrumb\",\"itemListElement\":[{\"@type\":\"ListItem\",\"position\":1,\"name\":\"\",\"item\":\"https:\/\/swissbaker.ch\/fr\/\"},{\"@type\":\"ListItem\",\"position\":2,\"name\":\"Rel\u00e8ve\",\"item\":\"https:\/\/swissbaker.ch\/fr\/releve\/\"},{\"@type\":\"ListItem\",\"position\":3,\"name\":\"Concours professionnels\",\"item\":\"https:\/\/swissbaker.ch\/fr\/releve\/concours-professionnels\/\"},{\"@type\":\"ListItem\",\"position\":4,\"name\":\"WorldSkills\",\"item\":\"https:\/\/swissbaker.ch\/fr\/releve\/concours-professionnels\/worldskills\/\"},{\"@type\":\"ListItem\",\"position\":5,\"name\":\"Abu Dhabi 2017\"}]},{\"@type\":\"WebSite\",\"@id\":\"https:\/\/swissbaker.ch\/fr\/#website\",\"url\":\"https:\/\/swissbaker.ch\/fr\/\",\"name\":\"SBC\",\"description\":\"\",\"publisher\":{\"@id\":\"https:\/\/swissbaker.ch\/fr\/#organization\"},\"potentialAction\":[{\"@type\":\"SearchAction\",\"target\":{\"@type\":\"EntryPoint\",\"urlTemplate\":\"https:\/\/swissbaker.ch\/fr\/?s={search_term_string}\"},\"query-input\":{\"@type\":\"PropertyValueSpecification\",\"valueRequired\":true,\"valueName\":\"search_term_string\"}}],\"inLanguage\":\"fr-FR\"},{\"@type\":\"Organization\",\"@id\":\"https:\/\/swissbaker.ch\/fr\/#organization\",\"name\":\"Schweizerischer B\u00e4cker-Confiseurmeister-Verband\",\"url\":\"https:\/\/swissbaker.ch\/fr\/\",\"logo\":{\"@type\":\"ImageObject\",\"inLanguage\":\"fr-FR\",\"@id\":\"https:\/\/swissbaker.ch\/fr\/#\/schema\/logo\/image\/\",\"url\":\"https:\/\/swissbaker.ch\/wp-content\/uploads\/2022\/04\/sbc-logo-yoast.jpg\",\"contentUrl\":\"https:\/\/swissbaker.ch\/wp-content\/uploads\/2022\/04\/sbc-logo-yoast.jpg\",\"width\":512,\"height\":512,\"caption\":\"Schweizerischer B\u00e4cker-Confiseurmeister-Verband\"},\"image\":{\"@id\":\"https:\/\/swissbaker.ch\/fr\/#\/schema\/logo\/image\/\"},\"sameAs\":[\"https:\/\/www.facebook.com\/swissbaker.ch\",\"https:\/\/x.com\/ch_swissbaker\"]}]}<\/script>\n<!-- \/ Yoast SEO Premium plugin. -->","yoast_head_json":{"title":"Abu Dhabi 2017 | SBC","robots":{"index":"index","follow":"follow","max-snippet":"max-snippet:-1","max-image-preview":"max-image-preview:large","max-video-preview":"max-video-preview:-1"},"canonical":"https:\/\/swissbaker.ch\/fr\/releve\/concours-professionnels\/worldskills\/abu-dhabi-2017\/","og_locale":"fr_FR","og_type":"article","og_title":"Abu Dhabi 2017","og_description":"Ramona Bolliger remporte la medaille d&#8217;or Ramona Bolliger&nbsp;(21 ans), de Gontenschwil (AG), a remport\u00e9 la&nbsp;m\u00e9daille d\u2019or&nbsp;en orientation boulangerie-p\u00e2tisserie lors des championnats du monde des m\u00e9tiers. Les WorldSkills Competitions se sont d\u00e9roul\u00e9s du 15 au 18 octobre 2017 \u00e0 Abu Dhabi (EAU).&nbsp;Uthaya Umaparan&nbsp;(21 ans), de Schangnau (BE), a obtenu un&nbsp;dipl\u00f4me WorldSkills&nbsp;en orientation p\u00e2tisserie-confiserie. R\u00fcckblick von Ramona Bolliger","og_url":"https:\/\/swissbaker.ch\/fr\/releve\/concours-professionnels\/worldskills\/abu-dhabi-2017\/","og_site_name":"SBC","article_publisher":"https:\/\/www.facebook.com\/swissbaker.ch","article_modified_time":"2024-05-03T13:01:37+00:00","og_image":[{"width":512,"height":512,"url":"https:\/\/swissbaker.ch\/wp-content\/uploads\/2022\/04\/sbc-logo-yoast.jpg","type":"image\/jpeg"}],"twitter_card":"summary_large_image","twitter_site":"@ch_swissbaker","twitter_misc":{"Est. reading time":"1 minute"},"schema":{"@context":"https:\/\/schema.org","@graph":[{"@type":"WebPage","@id":"https:\/\/swissbaker.ch\/fr\/releve\/concours-professionnels\/worldskills\/abu-dhabi-2017\/","url":"https:\/\/swissbaker.ch\/fr\/releve\/concours-professionnels\/worldskills\/abu-dhabi-2017\/","name":"Abu Dhabi 2017 | SBC","isPartOf":{"@id":"https:\/\/swissbaker.ch\/fr\/#website"},"datePublished":"2022-06-13T13:59:12+00:00","dateModified":"2024-05-03T13:01:37+00:00","breadcrumb":{"@id":"https:\/\/swissbaker.ch\/fr\/releve\/concours-professionnels\/worldskills\/abu-dhabi-2017\/#breadcrumb"},"inLanguage":"fr-FR","potentialAction":[{"@type":"ReadAction","target":["https:\/\/swissbaker.ch\/fr\/releve\/concours-professionnels\/worldskills\/abu-dhabi-2017\/"]}]},{"@type":"BreadcrumbList","@id":"https:\/\/swissbaker.ch\/fr\/releve\/concours-professionnels\/worldskills\/abu-dhabi-2017\/#breadcrumb","itemListElement":[{"@type":"ListItem","position":1,"name":"","item":"https:\/\/swissbaker.ch\/fr\/"},{"@type":"ListItem","position":2,"name":"Rel\u00e8ve","item":"https:\/\/swissbaker.ch\/fr\/releve\/"},{"@type":"ListItem","position":3,"name":"Concours professionnels","item":"https:\/\/swissbaker.ch\/fr\/releve\/concours-professionnels\/"},{"@type":"ListItem","position":4,"name":"WorldSkills","item":"https:\/\/swissbaker.ch\/fr\/releve\/concours-professionnels\/worldskills\/"},{"@type":"ListItem","position":5,"name":"Abu Dhabi 2017"}]},{"@type":"WebSite","@id":"https:\/\/swissbaker.ch\/fr\/#website","url":"https:\/\/swissbaker.ch\/fr\/","name":"SBC","description":"","publisher":{"@id":"https:\/\/swissbaker.ch\/fr\/#organization"},"potentialAction":[{"@type":"SearchAction","target":{"@type":"EntryPoint","urlTemplate":"https:\/\/swissbaker.ch\/fr\/?s={search_term_string}"},"query-input":{"@type":"PropertyValueSpecification","valueRequired":true,"valueName":"search_term_string"}}],"inLanguage":"fr-FR"},{"@type":"Organization","@id":"https:\/\/swissbaker.ch\/fr\/#organization","name":"Schweizerischer B\u00e4cker-Confiseurmeister-Verband","url":"https:\/\/swissbaker.ch\/fr\/","logo":{"@type":"ImageObject","inLanguage":"fr-FR","@id":"https:\/\/swissbaker.ch\/fr\/#\/schema\/logo\/image\/","url":"https:\/\/swissbaker.ch\/wp-content\/uploads\/2022\/04\/sbc-logo-yoast.jpg","contentUrl":"https:\/\/swissbaker.ch\/wp-content\/uploads\/2022\/04\/sbc-logo-yoast.jpg","width":512,"height":512,"caption":"Schweizerischer B\u00e4cker-Confiseurmeister-Verband"},"image":{"@id":"https:\/\/swissbaker.ch\/fr\/#\/schema\/logo\/image\/"},"sameAs":["https:\/\/www.facebook.com\/swissbaker.ch","https:\/\/x.com\/ch_swissbaker"]}]}},"_links":{"self":[{"href":"https:\/\/swissbaker.ch\/fr\/wp-json\/wp\/v2\/pages\/38082","targetHints":{"allow":["GET"]}}],"collection":[{"href":"https:\/\/swissbaker.ch\/fr\/wp-json\/wp\/v2\/pages"}],"about":[{"href":"https:\/\/swissbaker.ch\/fr\/wp-json\/wp\/v2\/types\/page"}],"author":[{"embeddable":true,"href":"https:\/\/swissbaker.ch\/fr\/wp-json\/wp\/v2\/users\/1"}],"replies":[{"embeddable":true,"href":"https:\/\/swissbaker.ch\/fr\/wp-json\/wp\/v2\/comments?post=38082"}],"version-history":[{"count":0,"href":"https:\/\/swissbaker.ch\/fr\/wp-json\/wp\/v2\/pages\/38082\/revisions"}],"up":[{"embeddable":true,"href":"https:\/\/swissbaker.ch\/fr\/wp-json\/wp\/v2\/pages\/38010"}],"wp:attachment":[{"href":"https:\/\/swissbaker.ch\/fr\/wp-json\/wp\/v2\/media?parent=38082"}],"curies":[{"name":"wp","href":"https:\/\/api.w.org\/{rel}","templated":true}]}}