{"id":37754,"date":"2022-06-10T16:48:00","date_gmt":"2022-06-10T14:48:00","guid":{"rendered":"https:\/\/swissbaker.ch\/?page_id=37754"},"modified":"2024-05-23T08:40:43","modified_gmt":"2024-05-23T06:40:43","slug":"sponsors-de-linfrastructure","status":"publish","type":"page","link":"https:\/\/swissbaker.ch\/fr\/releve\/club-des-sponsors\/sponsors-de-linfrastructure\/","title":{"rendered":"Sponsors de l&#8217;infrastructure"},"content":{"rendered":"\n<div class=\"wp-block-columns\">\n<div class=\"wp-block-column\">\n<figure class=\"wp-block-image size-full\"><img decoding=\"async\" width=\"280\" height=\"123\" src=\"https:\/\/swissbaker.ch\/wp-content\/uploads\/2022\/06\/csm_kreativ_kaelte_451f5483eb.png\" alt=\"\" class=\"wp-image-37740\"\/><\/figure>\n<\/div>\n\n\n\n<div class=\"wp-block-column\">\n<p><br>Creativ-K\u00e4lte GmbH<br>6312 Steinhausen<br><a href=\"http:\/\/www.creativ-kaelte.ch\/\" target=\"_blank\" rel=\"noreferrer noopener\">www.creativ-kaelte.ch<\/a><\/p>\n<\/div>\n<\/div>\n\n\n\n<div class=\"wp-block-columns\">\n<div class=\"wp-block-column\">\n<figure class=\"wp-block-image size-full\"><img decoding=\"async\" width=\"280\" height=\"123\" src=\"https:\/\/swissbaker.ch\/wp-content\/uploads\/2022\/06\/csm_lcm_schokolademaschinen_408c909367.png\" alt=\"\" class=\"wp-image-37742\"\/><\/figure>\n<\/div>\n\n\n\n<div class=\"wp-block-column\">\n<p><strong><br>LCM Schokoladenmaschinen GmbH<\/strong><br>D-88287 Gr\u00fcnkraut-Gullen<br><a href=\"https:\/\/www.lcm.de\/\" target=\"_blank\" rel=\"noreferrer noopener\">www.lcm.de<\/a><\/p>\n<\/div>\n<\/div>\n\n\n\n<div class=\"wp-block-columns\">\n<div class=\"wp-block-column\">\n<figure class=\"wp-block-image size-full\"><img decoding=\"async\" width=\"280\" height=\"123\" src=\"https:\/\/swissbaker.ch\/wp-content\/uploads\/2022\/06\/csm_miwe_2b519bec5c.png\" alt=\"\" class=\"wp-image-37744\"\/><\/figure>\n<\/div>\n\n\n\n<div class=\"wp-block-column\">\n<p><strong>MIWE B\u00e4ckereitechnik AG<\/strong><br>9212 Arnegg<br><a href=\"http:\/\/www.miwe.ch\/\" target=\"_blank\" rel=\"noreferrer noopener\">www.miwe.ch<\/a><\/p>\n<\/div>\n<\/div>\n\n\n\n<div class=\"wp-block-columns\">\n<div class=\"wp-block-column\">\n<figure class=\"wp-block-image size-full\"><img decoding=\"async\" src=\"https:\/\/swissbaker.ch\/wp-content\/uploads\/2022\/06\/rondo-1.png\" alt=\"\" class=\"wp-image-37746\"\/><\/figure>\n<\/div>\n\n\n\n<div class=\"wp-block-column\">\n<p><strong>RONDO Burdorf AG<\/strong><br>3400 Burgdorf<br><a href=\"http:\/\/www.rondo-online.com\/\" target=\"_blank\" rel=\"noreferrer noopener\">www.rondo-online.com<\/a><\/p>\n<\/div>\n<\/div>\n\n\n\n<div class=\"wp-block-columns\">\n<div class=\"wp-block-column\">\n<figure class=\"wp-block-image size-full\"><img decoding=\"async\" width=\"280\" height=\"123\" src=\"https:\/\/swissbaker.ch\/wp-content\/uploads\/2022\/06\/csm_wieland_boku_d3a54044f3.png\" alt=\"\" class=\"wp-image-37748\"\/><\/figure>\n<\/div>\n\n\n\n<div class=\"wp-block-column\">\n<p><strong><br>Wieland Boku AG<\/strong><br>3671 Brenzikofen BE<br><a href=\"https:\/\/wieland-boku.ch\/\" target=\"_blank\" rel=\"noreferrer noopener\">www.wieland-boku.ch<\/a><\/p>\n<\/div>\n<\/div>\n\n\n\n<div class=\"wp-block-columns\">\n<div class=\"wp-block-column\">\n<figure class=\"wp-block-image size-full\"><img decoding=\"async\" width=\"280\" height=\"123\" src=\"https:\/\/swissbaker.ch\/wp-content\/uploads\/2022\/06\/csm_winterhalter_b4a0ed1eff.png\" alt=\"\" class=\"wp-image-37750\"\/><\/figure>\n<\/div>\n\n\n\n<div class=\"wp-block-column\">\n<p><strong><br>Winterhalter Gastronom AG<\/strong><br>9464 R\u00fcthi<br><a href=\"http:\/\/www.winterhalter.ch\/\" target=\"_blank\" rel=\"noreferrer noopener\">www.winterhalter.ch<\/a><\/p>\n<\/div>\n<\/div>\n\n\n\n<div class=\"wp-block-columns\">\n<div class=\"wp-block-column\">\n<figure class=\"wp-block-image size-full is-resized\"><img decoding=\"async\" width=\"280\" height=\"123\" src=\"https:\/\/swissbaker.ch\/wp-content\/uploads\/2022\/06\/csm_workfasion_162e79c32d.png\" alt=\"\" class=\"wp-image-37731\" style=\"width:262px;height:auto\"\/><\/figure>\n<\/div>\n\n\n\n<div class=\"wp-block-column\">\n<p><strong>workfashion.com AG<\/strong><br>6332 Hagendorn<br><a href=\"https:\/\/workfashion.com\" target=\"_blank\" rel=\"noreferrer noopener\">workfashion.com<\/a><\/p>\n<\/div>\n<\/div>\n\n\n\n<div class=\"wp-block-columns\">\n<div class=\"wp-block-column\">\n<figure class=\"wp-block-image size-full\"><img decoding=\"async\" width=\"280\" height=\"123\" src=\"https:\/\/swissbaker.ch\/wp-content\/uploads\/2022\/06\/csm_wuest_80d6a8585f.png\" alt=\"\" class=\"wp-image-37752\"\/><\/figure>\n<\/div>\n\n\n\n<div class=\"wp-block-column\">\n<p><strong>Wuest B\u00e4ckerei- und Gastrobedarf<\/strong><br>9462 Montlingen<br><a href=\"http:\/\/www.gwuest.ch\/\" target=\"_blank\" rel=\"noreferrer noopener\">www.gwuest.ch<\/a><\/p>\n<\/div>\n<\/div>\n","protected":false},"excerpt":{"rendered":"<p>Creativ-K\u00e4lte GmbH6312 Steinhausenwww.creativ-kaelte.ch LCM Schokoladenmaschinen GmbHD-88287 Gr\u00fcnkraut-Gullenwww.lcm.de MIWE B\u00e4ckereitechnik AG9212 Arneggwww.miwe.ch RONDO Burdorf AG3400 Burgdorfwww.rondo-online.com Wieland Boku AG3671 Brenzikofen BEwww.wieland-boku.ch Winterhalter Gastronom AG9464 R\u00fcthiwww.winterhalter.ch workfashion.com AG6332 Hagendornworkfashion.com Wuest B\u00e4ckerei- und Gastrobedarf9462 Montlingenwww.gwuest.ch<\/p>\n","protected":false},"author":1,"featured_media":0,"parent":32470,"menu_order":0,"comment_status":"closed","ping_status":"closed","template":"","meta":{"_acf_changed":false,"footnotes":""},"class_list":["post-37754","page","type-page","status-publish","hentry"],"acf":[],"yoast_head":"<!-- This site is optimized with the Yoast SEO Premium plugin v26.8 (Yoast SEO v26.8) - https:\/\/yoast.com\/product\/yoast-seo-premium-wordpress\/ -->\n<title>Sponsors de l&#039;infrastructure | SBC<\/title>\n<meta name=\"robots\" content=\"index, follow, max-snippet:-1, max-image-preview:large, max-video-preview:-1\" \/>\n<link rel=\"canonical\" href=\"https:\/\/swissbaker.ch\/fr\/releve\/club-des-sponsors\/sponsors-de-linfrastructure\/\" \/>\n<meta property=\"og:locale\" content=\"fr_FR\" \/>\n<meta property=\"og:type\" content=\"article\" \/>\n<meta property=\"og:title\" content=\"Sponsors de l&#039;infrastructure\" \/>\n<meta property=\"og:description\" content=\"Creativ-K\u00e4lte GmbH6312 Steinhausenwww.creativ-kaelte.ch LCM Schokoladenmaschinen GmbHD-88287 Gr\u00fcnkraut-Gullenwww.lcm.de MIWE B\u00e4ckereitechnik AG9212 Arneggwww.miwe.ch RONDO Burdorf AG3400 Burgdorfwww.rondo-online.com Wieland Boku AG3671 Brenzikofen BEwww.wieland-boku.ch Winterhalter Gastronom AG9464 R\u00fcthiwww.winterhalter.ch workfashion.com AG6332 Hagendornworkfashion.com Wuest B\u00e4ckerei- und Gastrobedarf9462 Montlingenwww.gwuest.ch\" \/>\n<meta property=\"og:url\" content=\"https:\/\/swissbaker.ch\/fr\/releve\/club-des-sponsors\/sponsors-de-linfrastructure\/\" \/>\n<meta property=\"og:site_name\" content=\"SBC\" \/>\n<meta property=\"article:publisher\" content=\"https:\/\/www.facebook.com\/swissbaker.ch\" \/>\n<meta property=\"article:modified_time\" content=\"2024-05-23T06:40:43+00:00\" \/>\n<meta property=\"og:image\" content=\"https:\/\/swissbaker.ch\/wp-content\/uploads\/2022\/06\/csm_kreativ_kaelte_451f5483eb.png\" \/>\n<meta name=\"twitter:card\" content=\"summary_large_image\" \/>\n<meta name=\"twitter:site\" content=\"@ch_swissbaker\" \/>\n<meta name=\"twitter:label1\" content=\"Est. reading time\" \/>\n\t<meta name=\"twitter:data1\" content=\"2 minutes\" \/>\n<script type=\"application\/ld+json\" class=\"yoast-schema-graph\">{\"@context\":\"https:\/\/schema.org\",\"@graph\":[{\"@type\":\"WebPage\",\"@id\":\"https:\/\/swissbaker.ch\/fr\/releve\/club-des-sponsors\/sponsors-de-linfrastructure\/\",\"url\":\"https:\/\/swissbaker.ch\/fr\/releve\/club-des-sponsors\/sponsors-de-linfrastructure\/\",\"name\":\"Sponsors de l'infrastructure | SBC\",\"isPartOf\":{\"@id\":\"https:\/\/swissbaker.ch\/fr\/#website\"},\"primaryImageOfPage\":{\"@id\":\"https:\/\/swissbaker.ch\/fr\/releve\/club-des-sponsors\/sponsors-de-linfrastructure\/#primaryimage\"},\"image\":{\"@id\":\"https:\/\/swissbaker.ch\/fr\/releve\/club-des-sponsors\/sponsors-de-linfrastructure\/#primaryimage\"},\"thumbnailUrl\":\"https:\/\/swissbaker.ch\/wp-content\/uploads\/2022\/06\/csm_kreativ_kaelte_451f5483eb.png\",\"datePublished\":\"2022-06-10T14:48:00+00:00\",\"dateModified\":\"2024-05-23T06:40:43+00:00\",\"breadcrumb\":{\"@id\":\"https:\/\/swissbaker.ch\/fr\/releve\/club-des-sponsors\/sponsors-de-linfrastructure\/#breadcrumb\"},\"inLanguage\":\"fr-FR\",\"potentialAction\":[{\"@type\":\"ReadAction\",\"target\":[\"https:\/\/swissbaker.ch\/fr\/releve\/club-des-sponsors\/sponsors-de-linfrastructure\/\"]}]},{\"@type\":\"ImageObject\",\"inLanguage\":\"fr-FR\",\"@id\":\"https:\/\/swissbaker.ch\/fr\/releve\/club-des-sponsors\/sponsors-de-linfrastructure\/#primaryimage\",\"url\":\"https:\/\/swissbaker.ch\/wp-content\/uploads\/2022\/06\/csm_kreativ_kaelte_451f5483eb.png\",\"contentUrl\":\"https:\/\/swissbaker.ch\/wp-content\/uploads\/2022\/06\/csm_kreativ_kaelte_451f5483eb.png\"},{\"@type\":\"BreadcrumbList\",\"@id\":\"https:\/\/swissbaker.ch\/fr\/releve\/club-des-sponsors\/sponsors-de-linfrastructure\/#breadcrumb\",\"itemListElement\":[{\"@type\":\"ListItem\",\"position\":1,\"name\":\"\",\"item\":\"https:\/\/swissbaker.ch\/fr\/\"},{\"@type\":\"ListItem\",\"position\":2,\"name\":\"Rel\u00e8ve\",\"item\":\"https:\/\/swissbaker.ch\/fr\/releve\/\"},{\"@type\":\"ListItem\",\"position\":3,\"name\":\"Club des sponsors\",\"item\":\"https:\/\/swissbaker.ch\/fr\/releve\/club-des-sponsors\/\"},{\"@type\":\"ListItem\",\"position\":4,\"name\":\"Sponsors de l&#8217;infrastructure\"}]},{\"@type\":\"WebSite\",\"@id\":\"https:\/\/swissbaker.ch\/fr\/#website\",\"url\":\"https:\/\/swissbaker.ch\/fr\/\",\"name\":\"SBC\",\"description\":\"\",\"publisher\":{\"@id\":\"https:\/\/swissbaker.ch\/fr\/#organization\"},\"potentialAction\":[{\"@type\":\"SearchAction\",\"target\":{\"@type\":\"EntryPoint\",\"urlTemplate\":\"https:\/\/swissbaker.ch\/fr\/?s={search_term_string}\"},\"query-input\":{\"@type\":\"PropertyValueSpecification\",\"valueRequired\":true,\"valueName\":\"search_term_string\"}}],\"inLanguage\":\"fr-FR\"},{\"@type\":\"Organization\",\"@id\":\"https:\/\/swissbaker.ch\/fr\/#organization\",\"name\":\"Schweizerischer B\u00e4cker-Confiseurmeister-Verband\",\"url\":\"https:\/\/swissbaker.ch\/fr\/\",\"logo\":{\"@type\":\"ImageObject\",\"inLanguage\":\"fr-FR\",\"@id\":\"https:\/\/swissbaker.ch\/fr\/#\/schema\/logo\/image\/\",\"url\":\"https:\/\/swissbaker.ch\/wp-content\/uploads\/2022\/04\/sbc-logo-yoast.jpg\",\"contentUrl\":\"https:\/\/swissbaker.ch\/wp-content\/uploads\/2022\/04\/sbc-logo-yoast.jpg\",\"width\":512,\"height\":512,\"caption\":\"Schweizerischer B\u00e4cker-Confiseurmeister-Verband\"},\"image\":{\"@id\":\"https:\/\/swissbaker.ch\/fr\/#\/schema\/logo\/image\/\"},\"sameAs\":[\"https:\/\/www.facebook.com\/swissbaker.ch\",\"https:\/\/x.com\/ch_swissbaker\"]}]}<\/script>\n<!-- \/ Yoast SEO Premium plugin. -->","yoast_head_json":{"title":"Sponsors de l'infrastructure | SBC","robots":{"index":"index","follow":"follow","max-snippet":"max-snippet:-1","max-image-preview":"max-image-preview:large","max-video-preview":"max-video-preview:-1"},"canonical":"https:\/\/swissbaker.ch\/fr\/releve\/club-des-sponsors\/sponsors-de-linfrastructure\/","og_locale":"fr_FR","og_type":"article","og_title":"Sponsors de l'infrastructure","og_description":"Creativ-K\u00e4lte GmbH6312 Steinhausenwww.creativ-kaelte.ch LCM Schokoladenmaschinen GmbHD-88287 Gr\u00fcnkraut-Gullenwww.lcm.de MIWE B\u00e4ckereitechnik AG9212 Arneggwww.miwe.ch RONDO Burdorf AG3400 Burgdorfwww.rondo-online.com Wieland Boku AG3671 Brenzikofen BEwww.wieland-boku.ch Winterhalter Gastronom AG9464 R\u00fcthiwww.winterhalter.ch workfashion.com AG6332 Hagendornworkfashion.com Wuest B\u00e4ckerei- und Gastrobedarf9462 Montlingenwww.gwuest.ch","og_url":"https:\/\/swissbaker.ch\/fr\/releve\/club-des-sponsors\/sponsors-de-linfrastructure\/","og_site_name":"SBC","article_publisher":"https:\/\/www.facebook.com\/swissbaker.ch","article_modified_time":"2024-05-23T06:40:43+00:00","og_image":[{"url":"https:\/\/swissbaker.ch\/wp-content\/uploads\/2022\/06\/csm_kreativ_kaelte_451f5483eb.png","type":"","width":"","height":""}],"twitter_card":"summary_large_image","twitter_site":"@ch_swissbaker","twitter_misc":{"Est. reading time":"2 minutes"},"schema":{"@context":"https:\/\/schema.org","@graph":[{"@type":"WebPage","@id":"https:\/\/swissbaker.ch\/fr\/releve\/club-des-sponsors\/sponsors-de-linfrastructure\/","url":"https:\/\/swissbaker.ch\/fr\/releve\/club-des-sponsors\/sponsors-de-linfrastructure\/","name":"Sponsors de l'infrastructure | SBC","isPartOf":{"@id":"https:\/\/swissbaker.ch\/fr\/#website"},"primaryImageOfPage":{"@id":"https:\/\/swissbaker.ch\/fr\/releve\/club-des-sponsors\/sponsors-de-linfrastructure\/#primaryimage"},"image":{"@id":"https:\/\/swissbaker.ch\/fr\/releve\/club-des-sponsors\/sponsors-de-linfrastructure\/#primaryimage"},"thumbnailUrl":"https:\/\/swissbaker.ch\/wp-content\/uploads\/2022\/06\/csm_kreativ_kaelte_451f5483eb.png","datePublished":"2022-06-10T14:48:00+00:00","dateModified":"2024-05-23T06:40:43+00:00","breadcrumb":{"@id":"https:\/\/swissbaker.ch\/fr\/releve\/club-des-sponsors\/sponsors-de-linfrastructure\/#breadcrumb"},"inLanguage":"fr-FR","potentialAction":[{"@type":"ReadAction","target":["https:\/\/swissbaker.ch\/fr\/releve\/club-des-sponsors\/sponsors-de-linfrastructure\/"]}]},{"@type":"ImageObject","inLanguage":"fr-FR","@id":"https:\/\/swissbaker.ch\/fr\/releve\/club-des-sponsors\/sponsors-de-linfrastructure\/#primaryimage","url":"https:\/\/swissbaker.ch\/wp-content\/uploads\/2022\/06\/csm_kreativ_kaelte_451f5483eb.png","contentUrl":"https:\/\/swissbaker.ch\/wp-content\/uploads\/2022\/06\/csm_kreativ_kaelte_451f5483eb.png"},{"@type":"BreadcrumbList","@id":"https:\/\/swissbaker.ch\/fr\/releve\/club-des-sponsors\/sponsors-de-linfrastructure\/#breadcrumb","itemListElement":[{"@type":"ListItem","position":1,"name":"","item":"https:\/\/swissbaker.ch\/fr\/"},{"@type":"ListItem","position":2,"name":"Rel\u00e8ve","item":"https:\/\/swissbaker.ch\/fr\/releve\/"},{"@type":"ListItem","position":3,"name":"Club des sponsors","item":"https:\/\/swissbaker.ch\/fr\/releve\/club-des-sponsors\/"},{"@type":"ListItem","position":4,"name":"Sponsors de l&#8217;infrastructure"}]},{"@type":"WebSite","@id":"https:\/\/swissbaker.ch\/fr\/#website","url":"https:\/\/swissbaker.ch\/fr\/","name":"SBC","description":"","publisher":{"@id":"https:\/\/swissbaker.ch\/fr\/#organization"},"potentialAction":[{"@type":"SearchAction","target":{"@type":"EntryPoint","urlTemplate":"https:\/\/swissbaker.ch\/fr\/?s={search_term_string}"},"query-input":{"@type":"PropertyValueSpecification","valueRequired":true,"valueName":"search_term_string"}}],"inLanguage":"fr-FR"},{"@type":"Organization","@id":"https:\/\/swissbaker.ch\/fr\/#organization","name":"Schweizerischer B\u00e4cker-Confiseurmeister-Verband","url":"https:\/\/swissbaker.ch\/fr\/","logo":{"@type":"ImageObject","inLanguage":"fr-FR","@id":"https:\/\/swissbaker.ch\/fr\/#\/schema\/logo\/image\/","url":"https:\/\/swissbaker.ch\/wp-content\/uploads\/2022\/04\/sbc-logo-yoast.jpg","contentUrl":"https:\/\/swissbaker.ch\/wp-content\/uploads\/2022\/04\/sbc-logo-yoast.jpg","width":512,"height":512,"caption":"Schweizerischer B\u00e4cker-Confiseurmeister-Verband"},"image":{"@id":"https:\/\/swissbaker.ch\/fr\/#\/schema\/logo\/image\/"},"sameAs":["https:\/\/www.facebook.com\/swissbaker.ch","https:\/\/x.com\/ch_swissbaker"]}]}},"_links":{"self":[{"href":"https:\/\/swissbaker.ch\/fr\/wp-json\/wp\/v2\/pages\/37754","targetHints":{"allow":["GET"]}}],"collection":[{"href":"https:\/\/swissbaker.ch\/fr\/wp-json\/wp\/v2\/pages"}],"about":[{"href":"https:\/\/swissbaker.ch\/fr\/wp-json\/wp\/v2\/types\/page"}],"author":[{"embeddable":true,"href":"https:\/\/swissbaker.ch\/fr\/wp-json\/wp\/v2\/users\/1"}],"replies":[{"embeddable":true,"href":"https:\/\/swissbaker.ch\/fr\/wp-json\/wp\/v2\/comments?post=37754"}],"version-history":[{"count":0,"href":"https:\/\/swissbaker.ch\/fr\/wp-json\/wp\/v2\/pages\/37754\/revisions"}],"up":[{"embeddable":true,"href":"https:\/\/swissbaker.ch\/fr\/wp-json\/wp\/v2\/pages\/32470"}],"wp:attachment":[{"href":"https:\/\/swissbaker.ch\/fr\/wp-json\/wp\/v2\/media?parent=37754"}],"curies":[{"name":"wp","href":"https:\/\/api.w.org\/{rel}","templated":true}]}}