{"id":37694,"date":"2022-06-10T16:28:09","date_gmt":"2022-06-10T14:28:09","guid":{"rendered":"https:\/\/swissbaker.ch\/?page_id=37694"},"modified":"2026-01-14T10:55:51","modified_gmt":"2026-01-14T09:55:51","slug":"le-club","status":"publish","type":"page","link":"https:\/\/swissbaker.ch\/fr\/releve\/club-des-sponsors\/le-club\/","title":{"rendered":"Le club"},"content":{"rendered":"\n<h2 class=\"wp-block-heading\" id=\"h-quel-est-l-objectif-du-club-for-future-des-sponsors-de-la-bcs\">Quel est l&#8217;objectif du \u00abClub for future des sponsors de la BCS\u00bb?<\/h2>\n\n\n\n<p>Dans le cadre des SwissSkills et des WorldSkills, les jeunes comp\u00e9titeurs et comp\u00e9titrices professionnels font des prouesses en investissant beaucoup de leur temps (libre) en amont. Ces sp\u00e9cialistes comp\u00e9tents, motiv\u00e9s et performants sont la meilleure publicit\u00e9 pour la rel\u00e8ve et la branche. Ils apportent leur savoir-faire et leur exp\u00e9rience dans le secteur et, en tant que mod\u00e8les, motivent les apprentis. Notre branche peut \u00eatre fi\u00e8re de ses trois championnes du monde des m\u00e9tiers cons\u00e9cutives. Tout cela ne serait pas possible sans le soutien du \u00abclub for future des sponsors de la BCS\u00bb et des coachs exp\u00e9riment\u00e9s. Continuons \u00e0 \u00e9crire ensemble cette histoire \u00e0 succ\u00e8s!<\/p>\n\n\n\n<h3 class=\"wp-block-heading\" id=\"h-objectifs\">Objectifs:<\/h3>\n\n\n\n<ul class=\"wp-block-list\"><li>Le club des sponsors des boulangers-confiseurs suisses encourage les jeunes sp\u00e9cialistes \u00e0 participer aux concours professionnels nationaux (SwissSkills) et internationaux (WorldSkills), et assure financi\u00e8rement leur participation ainsi que des conditions cadres optimales pour la comp\u00e9tition.<br><\/li><li>Les succ\u00e8s des concurrents et concurrentes motivent la rel\u00e8ve professionnelle tout en constituant une excellente promotion de l\u2019image de la rel\u00e8ve aupr\u00e8s du public.<br><\/li><li>Garantie de sp\u00e9cialistes et de cadres: l\u2019ensemble du secteur de la boulangerie-confiserie \u2013 \u00e0 savoir les propri\u00e9taires d\u2019entreprises, les partenaires sectoriels et les professionnels et professionnelles \u2013 profite de la promotion et de la garantie de la rel\u00e8ve.<\/li><\/ul>\n\n\n\n<p><strong>Votre contribution repr\u00e9sente \u00e9galement un investissement dans l\u2019avenir des cadres et des sp\u00e9cialistes essentiels \u00e0 l\u2019essor du secteur.<\/strong><\/p>\n\n\n\n<h2 class=\"wp-block-heading\">Les sponsors<\/h2>\n\n\n\n<ul class=\"wp-block-list\"><li><a href=\"https:\/\/swissbaker.ch\/fr\/releve\/club-des-sponsors\/sponsors-principaux\/\">Sponsors principaux<\/a><\/li><li><a href=\"https:\/\/swissbaker.ch\/fr\/releve\/club-des-sponsors\/sponsors-or\/\">Sponsors \u00abor\u00bb<\/a><\/li><li><a href=\"https:\/\/swissbaker.ch\/fr\/releve\/club-des-sponsors\/sponsors-argent\/\">Sponsors \u00abargent\u00bb<\/a><\/li><li><a href=\"https:\/\/swissbaker.ch\/fr\/releve\/club-des-sponsors\/sponsors-bronze\/\">Sponsors \u00abbronze\u00bb<\/a><\/li><li><a href=\"https:\/\/swissbaker.ch\/fr\/releve\/club-des-sponsors\/sponsors-de-linfrastructure\/\">Sponsors de l&#8217;infrastructure<\/a><\/li><li><a href=\"https:\/\/swissbaker.ch\/fr\/releve\/club-des-sponsors\/membres\/\">Membres<\/a><\/li><\/ul>\n","protected":false},"excerpt":{"rendered":"<p>Quel est l&#8217;objectif du \u00abClub for future des sponsors de la BCS\u00bb? Dans le cadre des SwissSkills et des WorldSkills, les jeunes comp\u00e9titeurs et comp\u00e9titrices professionnels font des prouesses en investissant beaucoup de leur temps (libre) en amont. Ces sp\u00e9cialistes comp\u00e9tents, motiv\u00e9s et performants sont la meilleure publicit\u00e9 pour la rel\u00e8ve et la branche. Ils apportent leur savoir-faire et leur [&hellip;]<\/p>\n","protected":false},"author":1,"featured_media":129368,"parent":32470,"menu_order":0,"comment_status":"closed","ping_status":"closed","template":"","meta":{"_acf_changed":true,"footnotes":""},"class_list":["post-37694","page","type-page","status-publish","has-post-thumbnail","hentry"],"acf":[],"yoast_head":"<!-- This site is optimized with the Yoast SEO Premium plugin v26.8 (Yoast SEO v26.8) - https:\/\/yoast.com\/product\/yoast-seo-premium-wordpress\/ -->\n<title>Le club | SBC<\/title>\n<meta name=\"robots\" content=\"index, follow, max-snippet:-1, max-image-preview:large, max-video-preview:-1\" \/>\n<link rel=\"canonical\" href=\"https:\/\/swissbaker.ch\/fr\/releve\/club-des-sponsors\/le-club\/\" \/>\n<meta property=\"og:locale\" content=\"fr_FR\" \/>\n<meta property=\"og:type\" content=\"article\" \/>\n<meta property=\"og:title\" content=\"Le club\" \/>\n<meta property=\"og:description\" content=\"Quel est l&#8217;objectif du \u00abClub for future des sponsors de la BCS\u00bb? Dans le cadre des SwissSkills et des WorldSkills, les jeunes comp\u00e9titeurs et comp\u00e9titrices professionnels font des prouesses en investissant beaucoup de leur temps (libre) en amont. Ces sp\u00e9cialistes comp\u00e9tents, motiv\u00e9s et performants sont la meilleure publicit\u00e9 pour la rel\u00e8ve et la branche. Ils apportent leur savoir-faire et leur [&hellip;]\" \/>\n<meta property=\"og:url\" content=\"https:\/\/swissbaker.ch\/fr\/releve\/club-des-sponsors\/le-club\/\" \/>\n<meta property=\"og:site_name\" content=\"SBC\" \/>\n<meta property=\"article:publisher\" content=\"https:\/\/www.facebook.com\/swissbaker.ch\" \/>\n<meta property=\"article:modified_time\" content=\"2026-01-14T09:55:51+00:00\" \/>\n<meta property=\"og:image\" content=\"https:\/\/swissbaker.ch\/wp-content\/uploads\/2025\/11\/fuer_factsheet_neu.jpg\" \/>\n\t<meta property=\"og:image:width\" content=\"2669\" \/>\n\t<meta property=\"og:image:height\" content=\"1783\" \/>\n\t<meta property=\"og:image:type\" content=\"image\/jpeg\" \/>\n<meta name=\"twitter:card\" content=\"summary_large_image\" \/>\n<meta name=\"twitter:site\" content=\"@ch_swissbaker\" \/>\n<meta name=\"twitter:label1\" content=\"Est. reading time\" \/>\n\t<meta name=\"twitter:data1\" content=\"2 minutes\" \/>\n<script type=\"application\/ld+json\" class=\"yoast-schema-graph\">{\"@context\":\"https:\/\/schema.org\",\"@graph\":[{\"@type\":\"WebPage\",\"@id\":\"https:\/\/swissbaker.ch\/fr\/releve\/club-des-sponsors\/le-club\/\",\"url\":\"https:\/\/swissbaker.ch\/fr\/releve\/club-des-sponsors\/le-club\/\",\"name\":\"Le club | SBC\",\"isPartOf\":{\"@id\":\"https:\/\/swissbaker.ch\/fr\/#website\"},\"primaryImageOfPage\":{\"@id\":\"https:\/\/swissbaker.ch\/fr\/releve\/club-des-sponsors\/le-club\/#primaryimage\"},\"image\":{\"@id\":\"https:\/\/swissbaker.ch\/fr\/releve\/club-des-sponsors\/le-club\/#primaryimage\"},\"thumbnailUrl\":\"https:\/\/swissbaker.ch\/wp-content\/uploads\/2025\/11\/fuer_factsheet_neu.jpg\",\"datePublished\":\"2022-06-10T14:28:09+00:00\",\"dateModified\":\"2026-01-14T09:55:51+00:00\",\"breadcrumb\":{\"@id\":\"https:\/\/swissbaker.ch\/fr\/releve\/club-des-sponsors\/le-club\/#breadcrumb\"},\"inLanguage\":\"fr-FR\",\"potentialAction\":[{\"@type\":\"ReadAction\",\"target\":[\"https:\/\/swissbaker.ch\/fr\/releve\/club-des-sponsors\/le-club\/\"]}]},{\"@type\":\"ImageObject\",\"inLanguage\":\"fr-FR\",\"@id\":\"https:\/\/swissbaker.ch\/fr\/releve\/club-des-sponsors\/le-club\/#primaryimage\",\"url\":\"https:\/\/swissbaker.ch\/wp-content\/uploads\/2025\/11\/fuer_factsheet_neu.jpg\",\"contentUrl\":\"https:\/\/swissbaker.ch\/wp-content\/uploads\/2025\/11\/fuer_factsheet_neu.jpg\",\"width\":2669,\"height\":1783},{\"@type\":\"BreadcrumbList\",\"@id\":\"https:\/\/swissbaker.ch\/fr\/releve\/club-des-sponsors\/le-club\/#breadcrumb\",\"itemListElement\":[{\"@type\":\"ListItem\",\"position\":1,\"name\":\"\",\"item\":\"https:\/\/swissbaker.ch\/fr\/\"},{\"@type\":\"ListItem\",\"position\":2,\"name\":\"Rel\u00e8ve\",\"item\":\"https:\/\/swissbaker.ch\/fr\/releve\/\"},{\"@type\":\"ListItem\",\"position\":3,\"name\":\"Club des sponsors\",\"item\":\"https:\/\/swissbaker.ch\/fr\/releve\/club-des-sponsors\/\"},{\"@type\":\"ListItem\",\"position\":4,\"name\":\"Le club\"}]},{\"@type\":\"WebSite\",\"@id\":\"https:\/\/swissbaker.ch\/fr\/#website\",\"url\":\"https:\/\/swissbaker.ch\/fr\/\",\"name\":\"SBC\",\"description\":\"\",\"publisher\":{\"@id\":\"https:\/\/swissbaker.ch\/fr\/#organization\"},\"potentialAction\":[{\"@type\":\"SearchAction\",\"target\":{\"@type\":\"EntryPoint\",\"urlTemplate\":\"https:\/\/swissbaker.ch\/fr\/?s={search_term_string}\"},\"query-input\":{\"@type\":\"PropertyValueSpecification\",\"valueRequired\":true,\"valueName\":\"search_term_string\"}}],\"inLanguage\":\"fr-FR\"},{\"@type\":\"Organization\",\"@id\":\"https:\/\/swissbaker.ch\/fr\/#organization\",\"name\":\"Schweizerischer B\u00e4cker-Confiseurmeister-Verband\",\"url\":\"https:\/\/swissbaker.ch\/fr\/\",\"logo\":{\"@type\":\"ImageObject\",\"inLanguage\":\"fr-FR\",\"@id\":\"https:\/\/swissbaker.ch\/fr\/#\/schema\/logo\/image\/\",\"url\":\"https:\/\/swissbaker.ch\/wp-content\/uploads\/2022\/04\/sbc-logo-yoast.jpg\",\"contentUrl\":\"https:\/\/swissbaker.ch\/wp-content\/uploads\/2022\/04\/sbc-logo-yoast.jpg\",\"width\":512,\"height\":512,\"caption\":\"Schweizerischer B\u00e4cker-Confiseurmeister-Verband\"},\"image\":{\"@id\":\"https:\/\/swissbaker.ch\/fr\/#\/schema\/logo\/image\/\"},\"sameAs\":[\"https:\/\/www.facebook.com\/swissbaker.ch\",\"https:\/\/x.com\/ch_swissbaker\"]}]}<\/script>\n<!-- \/ Yoast SEO Premium plugin. -->","yoast_head_json":{"title":"Le club | SBC","robots":{"index":"index","follow":"follow","max-snippet":"max-snippet:-1","max-image-preview":"max-image-preview:large","max-video-preview":"max-video-preview:-1"},"canonical":"https:\/\/swissbaker.ch\/fr\/releve\/club-des-sponsors\/le-club\/","og_locale":"fr_FR","og_type":"article","og_title":"Le club","og_description":"Quel est l&#8217;objectif du \u00abClub for future des sponsors de la BCS\u00bb? Dans le cadre des SwissSkills et des WorldSkills, les jeunes comp\u00e9titeurs et comp\u00e9titrices professionnels font des prouesses en investissant beaucoup de leur temps (libre) en amont. Ces sp\u00e9cialistes comp\u00e9tents, motiv\u00e9s et performants sont la meilleure publicit\u00e9 pour la rel\u00e8ve et la branche. Ils apportent leur savoir-faire et leur [&hellip;]","og_url":"https:\/\/swissbaker.ch\/fr\/releve\/club-des-sponsors\/le-club\/","og_site_name":"SBC","article_publisher":"https:\/\/www.facebook.com\/swissbaker.ch","article_modified_time":"2026-01-14T09:55:51+00:00","og_image":[{"width":2669,"height":1783,"url":"https:\/\/swissbaker.ch\/wp-content\/uploads\/2025\/11\/fuer_factsheet_neu.jpg","type":"image\/jpeg"}],"twitter_card":"summary_large_image","twitter_site":"@ch_swissbaker","twitter_misc":{"Est. reading time":"2 minutes"},"schema":{"@context":"https:\/\/schema.org","@graph":[{"@type":"WebPage","@id":"https:\/\/swissbaker.ch\/fr\/releve\/club-des-sponsors\/le-club\/","url":"https:\/\/swissbaker.ch\/fr\/releve\/club-des-sponsors\/le-club\/","name":"Le club | SBC","isPartOf":{"@id":"https:\/\/swissbaker.ch\/fr\/#website"},"primaryImageOfPage":{"@id":"https:\/\/swissbaker.ch\/fr\/releve\/club-des-sponsors\/le-club\/#primaryimage"},"image":{"@id":"https:\/\/swissbaker.ch\/fr\/releve\/club-des-sponsors\/le-club\/#primaryimage"},"thumbnailUrl":"https:\/\/swissbaker.ch\/wp-content\/uploads\/2025\/11\/fuer_factsheet_neu.jpg","datePublished":"2022-06-10T14:28:09+00:00","dateModified":"2026-01-14T09:55:51+00:00","breadcrumb":{"@id":"https:\/\/swissbaker.ch\/fr\/releve\/club-des-sponsors\/le-club\/#breadcrumb"},"inLanguage":"fr-FR","potentialAction":[{"@type":"ReadAction","target":["https:\/\/swissbaker.ch\/fr\/releve\/club-des-sponsors\/le-club\/"]}]},{"@type":"ImageObject","inLanguage":"fr-FR","@id":"https:\/\/swissbaker.ch\/fr\/releve\/club-des-sponsors\/le-club\/#primaryimage","url":"https:\/\/swissbaker.ch\/wp-content\/uploads\/2025\/11\/fuer_factsheet_neu.jpg","contentUrl":"https:\/\/swissbaker.ch\/wp-content\/uploads\/2025\/11\/fuer_factsheet_neu.jpg","width":2669,"height":1783},{"@type":"BreadcrumbList","@id":"https:\/\/swissbaker.ch\/fr\/releve\/club-des-sponsors\/le-club\/#breadcrumb","itemListElement":[{"@type":"ListItem","position":1,"name":"","item":"https:\/\/swissbaker.ch\/fr\/"},{"@type":"ListItem","position":2,"name":"Rel\u00e8ve","item":"https:\/\/swissbaker.ch\/fr\/releve\/"},{"@type":"ListItem","position":3,"name":"Club des sponsors","item":"https:\/\/swissbaker.ch\/fr\/releve\/club-des-sponsors\/"},{"@type":"ListItem","position":4,"name":"Le club"}]},{"@type":"WebSite","@id":"https:\/\/swissbaker.ch\/fr\/#website","url":"https:\/\/swissbaker.ch\/fr\/","name":"SBC","description":"","publisher":{"@id":"https:\/\/swissbaker.ch\/fr\/#organization"},"potentialAction":[{"@type":"SearchAction","target":{"@type":"EntryPoint","urlTemplate":"https:\/\/swissbaker.ch\/fr\/?s={search_term_string}"},"query-input":{"@type":"PropertyValueSpecification","valueRequired":true,"valueName":"search_term_string"}}],"inLanguage":"fr-FR"},{"@type":"Organization","@id":"https:\/\/swissbaker.ch\/fr\/#organization","name":"Schweizerischer B\u00e4cker-Confiseurmeister-Verband","url":"https:\/\/swissbaker.ch\/fr\/","logo":{"@type":"ImageObject","inLanguage":"fr-FR","@id":"https:\/\/swissbaker.ch\/fr\/#\/schema\/logo\/image\/","url":"https:\/\/swissbaker.ch\/wp-content\/uploads\/2022\/04\/sbc-logo-yoast.jpg","contentUrl":"https:\/\/swissbaker.ch\/wp-content\/uploads\/2022\/04\/sbc-logo-yoast.jpg","width":512,"height":512,"caption":"Schweizerischer B\u00e4cker-Confiseurmeister-Verband"},"image":{"@id":"https:\/\/swissbaker.ch\/fr\/#\/schema\/logo\/image\/"},"sameAs":["https:\/\/www.facebook.com\/swissbaker.ch","https:\/\/x.com\/ch_swissbaker"]}]}},"_links":{"self":[{"href":"https:\/\/swissbaker.ch\/fr\/wp-json\/wp\/v2\/pages\/37694","targetHints":{"allow":["GET"]}}],"collection":[{"href":"https:\/\/swissbaker.ch\/fr\/wp-json\/wp\/v2\/pages"}],"about":[{"href":"https:\/\/swissbaker.ch\/fr\/wp-json\/wp\/v2\/types\/page"}],"author":[{"embeddable":true,"href":"https:\/\/swissbaker.ch\/fr\/wp-json\/wp\/v2\/users\/1"}],"replies":[{"embeddable":true,"href":"https:\/\/swissbaker.ch\/fr\/wp-json\/wp\/v2\/comments?post=37694"}],"version-history":[{"count":0,"href":"https:\/\/swissbaker.ch\/fr\/wp-json\/wp\/v2\/pages\/37694\/revisions"}],"up":[{"embeddable":true,"href":"https:\/\/swissbaker.ch\/fr\/wp-json\/wp\/v2\/pages\/32470"}],"wp:featuredmedia":[{"embeddable":true,"href":"https:\/\/swissbaker.ch\/fr\/wp-json\/wp\/v2\/media\/129368"}],"wp:attachment":[{"href":"https:\/\/swissbaker.ch\/fr\/wp-json\/wp\/v2\/media?parent=37694"}],"curies":[{"name":"wp","href":"https:\/\/api.w.org\/{rel}","templated":true}]}}