{"id":37676,"date":"2022-06-10T15:46:43","date_gmt":"2022-06-10T13:46:43","guid":{"rendered":"https:\/\/swissbaker.ch\/?page_id=37676"},"modified":"2022-12-22T14:47:39","modified_gmt":"2022-12-22T13:47:39","slug":"chaque-jour-est-une-fete","status":"publish","type":"page","link":"https:\/\/swissbaker.ch\/fr\/consommateur\/chaque-jour-est-une-fete\/","title":{"rendered":"Chaque jour est une f\u00eate!"},"content":{"rendered":"\n<h2 class=\"wp-block-heading\"><strong><strong>F\u00eate des Rois, Saint-Valentin, P\u00e2ques, f\u00eate des M\u00e8res, 1<sup>er<\/sup>&nbsp;ao\u00fbt, Saint-Nicolas\u2026&nbsp;<\/strong><\/strong><\/h2>\n\n\n\n<figure class=\"wp-block-image size-full\"><img decoding=\"async\" width=\"280\" height=\"259\" src=\"https:\/\/swissbaker.ch\/wp-content\/uploads\/2022\/06\/csm_plakatlinie_festtage_f_0c66cbc45d.jpg\" alt=\"\" class=\"wp-image-36158\"\/><\/figure>\n\n\n\n<p>Les f\u00eates sont appr\u00e9ci\u00e9es \u2013 et \u00e0 juste titre ! Mais il n\u2019y en a jamais assez&#8230; Les boulangeries-confiseries sont heureusement l\u00e0 pour faire de chaque jour une f\u00eate, avec leurs \u00abd\u00e9licieux\u00bb produits. Les boulangers-confiseurs ont \u00e0 c\u0153ur de perp\u00e9tuer la tradition, \u00e0 No\u00ebl ou \u00e0 Carnaval notamment, en se d\u00e9marquant par leur savoir-faire et en g\u00e2tant leur client\u00e8le avec des produits traditionnels. <\/p>\n\n\n\n<div class=\"wp-block-file\"><a id=\"wp-block-file--media-fa0f0135-6bd6-4423-91e2-dc76cd8689d2\" href=\"https:\/\/swissbaker.ch\/wp-content\/uploads\/2022\/12\/saint-valentin-journee-des-amoureux.pdf\" target=\"_blank\" rel=\"noreferrer noopener\">Saint-Valentin &#8230;\u00bb<\/a><\/div>\n\n\n\n<div class=\"wp-block-file\"><a id=\"wp-block-file--media-4c4043f8-002a-46a2-ba79-9b2626a95dae\" href=\"https:\/\/swissbaker.ch\/wp-content\/uploads\/2022\/12\/tradition-de-paques.pdf\" target=\"_blank\" rel=\"noreferrer noopener\">P\u00e2ques \u2026\u00bb<\/a><\/div>\n\n\n\n<div class=\"wp-block-file\"><a id=\"wp-block-file--media-5a0e40f7-6e6d-4736-97f0-f12a427b17fb\" href=\"https:\/\/swissbaker.ch\/wp-content\/uploads\/2022\/12\/fete_des_meres_f.pdf\" target=\"_blank\" rel=\"noreferrer noopener\">F\u00eate des m\u00e8res \u2026\u00bb<\/a><\/div>\n\n\n\n<div class=\"wp-block-file\"><a id=\"wp-block-file--media-952e6b0a-a4ce-4211-b074-ff0405ee07be\" href=\"https:\/\/swissbaker.ch\/wp-content\/uploads\/2022\/12\/petits-pains-du-1er-aout-pour-la-fete-nationale.pdf\" target=\"_blank\" rel=\"noreferrer noopener\">1<sup>er<\/sup> ao\u00fbt \u2026\u00bb<\/a><\/div>\n\n\n\n<div class=\"wp-block-file\"><a id=\"wp-block-file--media-efe7f7e4-9b08-4fd2-ae59-c34d45d5267d\" href=\"https:\/\/swissbaker.ch\/wp-content\/uploads\/2022\/12\/bonhomme-en-pate-ou-bonne-dame.pdf\" target=\"_blank\" rel=\"noreferrer noopener\">Saint-Nicolas \u2026\u00bb<\/a><\/div>\n\n\n\n<p><strong>Chaque jour est une f\u00eate chez l\u2019artisan boulanger !<\/strong><\/p>\n","protected":false},"excerpt":{"rendered":"<p>F\u00eate des Rois, Saint-Valentin, P\u00e2ques, f\u00eate des M\u00e8res, 1er&nbsp;ao\u00fbt, Saint-Nicolas\u2026&nbsp; Les f\u00eates sont appr\u00e9ci\u00e9es \u2013 et \u00e0 juste titre ! Mais il n\u2019y en a jamais assez&#8230; Les boulangeries-confiseries sont heureusement l\u00e0 pour faire de chaque jour une f\u00eate, avec leurs \u00abd\u00e9licieux\u00bb produits. Les boulangers-confiseurs ont \u00e0 c\u0153ur de perp\u00e9tuer la tradition, \u00e0 No\u00ebl ou \u00e0 Carnaval notamment, en se [&hellip;]<\/p>\n","protected":false},"author":1,"featured_media":0,"parent":31868,"menu_order":0,"comment_status":"closed","ping_status":"closed","template":"","meta":{"_acf_changed":false,"footnotes":""},"class_list":["post-37676","page","type-page","status-publish","hentry"],"acf":[],"yoast_head":"<!-- This site is optimized with the Yoast SEO Premium plugin v26.8 (Yoast SEO v26.8) - https:\/\/yoast.com\/product\/yoast-seo-premium-wordpress\/ -->\n<title>Chaque jour est une f\u00eate! | SBC<\/title>\n<meta name=\"description\" content=\"Les f\u00eates sont appr\u00e9ci\u00e9es! Mais il n\u2019y en a jamais assez... Les boulangeries sont heureusement l\u00e0 pour faire de chaque jour une f\u00eate.\" \/>\n<meta name=\"robots\" content=\"index, follow, max-snippet:-1, max-image-preview:large, max-video-preview:-1\" \/>\n<link rel=\"canonical\" href=\"https:\/\/swissbaker.ch\/fr\/consommateur\/chaque-jour-est-une-fete\/\" \/>\n<meta property=\"og:locale\" content=\"fr_FR\" \/>\n<meta property=\"og:type\" content=\"article\" \/>\n<meta property=\"og:title\" content=\"Chaque jour est une f\u00eate!\" \/>\n<meta property=\"og:description\" content=\"Les f\u00eates sont appr\u00e9ci\u00e9es! Mais il n\u2019y en a jamais assez... Les boulangeries sont heureusement l\u00e0 pour faire de chaque jour une f\u00eate.\" \/>\n<meta property=\"og:url\" content=\"https:\/\/swissbaker.ch\/fr\/consommateur\/chaque-jour-est-une-fete\/\" \/>\n<meta property=\"og:site_name\" content=\"SBC\" \/>\n<meta property=\"article:publisher\" content=\"https:\/\/www.facebook.com\/swissbaker.ch\" \/>\n<meta property=\"article:modified_time\" content=\"2022-12-22T13:47:39+00:00\" \/>\n<meta property=\"og:image\" content=\"https:\/\/swissbaker.ch\/wp-content\/uploads\/2022\/06\/csm_plakatlinie_festtage_f_0c66cbc45d.jpg\" \/>\n<meta name=\"twitter:card\" content=\"summary_large_image\" \/>\n<meta name=\"twitter:site\" content=\"@ch_swissbaker\" \/>\n<meta name=\"twitter:label1\" content=\"Est. reading time\" \/>\n\t<meta name=\"twitter:data1\" content=\"1 minute\" \/>\n<script type=\"application\/ld+json\" class=\"yoast-schema-graph\">{\"@context\":\"https:\/\/schema.org\",\"@graph\":[{\"@type\":\"WebPage\",\"@id\":\"https:\/\/swissbaker.ch\/fr\/consommateur\/chaque-jour-est-une-fete\/\",\"url\":\"https:\/\/swissbaker.ch\/fr\/consommateur\/chaque-jour-est-une-fete\/\",\"name\":\"Chaque jour est une f\u00eate! | SBC\",\"isPartOf\":{\"@id\":\"https:\/\/swissbaker.ch\/fr\/#website\"},\"primaryImageOfPage\":{\"@id\":\"https:\/\/swissbaker.ch\/fr\/consommateur\/chaque-jour-est-une-fete\/#primaryimage\"},\"image\":{\"@id\":\"https:\/\/swissbaker.ch\/fr\/consommateur\/chaque-jour-est-une-fete\/#primaryimage\"},\"thumbnailUrl\":\"https:\/\/swissbaker.ch\/wp-content\/uploads\/2022\/06\/csm_plakatlinie_festtage_f_0c66cbc45d.jpg\",\"datePublished\":\"2022-06-10T13:46:43+00:00\",\"dateModified\":\"2022-12-22T13:47:39+00:00\",\"description\":\"Les f\u00eates sont appr\u00e9ci\u00e9es! Mais il n\u2019y en a jamais assez... Les boulangeries sont heureusement l\u00e0 pour faire de chaque jour une f\u00eate.\",\"breadcrumb\":{\"@id\":\"https:\/\/swissbaker.ch\/fr\/consommateur\/chaque-jour-est-une-fete\/#breadcrumb\"},\"inLanguage\":\"fr-FR\",\"potentialAction\":[{\"@type\":\"ReadAction\",\"target\":[\"https:\/\/swissbaker.ch\/fr\/consommateur\/chaque-jour-est-une-fete\/\"]}]},{\"@type\":\"ImageObject\",\"inLanguage\":\"fr-FR\",\"@id\":\"https:\/\/swissbaker.ch\/fr\/consommateur\/chaque-jour-est-une-fete\/#primaryimage\",\"url\":\"https:\/\/swissbaker.ch\/wp-content\/uploads\/2022\/06\/csm_plakatlinie_festtage_f_0c66cbc45d.jpg\",\"contentUrl\":\"https:\/\/swissbaker.ch\/wp-content\/uploads\/2022\/06\/csm_plakatlinie_festtage_f_0c66cbc45d.jpg\"},{\"@type\":\"BreadcrumbList\",\"@id\":\"https:\/\/swissbaker.ch\/fr\/consommateur\/chaque-jour-est-une-fete\/#breadcrumb\",\"itemListElement\":[{\"@type\":\"ListItem\",\"position\":1,\"name\":\"\",\"item\":\"https:\/\/swissbaker.ch\/fr\/\"},{\"@type\":\"ListItem\",\"position\":2,\"name\":\"Consommateur\",\"item\":\"https:\/\/swissbaker.ch\/fr\/consommateur\/\"},{\"@type\":\"ListItem\",\"position\":3,\"name\":\"Chaque jour est une f\u00eate!\"}]},{\"@type\":\"WebSite\",\"@id\":\"https:\/\/swissbaker.ch\/fr\/#website\",\"url\":\"https:\/\/swissbaker.ch\/fr\/\",\"name\":\"SBC\",\"description\":\"\",\"publisher\":{\"@id\":\"https:\/\/swissbaker.ch\/fr\/#organization\"},\"potentialAction\":[{\"@type\":\"SearchAction\",\"target\":{\"@type\":\"EntryPoint\",\"urlTemplate\":\"https:\/\/swissbaker.ch\/fr\/?s={search_term_string}\"},\"query-input\":{\"@type\":\"PropertyValueSpecification\",\"valueRequired\":true,\"valueName\":\"search_term_string\"}}],\"inLanguage\":\"fr-FR\"},{\"@type\":\"Organization\",\"@id\":\"https:\/\/swissbaker.ch\/fr\/#organization\",\"name\":\"Schweizerischer B\u00e4cker-Confiseurmeister-Verband\",\"url\":\"https:\/\/swissbaker.ch\/fr\/\",\"logo\":{\"@type\":\"ImageObject\",\"inLanguage\":\"fr-FR\",\"@id\":\"https:\/\/swissbaker.ch\/fr\/#\/schema\/logo\/image\/\",\"url\":\"https:\/\/swissbaker.ch\/wp-content\/uploads\/2022\/04\/sbc-logo-yoast.jpg\",\"contentUrl\":\"https:\/\/swissbaker.ch\/wp-content\/uploads\/2022\/04\/sbc-logo-yoast.jpg\",\"width\":512,\"height\":512,\"caption\":\"Schweizerischer B\u00e4cker-Confiseurmeister-Verband\"},\"image\":{\"@id\":\"https:\/\/swissbaker.ch\/fr\/#\/schema\/logo\/image\/\"},\"sameAs\":[\"https:\/\/www.facebook.com\/swissbaker.ch\",\"https:\/\/x.com\/ch_swissbaker\"]}]}<\/script>\n<!-- \/ Yoast SEO Premium plugin. -->","yoast_head_json":{"title":"Chaque jour est une f\u00eate! | SBC","description":"Les f\u00eates sont appr\u00e9ci\u00e9es! Mais il n\u2019y en a jamais assez... Les boulangeries sont heureusement l\u00e0 pour faire de chaque jour une f\u00eate.","robots":{"index":"index","follow":"follow","max-snippet":"max-snippet:-1","max-image-preview":"max-image-preview:large","max-video-preview":"max-video-preview:-1"},"canonical":"https:\/\/swissbaker.ch\/fr\/consommateur\/chaque-jour-est-une-fete\/","og_locale":"fr_FR","og_type":"article","og_title":"Chaque jour est une f\u00eate!","og_description":"Les f\u00eates sont appr\u00e9ci\u00e9es! Mais il n\u2019y en a jamais assez... Les boulangeries sont heureusement l\u00e0 pour faire de chaque jour une f\u00eate.","og_url":"https:\/\/swissbaker.ch\/fr\/consommateur\/chaque-jour-est-une-fete\/","og_site_name":"SBC","article_publisher":"https:\/\/www.facebook.com\/swissbaker.ch","article_modified_time":"2022-12-22T13:47:39+00:00","og_image":[{"url":"https:\/\/swissbaker.ch\/wp-content\/uploads\/2022\/06\/csm_plakatlinie_festtage_f_0c66cbc45d.jpg","type":"","width":"","height":""}],"twitter_card":"summary_large_image","twitter_site":"@ch_swissbaker","twitter_misc":{"Est. reading time":"1 minute"},"schema":{"@context":"https:\/\/schema.org","@graph":[{"@type":"WebPage","@id":"https:\/\/swissbaker.ch\/fr\/consommateur\/chaque-jour-est-une-fete\/","url":"https:\/\/swissbaker.ch\/fr\/consommateur\/chaque-jour-est-une-fete\/","name":"Chaque jour est une f\u00eate! | SBC","isPartOf":{"@id":"https:\/\/swissbaker.ch\/fr\/#website"},"primaryImageOfPage":{"@id":"https:\/\/swissbaker.ch\/fr\/consommateur\/chaque-jour-est-une-fete\/#primaryimage"},"image":{"@id":"https:\/\/swissbaker.ch\/fr\/consommateur\/chaque-jour-est-une-fete\/#primaryimage"},"thumbnailUrl":"https:\/\/swissbaker.ch\/wp-content\/uploads\/2022\/06\/csm_plakatlinie_festtage_f_0c66cbc45d.jpg","datePublished":"2022-06-10T13:46:43+00:00","dateModified":"2022-12-22T13:47:39+00:00","description":"Les f\u00eates sont appr\u00e9ci\u00e9es! Mais il n\u2019y en a jamais assez... Les boulangeries sont heureusement l\u00e0 pour faire de chaque jour une f\u00eate.","breadcrumb":{"@id":"https:\/\/swissbaker.ch\/fr\/consommateur\/chaque-jour-est-une-fete\/#breadcrumb"},"inLanguage":"fr-FR","potentialAction":[{"@type":"ReadAction","target":["https:\/\/swissbaker.ch\/fr\/consommateur\/chaque-jour-est-une-fete\/"]}]},{"@type":"ImageObject","inLanguage":"fr-FR","@id":"https:\/\/swissbaker.ch\/fr\/consommateur\/chaque-jour-est-une-fete\/#primaryimage","url":"https:\/\/swissbaker.ch\/wp-content\/uploads\/2022\/06\/csm_plakatlinie_festtage_f_0c66cbc45d.jpg","contentUrl":"https:\/\/swissbaker.ch\/wp-content\/uploads\/2022\/06\/csm_plakatlinie_festtage_f_0c66cbc45d.jpg"},{"@type":"BreadcrumbList","@id":"https:\/\/swissbaker.ch\/fr\/consommateur\/chaque-jour-est-une-fete\/#breadcrumb","itemListElement":[{"@type":"ListItem","position":1,"name":"","item":"https:\/\/swissbaker.ch\/fr\/"},{"@type":"ListItem","position":2,"name":"Consommateur","item":"https:\/\/swissbaker.ch\/fr\/consommateur\/"},{"@type":"ListItem","position":3,"name":"Chaque jour est une f\u00eate!"}]},{"@type":"WebSite","@id":"https:\/\/swissbaker.ch\/fr\/#website","url":"https:\/\/swissbaker.ch\/fr\/","name":"SBC","description":"","publisher":{"@id":"https:\/\/swissbaker.ch\/fr\/#organization"},"potentialAction":[{"@type":"SearchAction","target":{"@type":"EntryPoint","urlTemplate":"https:\/\/swissbaker.ch\/fr\/?s={search_term_string}"},"query-input":{"@type":"PropertyValueSpecification","valueRequired":true,"valueName":"search_term_string"}}],"inLanguage":"fr-FR"},{"@type":"Organization","@id":"https:\/\/swissbaker.ch\/fr\/#organization","name":"Schweizerischer B\u00e4cker-Confiseurmeister-Verband","url":"https:\/\/swissbaker.ch\/fr\/","logo":{"@type":"ImageObject","inLanguage":"fr-FR","@id":"https:\/\/swissbaker.ch\/fr\/#\/schema\/logo\/image\/","url":"https:\/\/swissbaker.ch\/wp-content\/uploads\/2022\/04\/sbc-logo-yoast.jpg","contentUrl":"https:\/\/swissbaker.ch\/wp-content\/uploads\/2022\/04\/sbc-logo-yoast.jpg","width":512,"height":512,"caption":"Schweizerischer B\u00e4cker-Confiseurmeister-Verband"},"image":{"@id":"https:\/\/swissbaker.ch\/fr\/#\/schema\/logo\/image\/"},"sameAs":["https:\/\/www.facebook.com\/swissbaker.ch","https:\/\/x.com\/ch_swissbaker"]}]}},"_links":{"self":[{"href":"https:\/\/swissbaker.ch\/fr\/wp-json\/wp\/v2\/pages\/37676","targetHints":{"allow":["GET"]}}],"collection":[{"href":"https:\/\/swissbaker.ch\/fr\/wp-json\/wp\/v2\/pages"}],"about":[{"href":"https:\/\/swissbaker.ch\/fr\/wp-json\/wp\/v2\/types\/page"}],"author":[{"embeddable":true,"href":"https:\/\/swissbaker.ch\/fr\/wp-json\/wp\/v2\/users\/1"}],"replies":[{"embeddable":true,"href":"https:\/\/swissbaker.ch\/fr\/wp-json\/wp\/v2\/comments?post=37676"}],"version-history":[{"count":0,"href":"https:\/\/swissbaker.ch\/fr\/wp-json\/wp\/v2\/pages\/37676\/revisions"}],"up":[{"embeddable":true,"href":"https:\/\/swissbaker.ch\/fr\/wp-json\/wp\/v2\/pages\/31868"}],"wp:attachment":[{"href":"https:\/\/swissbaker.ch\/fr\/wp-json\/wp\/v2\/media?parent=37676"}],"curies":[{"name":"wp","href":"https:\/\/api.w.org\/{rel}","templated":true}]}}