{"id":36236,"date":"2022-06-07T16:04:50","date_gmt":"2022-06-07T14:04:50","guid":{"rendered":"https:\/\/swissbaker.ch\/?page_id=36236"},"modified":"2023-02-14T14:42:42","modified_gmt":"2023-02-14T13:42:42","slug":"assurance-protection-juridique","status":"publish","type":"page","link":"https:\/\/swissbaker.ch\/fr\/association\/prestations-de-partenaires\/assurance-protection-juridique\/","title":{"rendered":"Assurance protection juridique"},"content":{"rendered":"\n<p><strong>En tant que membre de la BCS, vous pouvez profiter de notre offre d\u2019assurance juridique entreprise et \/ ou priv\u00e9e, circulation et immobilier.<\/strong><\/p>\n\n\n\n<p>Outre les renseignements juridiques gratuits dont b\u00e9n\u00e9ficient toujours tous les membres de la BCS, vous avez \u00e9galement la possibilit\u00e9 de conclure les variantes de protection juridique suivantes, avantageuses pour vous:<\/p>\n\n\n\n<ul class=\"wp-block-list\"><li>protection juridique entreprise et circulation pour entreprises de la boulangerie-confiserie<\/li><li>Produits combin\u00e9s pour ind\u00e9pendants et individuels&nbsp;<\/li><li>Assistance juridique et prise en charge de frais<\/li><\/ul>\n\n\n\n<p>Vous trouverez de plus amples informations dans cette documentation:<\/p>\n\n\n\n<div class=\"wp-block-file\"><a id=\"wp-block-file--media-91511186-4fc5-49a0-b7a6-0272cfb12aef\" href=\"https:\/\/swissbaker.ch\/wp-content\/uploads\/2022\/06\/sbc_rechtsschutz-versicherung_f.pdf\">BCS assurance protection juridique<\/a><\/div>\n","protected":false},"excerpt":{"rendered":"<p>En tant que membre de la BCS, vous pouvez profiter de notre offre d\u2019assurance juridique entreprise et \/ ou priv\u00e9e, circulation et immobilier. Outre les renseignements juridiques gratuits dont b\u00e9n\u00e9ficient toujours tous les membres de la BCS, vous avez \u00e9galement la possibilit\u00e9 de conclure les variantes de protection juridique suivantes, avantageuses pour vous: protection juridique entreprise et circulation pour entreprises [&hellip;]<\/p>\n","protected":false},"author":1,"featured_media":0,"parent":32753,"menu_order":0,"comment_status":"closed","ping_status":"closed","template":"","meta":{"_acf_changed":false,"footnotes":""},"class_list":["post-36236","page","type-page","status-publish","hentry"],"acf":[],"yoast_head":"<!-- This site is optimized with the Yoast SEO Premium plugin v26.8 (Yoast SEO v26.8) - https:\/\/yoast.com\/product\/yoast-seo-premium-wordpress\/ -->\n<title>Assurance protection juridique | SBC<\/title>\n<meta name=\"robots\" content=\"index, follow, max-snippet:-1, max-image-preview:large, max-video-preview:-1\" \/>\n<link rel=\"canonical\" href=\"https:\/\/swissbaker.ch\/fr\/association\/prestations-de-partenaires\/assurance-protection-juridique\/\" \/>\n<meta property=\"og:locale\" content=\"fr_FR\" \/>\n<meta property=\"og:type\" content=\"article\" \/>\n<meta property=\"og:title\" content=\"Assurance protection juridique\" \/>\n<meta property=\"og:description\" content=\"En tant que membre de la BCS, vous pouvez profiter de notre offre d\u2019assurance juridique entreprise et \/ ou priv\u00e9e, circulation et immobilier. Outre les renseignements juridiques gratuits dont b\u00e9n\u00e9ficient toujours tous les membres de la BCS, vous avez \u00e9galement la possibilit\u00e9 de conclure les variantes de protection juridique suivantes, avantageuses pour vous: protection juridique entreprise et circulation pour entreprises [&hellip;]\" \/>\n<meta property=\"og:url\" content=\"https:\/\/swissbaker.ch\/fr\/association\/prestations-de-partenaires\/assurance-protection-juridique\/\" \/>\n<meta property=\"og:site_name\" content=\"SBC\" \/>\n<meta property=\"article:publisher\" content=\"https:\/\/www.facebook.com\/swissbaker.ch\" \/>\n<meta property=\"article:modified_time\" content=\"2023-02-14T13:42:42+00:00\" \/>\n<meta property=\"og:image\" content=\"https:\/\/swissbaker.ch\/wp-content\/uploads\/2022\/04\/sbc-logo-yoast.jpg\" \/>\n\t<meta property=\"og:image:width\" content=\"512\" \/>\n\t<meta property=\"og:image:height\" content=\"512\" \/>\n\t<meta property=\"og:image:type\" content=\"image\/jpeg\" \/>\n<meta name=\"twitter:card\" content=\"summary_large_image\" \/>\n<meta name=\"twitter:site\" content=\"@ch_swissbaker\" \/>\n<meta name=\"twitter:label1\" content=\"Est. reading time\" \/>\n\t<meta name=\"twitter:data1\" content=\"1 minute\" \/>\n<script type=\"application\/ld+json\" class=\"yoast-schema-graph\">{\"@context\":\"https:\/\/schema.org\",\"@graph\":[{\"@type\":\"WebPage\",\"@id\":\"https:\/\/swissbaker.ch\/fr\/association\/prestations-de-partenaires\/assurance-protection-juridique\/\",\"url\":\"https:\/\/swissbaker.ch\/fr\/association\/prestations-de-partenaires\/assurance-protection-juridique\/\",\"name\":\"Assurance protection juridique | SBC\",\"isPartOf\":{\"@id\":\"https:\/\/swissbaker.ch\/fr\/#website\"},\"datePublished\":\"2022-06-07T14:04:50+00:00\",\"dateModified\":\"2023-02-14T13:42:42+00:00\",\"breadcrumb\":{\"@id\":\"https:\/\/swissbaker.ch\/fr\/association\/prestations-de-partenaires\/assurance-protection-juridique\/#breadcrumb\"},\"inLanguage\":\"fr-FR\",\"potentialAction\":[{\"@type\":\"ReadAction\",\"target\":[\"https:\/\/swissbaker.ch\/fr\/association\/prestations-de-partenaires\/assurance-protection-juridique\/\"]}]},{\"@type\":\"BreadcrumbList\",\"@id\":\"https:\/\/swissbaker.ch\/fr\/association\/prestations-de-partenaires\/assurance-protection-juridique\/#breadcrumb\",\"itemListElement\":[{\"@type\":\"ListItem\",\"position\":1,\"name\":\"\",\"item\":\"https:\/\/swissbaker.ch\/fr\/\"},{\"@type\":\"ListItem\",\"position\":2,\"name\":\"Association\u00a0\",\"item\":\"https:\/\/swissbaker.ch\/fr\/association\/\"},{\"@type\":\"ListItem\",\"position\":3,\"name\":\"Prestations de partenaires\",\"item\":\"https:\/\/swissbaker.ch\/fr\/association\/prestations-de-partenaires\/\"},{\"@type\":\"ListItem\",\"position\":4,\"name\":\"Assurance protection juridique\"}]},{\"@type\":\"WebSite\",\"@id\":\"https:\/\/swissbaker.ch\/fr\/#website\",\"url\":\"https:\/\/swissbaker.ch\/fr\/\",\"name\":\"SBC\",\"description\":\"\",\"publisher\":{\"@id\":\"https:\/\/swissbaker.ch\/fr\/#organization\"},\"potentialAction\":[{\"@type\":\"SearchAction\",\"target\":{\"@type\":\"EntryPoint\",\"urlTemplate\":\"https:\/\/swissbaker.ch\/fr\/?s={search_term_string}\"},\"query-input\":{\"@type\":\"PropertyValueSpecification\",\"valueRequired\":true,\"valueName\":\"search_term_string\"}}],\"inLanguage\":\"fr-FR\"},{\"@type\":\"Organization\",\"@id\":\"https:\/\/swissbaker.ch\/fr\/#organization\",\"name\":\"Schweizerischer B\u00e4cker-Confiseurmeister-Verband\",\"url\":\"https:\/\/swissbaker.ch\/fr\/\",\"logo\":{\"@type\":\"ImageObject\",\"inLanguage\":\"fr-FR\",\"@id\":\"https:\/\/swissbaker.ch\/fr\/#\/schema\/logo\/image\/\",\"url\":\"https:\/\/swissbaker.ch\/wp-content\/uploads\/2022\/04\/sbc-logo-yoast.jpg\",\"contentUrl\":\"https:\/\/swissbaker.ch\/wp-content\/uploads\/2022\/04\/sbc-logo-yoast.jpg\",\"width\":512,\"height\":512,\"caption\":\"Schweizerischer B\u00e4cker-Confiseurmeister-Verband\"},\"image\":{\"@id\":\"https:\/\/swissbaker.ch\/fr\/#\/schema\/logo\/image\/\"},\"sameAs\":[\"https:\/\/www.facebook.com\/swissbaker.ch\",\"https:\/\/x.com\/ch_swissbaker\"]}]}<\/script>\n<!-- \/ Yoast SEO Premium plugin. -->","yoast_head_json":{"title":"Assurance protection juridique | SBC","robots":{"index":"index","follow":"follow","max-snippet":"max-snippet:-1","max-image-preview":"max-image-preview:large","max-video-preview":"max-video-preview:-1"},"canonical":"https:\/\/swissbaker.ch\/fr\/association\/prestations-de-partenaires\/assurance-protection-juridique\/","og_locale":"fr_FR","og_type":"article","og_title":"Assurance protection juridique","og_description":"En tant que membre de la BCS, vous pouvez profiter de notre offre d\u2019assurance juridique entreprise et \/ ou priv\u00e9e, circulation et immobilier. Outre les renseignements juridiques gratuits dont b\u00e9n\u00e9ficient toujours tous les membres de la BCS, vous avez \u00e9galement la possibilit\u00e9 de conclure les variantes de protection juridique suivantes, avantageuses pour vous: protection juridique entreprise et circulation pour entreprises [&hellip;]","og_url":"https:\/\/swissbaker.ch\/fr\/association\/prestations-de-partenaires\/assurance-protection-juridique\/","og_site_name":"SBC","article_publisher":"https:\/\/www.facebook.com\/swissbaker.ch","article_modified_time":"2023-02-14T13:42:42+00:00","og_image":[{"width":512,"height":512,"url":"https:\/\/swissbaker.ch\/wp-content\/uploads\/2022\/04\/sbc-logo-yoast.jpg","type":"image\/jpeg"}],"twitter_card":"summary_large_image","twitter_site":"@ch_swissbaker","twitter_misc":{"Est. reading time":"1 minute"},"schema":{"@context":"https:\/\/schema.org","@graph":[{"@type":"WebPage","@id":"https:\/\/swissbaker.ch\/fr\/association\/prestations-de-partenaires\/assurance-protection-juridique\/","url":"https:\/\/swissbaker.ch\/fr\/association\/prestations-de-partenaires\/assurance-protection-juridique\/","name":"Assurance protection juridique | SBC","isPartOf":{"@id":"https:\/\/swissbaker.ch\/fr\/#website"},"datePublished":"2022-06-07T14:04:50+00:00","dateModified":"2023-02-14T13:42:42+00:00","breadcrumb":{"@id":"https:\/\/swissbaker.ch\/fr\/association\/prestations-de-partenaires\/assurance-protection-juridique\/#breadcrumb"},"inLanguage":"fr-FR","potentialAction":[{"@type":"ReadAction","target":["https:\/\/swissbaker.ch\/fr\/association\/prestations-de-partenaires\/assurance-protection-juridique\/"]}]},{"@type":"BreadcrumbList","@id":"https:\/\/swissbaker.ch\/fr\/association\/prestations-de-partenaires\/assurance-protection-juridique\/#breadcrumb","itemListElement":[{"@type":"ListItem","position":1,"name":"","item":"https:\/\/swissbaker.ch\/fr\/"},{"@type":"ListItem","position":2,"name":"Association\u00a0","item":"https:\/\/swissbaker.ch\/fr\/association\/"},{"@type":"ListItem","position":3,"name":"Prestations de partenaires","item":"https:\/\/swissbaker.ch\/fr\/association\/prestations-de-partenaires\/"},{"@type":"ListItem","position":4,"name":"Assurance protection juridique"}]},{"@type":"WebSite","@id":"https:\/\/swissbaker.ch\/fr\/#website","url":"https:\/\/swissbaker.ch\/fr\/","name":"SBC","description":"","publisher":{"@id":"https:\/\/swissbaker.ch\/fr\/#organization"},"potentialAction":[{"@type":"SearchAction","target":{"@type":"EntryPoint","urlTemplate":"https:\/\/swissbaker.ch\/fr\/?s={search_term_string}"},"query-input":{"@type":"PropertyValueSpecification","valueRequired":true,"valueName":"search_term_string"}}],"inLanguage":"fr-FR"},{"@type":"Organization","@id":"https:\/\/swissbaker.ch\/fr\/#organization","name":"Schweizerischer B\u00e4cker-Confiseurmeister-Verband","url":"https:\/\/swissbaker.ch\/fr\/","logo":{"@type":"ImageObject","inLanguage":"fr-FR","@id":"https:\/\/swissbaker.ch\/fr\/#\/schema\/logo\/image\/","url":"https:\/\/swissbaker.ch\/wp-content\/uploads\/2022\/04\/sbc-logo-yoast.jpg","contentUrl":"https:\/\/swissbaker.ch\/wp-content\/uploads\/2022\/04\/sbc-logo-yoast.jpg","width":512,"height":512,"caption":"Schweizerischer B\u00e4cker-Confiseurmeister-Verband"},"image":{"@id":"https:\/\/swissbaker.ch\/fr\/#\/schema\/logo\/image\/"},"sameAs":["https:\/\/www.facebook.com\/swissbaker.ch","https:\/\/x.com\/ch_swissbaker"]}]}},"_links":{"self":[{"href":"https:\/\/swissbaker.ch\/fr\/wp-json\/wp\/v2\/pages\/36236","targetHints":{"allow":["GET"]}}],"collection":[{"href":"https:\/\/swissbaker.ch\/fr\/wp-json\/wp\/v2\/pages"}],"about":[{"href":"https:\/\/swissbaker.ch\/fr\/wp-json\/wp\/v2\/types\/page"}],"author":[{"embeddable":true,"href":"https:\/\/swissbaker.ch\/fr\/wp-json\/wp\/v2\/users\/1"}],"replies":[{"embeddable":true,"href":"https:\/\/swissbaker.ch\/fr\/wp-json\/wp\/v2\/comments?post=36236"}],"version-history":[{"count":0,"href":"https:\/\/swissbaker.ch\/fr\/wp-json\/wp\/v2\/pages\/36236\/revisions"}],"up":[{"embeddable":true,"href":"https:\/\/swissbaker.ch\/fr\/wp-json\/wp\/v2\/pages\/32753"}],"wp:attachment":[{"href":"https:\/\/swissbaker.ch\/fr\/wp-json\/wp\/v2\/media?parent=36236"}],"curies":[{"name":"wp","href":"https:\/\/api.w.org\/{rel}","templated":true}]}}