{"id":36154,"date":"2022-06-07T15:19:11","date_gmt":"2022-06-07T13:19:11","guid":{"rendered":"https:\/\/swissbaker.ch\/?page_id=36154"},"modified":"2025-01-22T10:22:21","modified_gmt":"2025-01-22T09:22:21","slug":"supports-publicitaires","status":"publish","type":"page","link":"https:\/\/swissbaker.ch\/fr\/association\/prestations-de-service\/marketing-communication\/supports-publicitaires\/","title":{"rendered":"Supports publicitaires"},"content":{"rendered":"\n<h2 class=\"wp-block-heading\" id=\"h-petit-dejeuner\">Petit d\u00e9jeuner<\/h2>\n\n\n\n<div class=\"wp-block-columns\">\n<div class=\"wp-block-column\">\n<figure class=\"wp-block-image size-full is-resized\"><img decoding=\"async\" width=\"280\" height=\"192\" src=\"https:\/\/swissbaker.ch\/wp-content\/uploads\/2022\/06\/csm_plakatlinie_zmorge_d_935590ebe9.jpg\" alt=\"\" class=\"wp-image-36145\" style=\"width:280px;height:192px\"\/><\/figure>\n<\/div>\n\n\n\n<div class=\"wp-block-column\">\n<p>Ces sujets d\u2019affiches visent \u00e0 faire d\u00e9couvrir la vari\u00e9t\u00e9 des produits de petit d\u00e9jeuner dans les boulangeries-confiseries. Il y en a pour tous les go\u00fbts chez les artisans boulangers-confiseurs!<\/p>\n<\/div>\n<\/div>\n\n\n\n<h2 class=\"wp-block-heading\" id=\"h-chaque-jour-est-une-fete-chez-l-artisan-boulanger\">\u00abChaque jour est une f\u00eate chez l\u2019artisan boulanger!\u00bb<\/h2>\n\n\n\n<div class=\"wp-block-columns\">\n<div class=\"wp-block-column\">\n<figure class=\"wp-block-image size-full\"><img decoding=\"async\" width=\"280\" height=\"259\" src=\"https:\/\/swissbaker.ch\/wp-content\/uploads\/2022\/06\/csm_plakatlinie_festtage_f_0c66cbc45d.jpg\" alt=\"\" class=\"wp-image-36158\"\/><\/figure>\n<\/div>\n\n\n\n<div class=\"wp-block-column\">\n<p><strong><strong>F\u00eate des Rois, Saint-Valentin, P\u00e2ques, f\u00eate des M\u00e8res, 1<sup>er<\/sup>&nbsp;ao\u00fbt, Saint-Nicolas\u2026<\/strong><\/strong><\/p>\n\n\n\n<p>A l\u2019occasion des jours de f\u00eate, les clients peuvent s\u2019en remettre aux produits traditionnels des artisans boulangers-confiseurs. Une belle campagne d\u2019affichage leur rappelle en temps voulu ces journ\u00e9es un peu particuli\u00e8res, pour leur permettre de les c\u00e9l\u00e9brer en savourant de succulentes cr\u00e9ations de boulangerie\/confiserie.<\/p>\n<\/div>\n<\/div>\n\n\n\n<h2 class=\"wp-block-heading\" id=\"h-delicieusement-surprenant\">\u00abD\u00e9licieusement surprenant!\u00bb<\/h2>\n\n\n\n<div class=\"wp-block-columns\">\n<div class=\"wp-block-column\">\n<figure class=\"wp-block-image size-full\"><img decoding=\"async\" width=\"280\" height=\"397\" src=\"https:\/\/swissbaker.ch\/wp-content\/uploads\/2022\/06\/csm_plakatlinie_ueberraschung_f_400c6d15a8.jpg\" alt=\"\" class=\"wp-image-36160\"\/><\/figure>\n<\/div>\n\n\n\n<div class=\"wp-block-column\">\n<p><br>Des produits standards sont mis en avant avec humour et fra\u00eecheur. Diff\u00e9rentes accroches \u00e0 choix!<\/p>\n<\/div>\n<\/div>\n\n\n\n<h2 class=\"wp-block-heading\" id=\"h-regarde-bien-en-achetant-du-pain\">\u00abRegarde bien en achetant du pain\u00bb<\/h2>\n\n\n\n<div class=\"wp-block-columns\">\n<div class=\"wp-block-column\">\n<figure class=\"wp-block-image size-full\"><img decoding=\"async\" width=\"1200\" height=\"712\" src=\"https:\/\/swissbaker.ch\/wp-content\/uploads\/2025\/01\/2_1_schweizerbrot_fr_neu.jpg\" alt=\"\" class=\"wp-image-115926\" srcset=\"https:\/\/swissbaker.ch\/wp-content\/uploads\/2025\/01\/2_1_schweizerbrot_fr_neu.jpg 1200w, https:\/\/swissbaker.ch\/wp-content\/uploads\/2025\/01\/2_1_schweizerbrot_fr_neu-1024x608.jpg 1024w, https:\/\/swissbaker.ch\/wp-content\/uploads\/2025\/01\/2_1_schweizerbrot_fr_neu-768x456.jpg 768w\" sizes=\"(max-width: 1200px) 100vw, 1200px\" \/><\/figure>\n<\/div>\n\n\n\n<div class=\"wp-block-column\">\n<p>Avec la campagne \u00abRegarde bien, en achetant du pain\u00bb, <a href=\"http:\/\/painsuisse.ch\">l\u2019association Pain suisse<\/a> envoie un signal fort, pour se r\u00e9galer en toute s\u00e9r\u00e9nit\u00e9. Participez \u00e0 la campagne et renforcez notre artisanat local !<br><a href=\"https:\/\/swissbaker.ch\/fr\/produktkategorie\/plakate-schweizer-brot-fr\/\">Mat\u00e9riel publicitaire &#8230;\u00bb<\/a><\/p>\n<\/div>\n<\/div>\n","protected":false},"excerpt":{"rendered":"<p>Petit d\u00e9jeuner Ces sujets d\u2019affiches visent \u00e0 faire d\u00e9couvrir la vari\u00e9t\u00e9 des produits de petit d\u00e9jeuner dans les boulangeries-confiseries. Il y en a pour tous les go\u00fbts chez les artisans boulangers-confiseurs! \u00abChaque jour est une f\u00eate chez l\u2019artisan boulanger!\u00bb F\u00eate des Rois, Saint-Valentin, P\u00e2ques, f\u00eate des M\u00e8res, 1er&nbsp;ao\u00fbt, Saint-Nicolas\u2026 A l\u2019occasion des jours de f\u00eate, les clients peuvent s\u2019en remettre [&hellip;]<\/p>\n","protected":false},"author":1,"featured_media":0,"parent":13646,"menu_order":0,"comment_status":"closed","ping_status":"closed","template":"","meta":{"_acf_changed":false,"footnotes":""},"class_list":["post-36154","page","type-page","status-publish","hentry"],"acf":[],"yoast_head":"<!-- This site is optimized with the Yoast SEO Premium plugin v26.8 (Yoast SEO v26.8) - https:\/\/yoast.com\/product\/yoast-seo-premium-wordpress\/ -->\n<title>Supports publicitaires | SBC<\/title>\n<meta name=\"robots\" content=\"index, follow, max-snippet:-1, max-image-preview:large, max-video-preview:-1\" \/>\n<link rel=\"canonical\" href=\"https:\/\/swissbaker.ch\/fr\/association\/prestations-de-service\/marketing-communication\/supports-publicitaires\/\" \/>\n<meta property=\"og:locale\" content=\"fr_FR\" \/>\n<meta property=\"og:type\" content=\"article\" \/>\n<meta property=\"og:title\" content=\"Supports publicitaires\" \/>\n<meta property=\"og:description\" content=\"Petit d\u00e9jeuner Ces sujets d\u2019affiches visent \u00e0 faire d\u00e9couvrir la vari\u00e9t\u00e9 des produits de petit d\u00e9jeuner dans les boulangeries-confiseries. Il y en a pour tous les go\u00fbts chez les artisans boulangers-confiseurs! \u00abChaque jour est une f\u00eate chez l\u2019artisan boulanger!\u00bb F\u00eate des Rois, Saint-Valentin, P\u00e2ques, f\u00eate des M\u00e8res, 1er&nbsp;ao\u00fbt, Saint-Nicolas\u2026 A l\u2019occasion des jours de f\u00eate, les clients peuvent s\u2019en remettre [&hellip;]\" \/>\n<meta property=\"og:url\" content=\"https:\/\/swissbaker.ch\/fr\/association\/prestations-de-service\/marketing-communication\/supports-publicitaires\/\" \/>\n<meta property=\"og:site_name\" content=\"SBC\" \/>\n<meta property=\"article:publisher\" content=\"https:\/\/www.facebook.com\/swissbaker.ch\" \/>\n<meta property=\"article:modified_time\" content=\"2025-01-22T09:22:21+00:00\" \/>\n<meta property=\"og:image\" content=\"https:\/\/swissbaker.ch\/wp-content\/uploads\/2022\/06\/csm_plakatlinie_zmorge_d_935590ebe9.jpg\" \/>\n<meta name=\"twitter:card\" content=\"summary_large_image\" \/>\n<meta name=\"twitter:site\" content=\"@ch_swissbaker\" \/>\n<meta name=\"twitter:label1\" content=\"Est. reading time\" \/>\n\t<meta name=\"twitter:data1\" content=\"2 minutes\" \/>\n<script type=\"application\/ld+json\" class=\"yoast-schema-graph\">{\"@context\":\"https:\/\/schema.org\",\"@graph\":[{\"@type\":\"WebPage\",\"@id\":\"https:\/\/swissbaker.ch\/fr\/association\/prestations-de-service\/marketing-communication\/supports-publicitaires\/\",\"url\":\"https:\/\/swissbaker.ch\/fr\/association\/prestations-de-service\/marketing-communication\/supports-publicitaires\/\",\"name\":\"Supports publicitaires | SBC\",\"isPartOf\":{\"@id\":\"https:\/\/swissbaker.ch\/fr\/#website\"},\"primaryImageOfPage\":{\"@id\":\"https:\/\/swissbaker.ch\/fr\/association\/prestations-de-service\/marketing-communication\/supports-publicitaires\/#primaryimage\"},\"image\":{\"@id\":\"https:\/\/swissbaker.ch\/fr\/association\/prestations-de-service\/marketing-communication\/supports-publicitaires\/#primaryimage\"},\"thumbnailUrl\":\"https:\/\/swissbaker.ch\/wp-content\/uploads\/2022\/06\/csm_plakatlinie_zmorge_d_935590ebe9.jpg\",\"datePublished\":\"2022-06-07T13:19:11+00:00\",\"dateModified\":\"2025-01-22T09:22:21+00:00\",\"breadcrumb\":{\"@id\":\"https:\/\/swissbaker.ch\/fr\/association\/prestations-de-service\/marketing-communication\/supports-publicitaires\/#breadcrumb\"},\"inLanguage\":\"fr-FR\",\"potentialAction\":[{\"@type\":\"ReadAction\",\"target\":[\"https:\/\/swissbaker.ch\/fr\/association\/prestations-de-service\/marketing-communication\/supports-publicitaires\/\"]}]},{\"@type\":\"ImageObject\",\"inLanguage\":\"fr-FR\",\"@id\":\"https:\/\/swissbaker.ch\/fr\/association\/prestations-de-service\/marketing-communication\/supports-publicitaires\/#primaryimage\",\"url\":\"https:\/\/swissbaker.ch\/wp-content\/uploads\/2022\/06\/csm_plakatlinie_zmorge_d_935590ebe9.jpg\",\"contentUrl\":\"https:\/\/swissbaker.ch\/wp-content\/uploads\/2022\/06\/csm_plakatlinie_zmorge_d_935590ebe9.jpg\"},{\"@type\":\"BreadcrumbList\",\"@id\":\"https:\/\/swissbaker.ch\/fr\/association\/prestations-de-service\/marketing-communication\/supports-publicitaires\/#breadcrumb\",\"itemListElement\":[{\"@type\":\"ListItem\",\"position\":1,\"name\":\"\",\"item\":\"https:\/\/swissbaker.ch\/fr\/\"},{\"@type\":\"ListItem\",\"position\":2,\"name\":\"Association\u00a0\",\"item\":\"https:\/\/swissbaker.ch\/fr\/association\/\"},{\"@type\":\"ListItem\",\"position\":3,\"name\":\"Prestations de service\",\"item\":\"https:\/\/swissbaker.ch\/fr\/association\/prestations-de-service\/\"},{\"@type\":\"ListItem\",\"position\":4,\"name\":\"Marketing\/communication\",\"item\":\"https:\/\/swissbaker.ch\/fr\/association\/prestations-de-service\/marketing-communication\/\"},{\"@type\":\"ListItem\",\"position\":5,\"name\":\"Supports publicitaires\"}]},{\"@type\":\"WebSite\",\"@id\":\"https:\/\/swissbaker.ch\/fr\/#website\",\"url\":\"https:\/\/swissbaker.ch\/fr\/\",\"name\":\"SBC\",\"description\":\"\",\"publisher\":{\"@id\":\"https:\/\/swissbaker.ch\/fr\/#organization\"},\"potentialAction\":[{\"@type\":\"SearchAction\",\"target\":{\"@type\":\"EntryPoint\",\"urlTemplate\":\"https:\/\/swissbaker.ch\/fr\/?s={search_term_string}\"},\"query-input\":{\"@type\":\"PropertyValueSpecification\",\"valueRequired\":true,\"valueName\":\"search_term_string\"}}],\"inLanguage\":\"fr-FR\"},{\"@type\":\"Organization\",\"@id\":\"https:\/\/swissbaker.ch\/fr\/#organization\",\"name\":\"Schweizerischer B\u00e4cker-Confiseurmeister-Verband\",\"url\":\"https:\/\/swissbaker.ch\/fr\/\",\"logo\":{\"@type\":\"ImageObject\",\"inLanguage\":\"fr-FR\",\"@id\":\"https:\/\/swissbaker.ch\/fr\/#\/schema\/logo\/image\/\",\"url\":\"https:\/\/swissbaker.ch\/wp-content\/uploads\/2022\/04\/sbc-logo-yoast.jpg\",\"contentUrl\":\"https:\/\/swissbaker.ch\/wp-content\/uploads\/2022\/04\/sbc-logo-yoast.jpg\",\"width\":512,\"height\":512,\"caption\":\"Schweizerischer B\u00e4cker-Confiseurmeister-Verband\"},\"image\":{\"@id\":\"https:\/\/swissbaker.ch\/fr\/#\/schema\/logo\/image\/\"},\"sameAs\":[\"https:\/\/www.facebook.com\/swissbaker.ch\",\"https:\/\/x.com\/ch_swissbaker\"]}]}<\/script>\n<!-- \/ Yoast SEO Premium plugin. -->","yoast_head_json":{"title":"Supports publicitaires | SBC","robots":{"index":"index","follow":"follow","max-snippet":"max-snippet:-1","max-image-preview":"max-image-preview:large","max-video-preview":"max-video-preview:-1"},"canonical":"https:\/\/swissbaker.ch\/fr\/association\/prestations-de-service\/marketing-communication\/supports-publicitaires\/","og_locale":"fr_FR","og_type":"article","og_title":"Supports publicitaires","og_description":"Petit d\u00e9jeuner Ces sujets d\u2019affiches visent \u00e0 faire d\u00e9couvrir la vari\u00e9t\u00e9 des produits de petit d\u00e9jeuner dans les boulangeries-confiseries. Il y en a pour tous les go\u00fbts chez les artisans boulangers-confiseurs! \u00abChaque jour est une f\u00eate chez l\u2019artisan boulanger!\u00bb F\u00eate des Rois, Saint-Valentin, P\u00e2ques, f\u00eate des M\u00e8res, 1er&nbsp;ao\u00fbt, Saint-Nicolas\u2026 A l\u2019occasion des jours de f\u00eate, les clients peuvent s\u2019en remettre [&hellip;]","og_url":"https:\/\/swissbaker.ch\/fr\/association\/prestations-de-service\/marketing-communication\/supports-publicitaires\/","og_site_name":"SBC","article_publisher":"https:\/\/www.facebook.com\/swissbaker.ch","article_modified_time":"2025-01-22T09:22:21+00:00","og_image":[{"url":"https:\/\/swissbaker.ch\/wp-content\/uploads\/2022\/06\/csm_plakatlinie_zmorge_d_935590ebe9.jpg","type":"","width":"","height":""}],"twitter_card":"summary_large_image","twitter_site":"@ch_swissbaker","twitter_misc":{"Est. reading time":"2 minutes"},"schema":{"@context":"https:\/\/schema.org","@graph":[{"@type":"WebPage","@id":"https:\/\/swissbaker.ch\/fr\/association\/prestations-de-service\/marketing-communication\/supports-publicitaires\/","url":"https:\/\/swissbaker.ch\/fr\/association\/prestations-de-service\/marketing-communication\/supports-publicitaires\/","name":"Supports publicitaires | SBC","isPartOf":{"@id":"https:\/\/swissbaker.ch\/fr\/#website"},"primaryImageOfPage":{"@id":"https:\/\/swissbaker.ch\/fr\/association\/prestations-de-service\/marketing-communication\/supports-publicitaires\/#primaryimage"},"image":{"@id":"https:\/\/swissbaker.ch\/fr\/association\/prestations-de-service\/marketing-communication\/supports-publicitaires\/#primaryimage"},"thumbnailUrl":"https:\/\/swissbaker.ch\/wp-content\/uploads\/2022\/06\/csm_plakatlinie_zmorge_d_935590ebe9.jpg","datePublished":"2022-06-07T13:19:11+00:00","dateModified":"2025-01-22T09:22:21+00:00","breadcrumb":{"@id":"https:\/\/swissbaker.ch\/fr\/association\/prestations-de-service\/marketing-communication\/supports-publicitaires\/#breadcrumb"},"inLanguage":"fr-FR","potentialAction":[{"@type":"ReadAction","target":["https:\/\/swissbaker.ch\/fr\/association\/prestations-de-service\/marketing-communication\/supports-publicitaires\/"]}]},{"@type":"ImageObject","inLanguage":"fr-FR","@id":"https:\/\/swissbaker.ch\/fr\/association\/prestations-de-service\/marketing-communication\/supports-publicitaires\/#primaryimage","url":"https:\/\/swissbaker.ch\/wp-content\/uploads\/2022\/06\/csm_plakatlinie_zmorge_d_935590ebe9.jpg","contentUrl":"https:\/\/swissbaker.ch\/wp-content\/uploads\/2022\/06\/csm_plakatlinie_zmorge_d_935590ebe9.jpg"},{"@type":"BreadcrumbList","@id":"https:\/\/swissbaker.ch\/fr\/association\/prestations-de-service\/marketing-communication\/supports-publicitaires\/#breadcrumb","itemListElement":[{"@type":"ListItem","position":1,"name":"","item":"https:\/\/swissbaker.ch\/fr\/"},{"@type":"ListItem","position":2,"name":"Association\u00a0","item":"https:\/\/swissbaker.ch\/fr\/association\/"},{"@type":"ListItem","position":3,"name":"Prestations de service","item":"https:\/\/swissbaker.ch\/fr\/association\/prestations-de-service\/"},{"@type":"ListItem","position":4,"name":"Marketing\/communication","item":"https:\/\/swissbaker.ch\/fr\/association\/prestations-de-service\/marketing-communication\/"},{"@type":"ListItem","position":5,"name":"Supports publicitaires"}]},{"@type":"WebSite","@id":"https:\/\/swissbaker.ch\/fr\/#website","url":"https:\/\/swissbaker.ch\/fr\/","name":"SBC","description":"","publisher":{"@id":"https:\/\/swissbaker.ch\/fr\/#organization"},"potentialAction":[{"@type":"SearchAction","target":{"@type":"EntryPoint","urlTemplate":"https:\/\/swissbaker.ch\/fr\/?s={search_term_string}"},"query-input":{"@type":"PropertyValueSpecification","valueRequired":true,"valueName":"search_term_string"}}],"inLanguage":"fr-FR"},{"@type":"Organization","@id":"https:\/\/swissbaker.ch\/fr\/#organization","name":"Schweizerischer B\u00e4cker-Confiseurmeister-Verband","url":"https:\/\/swissbaker.ch\/fr\/","logo":{"@type":"ImageObject","inLanguage":"fr-FR","@id":"https:\/\/swissbaker.ch\/fr\/#\/schema\/logo\/image\/","url":"https:\/\/swissbaker.ch\/wp-content\/uploads\/2022\/04\/sbc-logo-yoast.jpg","contentUrl":"https:\/\/swissbaker.ch\/wp-content\/uploads\/2022\/04\/sbc-logo-yoast.jpg","width":512,"height":512,"caption":"Schweizerischer B\u00e4cker-Confiseurmeister-Verband"},"image":{"@id":"https:\/\/swissbaker.ch\/fr\/#\/schema\/logo\/image\/"},"sameAs":["https:\/\/www.facebook.com\/swissbaker.ch","https:\/\/x.com\/ch_swissbaker"]}]}},"_links":{"self":[{"href":"https:\/\/swissbaker.ch\/fr\/wp-json\/wp\/v2\/pages\/36154","targetHints":{"allow":["GET"]}}],"collection":[{"href":"https:\/\/swissbaker.ch\/fr\/wp-json\/wp\/v2\/pages"}],"about":[{"href":"https:\/\/swissbaker.ch\/fr\/wp-json\/wp\/v2\/types\/page"}],"author":[{"embeddable":true,"href":"https:\/\/swissbaker.ch\/fr\/wp-json\/wp\/v2\/users\/1"}],"replies":[{"embeddable":true,"href":"https:\/\/swissbaker.ch\/fr\/wp-json\/wp\/v2\/comments?post=36154"}],"version-history":[{"count":0,"href":"https:\/\/swissbaker.ch\/fr\/wp-json\/wp\/v2\/pages\/36154\/revisions"}],"up":[{"embeddable":true,"href":"https:\/\/swissbaker.ch\/fr\/wp-json\/wp\/v2\/pages\/13646"}],"wp:attachment":[{"href":"https:\/\/swissbaker.ch\/fr\/wp-json\/wp\/v2\/media?parent=36154"}],"curies":[{"name":"wp","href":"https:\/\/api.w.org\/{rel}","templated":true}]}}