{"id":35959,"date":"2022-06-07T14:01:23","date_gmt":"2022-06-07T12:01:23","guid":{"rendered":"https:\/\/swissbaker.ch\/?page_id=35959"},"modified":"2022-06-07T14:18:42","modified_gmt":"2022-06-07T12:18:42","slug":"acheter-local-2021","status":"publish","type":"page","link":"https:\/\/swissbaker.ch\/fr\/association\/prestations-de-service\/marketing-communication\/campagnes\/acheter-local-2021\/","title":{"rendered":"Acheter local 2021"},"content":{"rendered":"\n<p>Les consommateurs ont d\u00e9couvert des produits et des commerces r\u00e9gionaux gr\u00e2ce au Covid-19. Il est d\u00e9sormais important de continuer \u00e0 promouvoir les achats dans les boulangeries-confiseries artisanales locales. Vous trouverez ci-dessous des nouveaux sujets\u00a0\u00e0 imprimer soi-m\u00eame.<br><a href=\"https:\/\/legacy.swissbaker.ch\/fr\/la-bcs\/marketingcommunication\/acheter-local-affiches-de-remerciement\/\">Veuillez \u00e9galement noter les sujets de juin 2020<\/a>.<\/p>\n\n\n\n<figure class=\"wp-block-image size-full is-resized\"><img decoding=\"async\" src=\"https:\/\/swissbaker.ch\/wp-content\/uploads\/2022\/06\/csm_3_plakate_21_internet_gerade_de_389c87f03f.jpg\" alt=\"\" class=\"wp-image-35859\" width=\"551\" height=\"272\"\/><\/figure>\n\n\n\n<p>Pour les affiches plus grandes, nous vous proposons notre\u00a0<a href=\"https:\/\/swissbaker.ch\/fr\/association\/prestations-de-service\/marketing-communication\/service-dimpression-daffiches\/\">service d\u2019impression d\u2019affiches<\/a>. Vous pouvez \u00e9galement nous contacter si vous souhaitez r\u00e9aliser des affiches personnalis\u00e9es.<\/p>\n\n\n\n<h2 class=\"wp-block-heading\" id=\"h-affiches-a-telecharger\">Affiches \u00e0 t\u00e9l\u00e9charger<\/h2>\n\n\n\n<h2 class=\"wp-block-heading\"><strong>Sujet pain:<\/strong><\/h2>\n\n\n\n<div class=\"wp-block-file\"><a id=\"wp-block-file--media-28544925-8dec-47c8-a2c6-654a1600b45e\" href=\"https:\/\/swissbaker.ch\/wp-content\/uploads\/2022\/06\/affiche_pain_main_f.pdf\">Affiche_pain_main.pdf<\/a><\/div>\n\n\n\n<div class=\"wp-block-file\"><a id=\"wp-block-file--media-bec2e2d4-6f1c-4377-9d94-134373e67d27\" href=\"https:\/\/swissbaker.ch\/wp-content\/themes\/azr-theme-child\/ajax\/force_download.php?id=35963\">Affiche_pain_main.jpg<\/a><\/div>\n\n\n\n<div class=\"wp-block-file\"><a id=\"wp-block-file--media-3dd5b258-783b-4d85-8173-5ee2c44fb97a\" href=\"https:\/\/swissbaker.ch\/wp-content\/uploads\/2022\/06\/affiche_pain_delicieux_f.pdf\">Affiche_pain_delicieux.pdf<\/a><\/div>\n\n\n\n<div class=\"wp-block-file\"><a id=\"wp-block-file--media-de5f6a70-3eb3-4cd7-a0ce-d6236484cd54\" href=\"https:\/\/swissbaker.ch\/wp-content\/themes\/azr-theme-child\/ajax\/force_download.php?id=35968\">Affiche_pain_delicieux.jpg<\/a><\/div>\n\n\n\n<div class=\"wp-block-file\"><a id=\"wp-block-file--media-913100d2-fa8d-49e9-9a7d-06dd3590c41f\" href=\"https:\/\/swissbaker.ch\/wp-content\/uploads\/2022\/06\/affiche_pain_ta_fidelite_f.pdf\">Affiche_pain_ta_fidelite.pdf<\/a><\/div>\n\n\n\n<div class=\"wp-block-file\"><a id=\"wp-block-file--media-12df61cc-4c25-4448-b12f-585b6f5e435a\" href=\"https:\/\/swissbaker.ch\/wp-content\/themes\/azr-theme-child\/ajax\/force_download.php?id=35972\">Affiche_pain_ta_fidelite.jpg<\/a><\/div>\n\n\n\n<div class=\"wp-block-file\"><a id=\"wp-block-file--media-3857f3e0-ac3e-4a81-a29c-f1f401729d2c\" href=\"https:\/\/swissbaker.ch\/wp-content\/uploads\/2022\/06\/affiche_pain_votre_fidelite_f.pdf\">Affiche_pain_votre_fidelite.pdf<\/a><\/div>\n\n\n\n<div class=\"wp-block-file\"><a id=\"wp-block-file--media-099f9be8-3b52-4e4c-a585-85c1a18eeb8c\" href=\"https:\/\/swissbaker.ch\/wp-content\/themes\/azr-theme-child\/ajax\/force_download.php?id=35976\">Affiche_pain_votre_fidelite.jpg<\/a><\/div>\n\n\n\n<h2 class=\"wp-block-heading\" id=\"h-sujet-coquin\">Sujet coquin:<\/h2>\n\n\n\n<div class=\"wp-block-file\"><a id=\"wp-block-file--media-85750f73-b134-424d-8a43-d6295dd3a643\" href=\"https:\/\/swissbaker.ch\/wp-content\/uploads\/2022\/06\/affiche_coquin_main_f.pdf\">Affiche_coquin_main.pdf<\/a><\/div>\n\n\n\n<div class=\"wp-block-file\"><a id=\"wp-block-file--media-de5a0b6d-17f2-4f88-8f76-1163c4fabcf0\" href=\"https:\/\/swissbaker.ch\/wp-content\/themes\/azr-theme-child\/ajax\/force_download.php?id=35981\">Affiche_coquin_main.jpg<\/a><\/div>\n\n\n\n<div class=\"wp-block-file\"><a id=\"wp-block-file--media-eff15b79-e4c6-4d1a-9e8a-5c38cc4fd599\" href=\"https:\/\/swissbaker.ch\/wp-content\/uploads\/2022\/06\/affiche_coquin_delicieux_f.pdf\">Affiche_coquin_delicieux.pdf<\/a><\/div>\n\n\n\n<div class=\"wp-block-file\"><a id=\"wp-block-file--media-8fa36024-7868-4121-b610-b887cbe13740\" href=\"https:\/\/swissbaker.ch\/wp-content\/themes\/azr-theme-child\/ajax\/force_download.php?id=35985\">Affiche_coquin_delicieux.jpg<\/a><\/div>\n\n\n\n<div class=\"wp-block-file\"><a id=\"wp-block-file--media-2fc7bf37-c961-4e5e-a634-fc96b081e1dd\" href=\"https:\/\/swissbaker.ch\/wp-content\/uploads\/2022\/06\/affiche_coquin_ta_fidelite_f.pdf\">Affiche_coquin_ta_fidelite.pdf<\/a><\/div>\n\n\n\n<div class=\"wp-block-file\"><a id=\"wp-block-file--media-9d9fdabd-d624-4828-b75f-e00984cf4e07\" href=\"https:\/\/swissbaker.ch\/wp-content\/themes\/azr-theme-child\/ajax\/force_download.php?id=35989\">Affiche_coquin_ta_fidelite.jpg<\/a><\/div>\n\n\n\n<div class=\"wp-block-file\"><a id=\"wp-block-file--media-99a7e0c6-90a0-47a2-8b35-e4f681aa3255\" href=\"https:\/\/swissbaker.ch\/wp-content\/uploads\/2022\/06\/affiche_coquin_votre_fidelite_f.pdf\">Affiche_coquin_votre_fidelite.pdf<\/a><\/div>\n\n\n\n<div class=\"wp-block-file\"><a id=\"wp-block-file--media-7b393c48-9918-4ccf-8635-eae6921b81ee\" href=\"https:\/\/swissbaker.ch\/wp-content\/themes\/azr-theme-child\/ajax\/force_download.php?id=35993\">Affiche_coquin_votre_fidelite.jpg<\/a><\/div>\n\n\n\n<h2 class=\"wp-block-heading\" id=\"h-sujet-chocolat\">Sujet chocolat:<\/h2>\n\n\n\n<div class=\"wp-block-file\"><a id=\"wp-block-file--media-2e1e12b7-1f96-41ef-a71a-e17dc2f894a3\" href=\"https:\/\/swissbaker.ch\/wp-content\/uploads\/2022\/06\/affiche_chocolat_main_f.pdf\">Affiche_chocolat_main.pdf<\/a><\/div>\n\n\n\n<div class=\"wp-block-file\"><a id=\"wp-block-file--media-931147e3-4f14-4094-8bd4-45816bb1a623\" href=\"https:\/\/swissbaker.ch\/wp-content\/themes\/azr-theme-child\/ajax\/force_download.php?id=35997\">Affiche_chocolat_main.jpg<\/a><\/div>\n\n\n\n<div class=\"wp-block-file\"><a id=\"wp-block-file--media-18d09411-6706-4711-b323-d8f57fc13595\" href=\"https:\/\/swissbaker.ch\/wp-content\/uploads\/2022\/06\/affiche_choolat_ta_fidelite_f.pdf\">Affiche_choolat_ta_fidelite.pdf<\/a><\/div>\n\n\n\n<div class=\"wp-block-file\"><a id=\"wp-block-file--media-87f70f87-62e4-48b8-9e05-3e7ebf9bdb93\" href=\"https:\/\/swissbaker.ch\/wp-content\/themes\/azr-theme-child\/ajax\/force_download.php?id=36001\">Affiche_choolat_ta_fidelite.jpg<\/a><\/div>\n\n\n\n<div class=\"wp-block-file\"><a id=\"wp-block-file--media-9f0d3734-cd43-4385-9e4d-77fd74801ebf\" href=\"https:\/\/swissbaker.ch\/wp-content\/uploads\/2022\/06\/affiche_chocolat_votre_fidelite_f.pdf\">Affiche_chocolat_votre_fidelite.pdf<\/a><\/div>\n\n\n\n<div class=\"wp-block-file\"><a id=\"wp-block-file--media-25152ae8-e23c-4667-936a-f0eef2c71be6\" href=\"https:\/\/swissbaker.ch\/wp-content\/themes\/azr-theme-child\/ajax\/force_download.php?id=36005\">Affiche_chocolat_votre_fidelite.jpg<\/a><\/div>\n\n\n\n<h2 class=\"wp-block-heading\" id=\"h-cartelloni-ticinesi\">Cartelloni ticinesi<\/h2>\n\n\n\n<figure class=\"wp-block-image size-full\"><img decoding=\"async\" width=\"551\" height=\"327\" src=\"https:\/\/swissbaker.ch\/wp-content\/uploads\/2022\/06\/csm_3_plakate_21_anriss_it_49a7ba315b.jpeg\" alt=\"\" class=\"wp-image-35895\"\/><\/figure>\n\n\n\n<h2 class=\"wp-block-heading\" id=\"h-cartelloni-pane\">Cartelloni Pane<\/h2>\n\n\n\n<div class=\"wp-block-file\"><a id=\"wp-block-file--media-96b07ef5-0ad5-48e4-bd44-8c3149e5d5ae\" href=\"https:\/\/swissbaker.ch\/wp-content\/uploads\/2022\/06\/cartellone_pane_fatto_mane_i.pdf\">Cartellone_pane_fatto_mane.pdf<\/a><\/div>\n\n\n\n<div class=\"wp-block-file\"><a id=\"wp-block-file--media-495f28e0-0b11-434e-b9b5-fa7de1c25141\" href=\"https:\/\/swissbaker.ch\/wp-content\/themes\/azr-theme-child\/ajax\/force_download.php?id=35910\">Cartellone_pane_fatto_mane.jpg<\/a><\/div>\n\n\n\n<div class=\"wp-block-file\"><a id=\"wp-block-file--media-628c08a1-fb8d-41e3-bb8b-992ae90d952b\" href=\"https:\/\/swissbaker.ch\/wp-content\/uploads\/2022\/06\/cartellone_pane_prelibatezze_i.pdf\">Cartellone_pane_prelibatezze.pdf<\/a><\/div>\n\n\n\n<div class=\"wp-block-file\"><a id=\"wp-block-file--media-a3307535-f133-45e6-9dbb-c09c76fb3740\" href=\"https:\/\/swissbaker.ch\/wp-content\/themes\/azr-theme-child\/ajax\/force_download.php?id=35914\">Cartellone_pane_prelibatezze.jpg<\/a><\/div>\n\n\n\n<div class=\"wp-block-file\"><a id=\"wp-block-file--media-4b6036bb-d303-48a3-bd3e-9c2f6ac59658\" href=\"https:\/\/swissbaker.ch\/wp-content\/uploads\/2022\/06\/cartellone_pane_tue_fidelita_i.pdf\">Cartellone_pane_tue_fidelita.pdf<\/a><\/div>\n\n\n\n<div class=\"wp-block-file\"><a id=\"wp-block-file--media-b9eacbc6-409c-4a0b-a53f-54af0bdf3fcb\" href=\"https:\/\/swissbaker.ch\/wp-content\/themes\/azr-theme-child\/ajax\/force_download.php?id=35918\">Cartellone_pane_tue_fidelita.jpg<\/a><\/div>\n\n\n\n<div class=\"wp-block-file\"><a id=\"wp-block-file--media-c9ca72ae-0014-46e0-8650-edc3b8fe2a12\" href=\"https:\/\/swissbaker.ch\/wp-content\/uploads\/2022\/06\/cartellone_pane_vostra_fidelita_i.pdf\">Cartellone_pane_vostra_fidelita.pdf<\/a><\/div>\n\n\n\n<div class=\"wp-block-file\"><a id=\"wp-block-file--media-dd596a11-1a59-4810-b5be-10c69123f017\" href=\"https:\/\/swissbaker.ch\/wp-content\/themes\/azr-theme-child\/ajax\/force_download.php?id=35922\">Cartellone_pane_vostra_fidelita.jpg<\/a><\/div>\n\n\n\n<h2 class=\"wp-block-heading\" id=\"h-cartelloni-biscotto\">Cartelloni Biscotto<\/h2>\n\n\n\n<div class=\"wp-block-file\"><a id=\"wp-block-file--media-873932a3-1d71-4274-8ea8-fcc2f2765ec0\" href=\"https:\/\/swissbaker.ch\/wp-content\/uploads\/2022\/06\/cartellone_biscotto_fatto_mane_i.pdf\">Cartellone_biscotto_fatto_mane.pdf<\/a><\/div>\n\n\n\n<div class=\"wp-block-file\"><a id=\"wp-block-file--media-0dbcbeb0-1b6c-4ac1-b68e-e77c91ec5dae\" href=\"https:\/\/swissbaker.ch\/wp-content\/themes\/azr-theme-child\/ajax\/force_download.php?id=35926\">Cartellone_biscotto_fatto_mane.jpg<\/a><\/div>\n\n\n\n<div class=\"wp-block-file\"><a id=\"wp-block-file--media-f7bdab4d-c0d7-4486-aeeb-ed73d0f64b8a\" href=\"https:\/\/swissbaker.ch\/wp-content\/uploads\/2022\/06\/cartellone_biscotto_prelibatezze_i.pdf\">Cartellone_biscotto_prelibatezze.pdf<\/a><\/div>\n\n\n\n<div class=\"wp-block-file\"><a id=\"wp-block-file--media-8b601e62-37a2-493f-ac55-622d159c5a51\" href=\"https:\/\/swissbaker.ch\/wp-content\/themes\/azr-theme-child\/ajax\/force_download.php?id=35930\">Cartellone_biscotto_prelibatezze.jpg<\/a><\/div>\n\n\n\n<div class=\"wp-block-file\"><a id=\"wp-block-file--media-f498610e-0d26-41a3-9171-d999591aad89\" href=\"https:\/\/swissbaker.ch\/wp-content\/uploads\/2022\/06\/cartellone_biscotto_tue_fidelita_i.pdf\">Cartellone_biscotto_tue_fidelita.pdf<\/a><\/div>\n\n\n\n<div class=\"wp-block-file\"><a id=\"wp-block-file--media-7180dfc7-f998-4d2d-9405-4181807c6a9b\" href=\"https:\/\/swissbaker.ch\/wp-content\/themes\/azr-theme-child\/ajax\/force_download.php?id=35934\">Cartellone_biscotto_tue_fidelita.jpg<\/a><\/div>\n\n\n\n<div class=\"wp-block-file\"><a id=\"wp-block-file--media-eb772d7a-0e91-478b-a94d-503602584ddf\" href=\"https:\/\/swissbaker.ch\/wp-content\/uploads\/2022\/06\/cartellone_cioccolato_vostra_fidelita_i.pdf\">Cartellone_biscotto_vostra_fidelita.pdf<\/a><\/div>\n\n\n\n<div class=\"wp-block-file\"><a id=\"wp-block-file--media-7605d02e-a10a-4cec-8190-3e13d62d2cdf\" href=\"https:\/\/swissbaker.ch\/wp-content\/themes\/azr-theme-child\/ajax\/force_download.php?id=35938\">Cartellone_biscotto_tue_fidelita.jpg<\/a><\/div>\n\n\n\n<h2 class=\"wp-block-heading\" id=\"h-cartelloni-cioccolato\">Cartelloni Cioccolato<\/h2>\n\n\n\n<div class=\"wp-block-file\"><a id=\"wp-block-file--media-f49c518f-8b6a-4c5f-80e1-db97a3550399\" href=\"https:\/\/swissbaker.ch\/wp-content\/uploads\/2022\/06\/cartellone_cioccolato_fatto_mane_i.pdf\">Cartellone_cioccolato_fatto_mane.pdf<\/a><\/div>\n\n\n\n<div class=\"wp-block-file\"><a id=\"wp-block-file--media-970d3f8b-875e-4aeb-8ec4-a3f75c53e2d5\" href=\"https:\/\/swissbaker.ch\/wp-content\/themes\/azr-theme-child\/ajax\/force_download.php?id=35942\">Cartellone_cioccolato_fatto_mane.jpg<\/a><\/div>\n\n\n\n<div class=\"wp-block-file\"><a id=\"wp-block-file--media-1a35ab08-b041-496b-8740-978e3bd5ba46\" href=\"https:\/\/swissbaker.ch\/wp-content\/uploads\/2022\/06\/cartellone_ciocolato_prelibatezzi_i.pdf\">Cartellone_cioccolato_prelibatezze.pdf<\/a><\/div>\n\n\n\n<div class=\"wp-block-file\"><a id=\"wp-block-file--media-d676691c-da85-4aaf-9f75-df174424cc60\" href=\"https:\/\/swissbaker.ch\/wp-content\/themes\/azr-theme-child\/ajax\/force_download.php?id=35946\">Cartellone_cioccolato_prelibatezze.jpg<\/a><\/div>\n\n\n\n<div class=\"wp-block-file\"><a id=\"wp-block-file--media-1da241c9-6c2b-4302-a8b9-294a8856bdd6\" href=\"https:\/\/swissbaker.ch\/wp-content\/uploads\/2022\/06\/cartellone_cioccolato_tua_fidelita_i.pdf\">Cartellone_cioccolato_tua_fidelita.pdf<\/a><\/div>\n\n\n\n<div class=\"wp-block-file\"><a id=\"wp-block-file--media-57a98165-d6ce-4e04-a6cc-afb0f2beea63\" href=\"https:\/\/swissbaker.ch\/wp-content\/themes\/azr-theme-child\/ajax\/force_download.php?id=35950\">Cartellone_cioccolato_tua_fidelita.jpg<\/a><\/div>\n\n\n\n<div class=\"wp-block-file\"><a id=\"wp-block-file--media-c0f70478-dccc-4a24-a99b-71eea78a4955\" href=\"https:\/\/swissbaker.ch\/wp-content\/uploads\/2022\/06\/cartellone_cioccolato_vostra_fidelita_i-1.pdf\">Cartellone_cioccolato_vostra_fidelita.pdf<\/a><\/div>\n\n\n\n<div class=\"wp-block-file\"><a id=\"wp-block-file--media-0d2af54f-5766-43bf-8990-f8390a75b21d\" href=\"https:\/\/swissbaker.ch\/wp-content\/themes\/azr-theme-child\/ajax\/force_download.php?id=35954\">Cartellone_cioccolato_vostra_fidelita.jpg<\/a><\/div>\n","protected":false},"excerpt":{"rendered":"<p>Les consommateurs ont d\u00e9couvert des produits et des commerces r\u00e9gionaux gr\u00e2ce au Covid-19. Il est d\u00e9sormais important de continuer \u00e0 promouvoir les achats dans les boulangeries-confiseries artisanales locales. Vous trouverez ci-dessous des nouveaux sujets\u00a0\u00e0 imprimer soi-m\u00eame.Veuillez \u00e9galement noter les sujets de juin 2020. Pour les affiches plus grandes, nous vous proposons notre\u00a0service d\u2019impression d\u2019affiches. Vous pouvez \u00e9galement nous contacter si [&hellip;]<\/p>\n","protected":false},"author":1,"featured_media":0,"parent":15998,"menu_order":0,"comment_status":"closed","ping_status":"closed","template":"","meta":{"_acf_changed":false,"footnotes":""},"class_list":["post-35959","page","type-page","status-publish","hentry"],"acf":[],"yoast_head":"<!-- This site is optimized with the Yoast SEO Premium plugin v26.8 (Yoast SEO v26.8) - https:\/\/yoast.com\/product\/yoast-seo-premium-wordpress\/ -->\n<title>Acheter local 2021 | SBC<\/title>\n<meta name=\"robots\" content=\"index, follow, max-snippet:-1, max-image-preview:large, max-video-preview:-1\" \/>\n<link rel=\"canonical\" href=\"https:\/\/swissbaker.ch\/fr\/association\/prestations-de-service\/marketing-communication\/campagnes\/acheter-local-2021\/\" \/>\n<meta property=\"og:locale\" content=\"fr_FR\" \/>\n<meta property=\"og:type\" content=\"article\" \/>\n<meta property=\"og:title\" content=\"Acheter local 2021\" \/>\n<meta property=\"og:description\" content=\"Les consommateurs ont d\u00e9couvert des produits et des commerces r\u00e9gionaux gr\u00e2ce au Covid-19. Il est d\u00e9sormais important de continuer \u00e0 promouvoir les achats dans les boulangeries-confiseries artisanales locales. Vous trouverez ci-dessous des nouveaux sujets\u00a0\u00e0 imprimer soi-m\u00eame.Veuillez \u00e9galement noter les sujets de juin 2020. Pour les affiches plus grandes, nous vous proposons notre\u00a0service d\u2019impression d\u2019affiches. Vous pouvez \u00e9galement nous contacter si [&hellip;]\" \/>\n<meta property=\"og:url\" content=\"https:\/\/swissbaker.ch\/fr\/association\/prestations-de-service\/marketing-communication\/campagnes\/acheter-local-2021\/\" \/>\n<meta property=\"og:site_name\" content=\"SBC\" \/>\n<meta property=\"article:publisher\" content=\"https:\/\/www.facebook.com\/swissbaker.ch\" \/>\n<meta property=\"article:modified_time\" content=\"2022-06-07T12:18:42+00:00\" \/>\n<meta property=\"og:image\" content=\"https:\/\/swissbaker.ch\/wp-content\/uploads\/2022\/06\/csm_3_plakate_21_internet_gerade_de_389c87f03f.jpg\" \/>\n<meta name=\"twitter:card\" content=\"summary_large_image\" \/>\n<meta name=\"twitter:site\" content=\"@ch_swissbaker\" \/>\n<meta name=\"twitter:label1\" content=\"Est. reading time\" \/>\n\t<meta name=\"twitter:data1\" content=\"2 minutes\" \/>\n<script type=\"application\/ld+json\" class=\"yoast-schema-graph\">{\"@context\":\"https:\/\/schema.org\",\"@graph\":[{\"@type\":\"WebPage\",\"@id\":\"https:\/\/swissbaker.ch\/fr\/association\/prestations-de-service\/marketing-communication\/campagnes\/acheter-local-2021\/\",\"url\":\"https:\/\/swissbaker.ch\/fr\/association\/prestations-de-service\/marketing-communication\/campagnes\/acheter-local-2021\/\",\"name\":\"Acheter local 2021 | SBC\",\"isPartOf\":{\"@id\":\"https:\/\/swissbaker.ch\/fr\/#website\"},\"primaryImageOfPage\":{\"@id\":\"https:\/\/swissbaker.ch\/fr\/association\/prestations-de-service\/marketing-communication\/campagnes\/acheter-local-2021\/#primaryimage\"},\"image\":{\"@id\":\"https:\/\/swissbaker.ch\/fr\/association\/prestations-de-service\/marketing-communication\/campagnes\/acheter-local-2021\/#primaryimage\"},\"thumbnailUrl\":\"https:\/\/swissbaker.ch\/wp-content\/uploads\/2022\/06\/csm_3_plakate_21_internet_gerade_de_389c87f03f.jpg\",\"datePublished\":\"2022-06-07T12:01:23+00:00\",\"dateModified\":\"2022-06-07T12:18:42+00:00\",\"breadcrumb\":{\"@id\":\"https:\/\/swissbaker.ch\/fr\/association\/prestations-de-service\/marketing-communication\/campagnes\/acheter-local-2021\/#breadcrumb\"},\"inLanguage\":\"fr-FR\",\"potentialAction\":[{\"@type\":\"ReadAction\",\"target\":[\"https:\/\/swissbaker.ch\/fr\/association\/prestations-de-service\/marketing-communication\/campagnes\/acheter-local-2021\/\"]}]},{\"@type\":\"ImageObject\",\"inLanguage\":\"fr-FR\",\"@id\":\"https:\/\/swissbaker.ch\/fr\/association\/prestations-de-service\/marketing-communication\/campagnes\/acheter-local-2021\/#primaryimage\",\"url\":\"https:\/\/swissbaker.ch\/wp-content\/uploads\/2022\/06\/csm_3_plakate_21_internet_gerade_de_389c87f03f.jpg\",\"contentUrl\":\"https:\/\/swissbaker.ch\/wp-content\/uploads\/2022\/06\/csm_3_plakate_21_internet_gerade_de_389c87f03f.jpg\"},{\"@type\":\"BreadcrumbList\",\"@id\":\"https:\/\/swissbaker.ch\/fr\/association\/prestations-de-service\/marketing-communication\/campagnes\/acheter-local-2021\/#breadcrumb\",\"itemListElement\":[{\"@type\":\"ListItem\",\"position\":1,\"name\":\"\",\"item\":\"https:\/\/swissbaker.ch\/fr\/\"},{\"@type\":\"ListItem\",\"position\":2,\"name\":\"Association\u00a0\",\"item\":\"https:\/\/swissbaker.ch\/fr\/association\/\"},{\"@type\":\"ListItem\",\"position\":3,\"name\":\"Prestations de service\",\"item\":\"https:\/\/swissbaker.ch\/fr\/association\/prestations-de-service\/\"},{\"@type\":\"ListItem\",\"position\":4,\"name\":\"Marketing\/communication\",\"item\":\"https:\/\/swissbaker.ch\/fr\/association\/prestations-de-service\/marketing-communication\/\"},{\"@type\":\"ListItem\",\"position\":5,\"name\":\"Autres campagnes\",\"item\":\"https:\/\/swissbaker.ch\/fr\/association\/prestations-de-service\/marketing-communication\/campagnes\/\"},{\"@type\":\"ListItem\",\"position\":6,\"name\":\"Acheter local 2021\"}]},{\"@type\":\"WebSite\",\"@id\":\"https:\/\/swissbaker.ch\/fr\/#website\",\"url\":\"https:\/\/swissbaker.ch\/fr\/\",\"name\":\"SBC\",\"description\":\"\",\"publisher\":{\"@id\":\"https:\/\/swissbaker.ch\/fr\/#organization\"},\"potentialAction\":[{\"@type\":\"SearchAction\",\"target\":{\"@type\":\"EntryPoint\",\"urlTemplate\":\"https:\/\/swissbaker.ch\/fr\/?s={search_term_string}\"},\"query-input\":{\"@type\":\"PropertyValueSpecification\",\"valueRequired\":true,\"valueName\":\"search_term_string\"}}],\"inLanguage\":\"fr-FR\"},{\"@type\":\"Organization\",\"@id\":\"https:\/\/swissbaker.ch\/fr\/#organization\",\"name\":\"Schweizerischer B\u00e4cker-Confiseurmeister-Verband\",\"url\":\"https:\/\/swissbaker.ch\/fr\/\",\"logo\":{\"@type\":\"ImageObject\",\"inLanguage\":\"fr-FR\",\"@id\":\"https:\/\/swissbaker.ch\/fr\/#\/schema\/logo\/image\/\",\"url\":\"https:\/\/swissbaker.ch\/wp-content\/uploads\/2022\/04\/sbc-logo-yoast.jpg\",\"contentUrl\":\"https:\/\/swissbaker.ch\/wp-content\/uploads\/2022\/04\/sbc-logo-yoast.jpg\",\"width\":512,\"height\":512,\"caption\":\"Schweizerischer B\u00e4cker-Confiseurmeister-Verband\"},\"image\":{\"@id\":\"https:\/\/swissbaker.ch\/fr\/#\/schema\/logo\/image\/\"},\"sameAs\":[\"https:\/\/www.facebook.com\/swissbaker.ch\",\"https:\/\/x.com\/ch_swissbaker\"]}]}<\/script>\n<!-- \/ Yoast SEO Premium plugin. -->","yoast_head_json":{"title":"Acheter local 2021 | SBC","robots":{"index":"index","follow":"follow","max-snippet":"max-snippet:-1","max-image-preview":"max-image-preview:large","max-video-preview":"max-video-preview:-1"},"canonical":"https:\/\/swissbaker.ch\/fr\/association\/prestations-de-service\/marketing-communication\/campagnes\/acheter-local-2021\/","og_locale":"fr_FR","og_type":"article","og_title":"Acheter local 2021","og_description":"Les consommateurs ont d\u00e9couvert des produits et des commerces r\u00e9gionaux gr\u00e2ce au Covid-19. Il est d\u00e9sormais important de continuer \u00e0 promouvoir les achats dans les boulangeries-confiseries artisanales locales. Vous trouverez ci-dessous des nouveaux sujets\u00a0\u00e0 imprimer soi-m\u00eame.Veuillez \u00e9galement noter les sujets de juin 2020. Pour les affiches plus grandes, nous vous proposons notre\u00a0service d\u2019impression d\u2019affiches. Vous pouvez \u00e9galement nous contacter si [&hellip;]","og_url":"https:\/\/swissbaker.ch\/fr\/association\/prestations-de-service\/marketing-communication\/campagnes\/acheter-local-2021\/","og_site_name":"SBC","article_publisher":"https:\/\/www.facebook.com\/swissbaker.ch","article_modified_time":"2022-06-07T12:18:42+00:00","og_image":[{"url":"https:\/\/swissbaker.ch\/wp-content\/uploads\/2022\/06\/csm_3_plakate_21_internet_gerade_de_389c87f03f.jpg","type":"","width":"","height":""}],"twitter_card":"summary_large_image","twitter_site":"@ch_swissbaker","twitter_misc":{"Est. reading time":"2 minutes"},"schema":{"@context":"https:\/\/schema.org","@graph":[{"@type":"WebPage","@id":"https:\/\/swissbaker.ch\/fr\/association\/prestations-de-service\/marketing-communication\/campagnes\/acheter-local-2021\/","url":"https:\/\/swissbaker.ch\/fr\/association\/prestations-de-service\/marketing-communication\/campagnes\/acheter-local-2021\/","name":"Acheter local 2021 | SBC","isPartOf":{"@id":"https:\/\/swissbaker.ch\/fr\/#website"},"primaryImageOfPage":{"@id":"https:\/\/swissbaker.ch\/fr\/association\/prestations-de-service\/marketing-communication\/campagnes\/acheter-local-2021\/#primaryimage"},"image":{"@id":"https:\/\/swissbaker.ch\/fr\/association\/prestations-de-service\/marketing-communication\/campagnes\/acheter-local-2021\/#primaryimage"},"thumbnailUrl":"https:\/\/swissbaker.ch\/wp-content\/uploads\/2022\/06\/csm_3_plakate_21_internet_gerade_de_389c87f03f.jpg","datePublished":"2022-06-07T12:01:23+00:00","dateModified":"2022-06-07T12:18:42+00:00","breadcrumb":{"@id":"https:\/\/swissbaker.ch\/fr\/association\/prestations-de-service\/marketing-communication\/campagnes\/acheter-local-2021\/#breadcrumb"},"inLanguage":"fr-FR","potentialAction":[{"@type":"ReadAction","target":["https:\/\/swissbaker.ch\/fr\/association\/prestations-de-service\/marketing-communication\/campagnes\/acheter-local-2021\/"]}]},{"@type":"ImageObject","inLanguage":"fr-FR","@id":"https:\/\/swissbaker.ch\/fr\/association\/prestations-de-service\/marketing-communication\/campagnes\/acheter-local-2021\/#primaryimage","url":"https:\/\/swissbaker.ch\/wp-content\/uploads\/2022\/06\/csm_3_plakate_21_internet_gerade_de_389c87f03f.jpg","contentUrl":"https:\/\/swissbaker.ch\/wp-content\/uploads\/2022\/06\/csm_3_plakate_21_internet_gerade_de_389c87f03f.jpg"},{"@type":"BreadcrumbList","@id":"https:\/\/swissbaker.ch\/fr\/association\/prestations-de-service\/marketing-communication\/campagnes\/acheter-local-2021\/#breadcrumb","itemListElement":[{"@type":"ListItem","position":1,"name":"","item":"https:\/\/swissbaker.ch\/fr\/"},{"@type":"ListItem","position":2,"name":"Association\u00a0","item":"https:\/\/swissbaker.ch\/fr\/association\/"},{"@type":"ListItem","position":3,"name":"Prestations de service","item":"https:\/\/swissbaker.ch\/fr\/association\/prestations-de-service\/"},{"@type":"ListItem","position":4,"name":"Marketing\/communication","item":"https:\/\/swissbaker.ch\/fr\/association\/prestations-de-service\/marketing-communication\/"},{"@type":"ListItem","position":5,"name":"Autres campagnes","item":"https:\/\/swissbaker.ch\/fr\/association\/prestations-de-service\/marketing-communication\/campagnes\/"},{"@type":"ListItem","position":6,"name":"Acheter local 2021"}]},{"@type":"WebSite","@id":"https:\/\/swissbaker.ch\/fr\/#website","url":"https:\/\/swissbaker.ch\/fr\/","name":"SBC","description":"","publisher":{"@id":"https:\/\/swissbaker.ch\/fr\/#organization"},"potentialAction":[{"@type":"SearchAction","target":{"@type":"EntryPoint","urlTemplate":"https:\/\/swissbaker.ch\/fr\/?s={search_term_string}"},"query-input":{"@type":"PropertyValueSpecification","valueRequired":true,"valueName":"search_term_string"}}],"inLanguage":"fr-FR"},{"@type":"Organization","@id":"https:\/\/swissbaker.ch\/fr\/#organization","name":"Schweizerischer B\u00e4cker-Confiseurmeister-Verband","url":"https:\/\/swissbaker.ch\/fr\/","logo":{"@type":"ImageObject","inLanguage":"fr-FR","@id":"https:\/\/swissbaker.ch\/fr\/#\/schema\/logo\/image\/","url":"https:\/\/swissbaker.ch\/wp-content\/uploads\/2022\/04\/sbc-logo-yoast.jpg","contentUrl":"https:\/\/swissbaker.ch\/wp-content\/uploads\/2022\/04\/sbc-logo-yoast.jpg","width":512,"height":512,"caption":"Schweizerischer B\u00e4cker-Confiseurmeister-Verband"},"image":{"@id":"https:\/\/swissbaker.ch\/fr\/#\/schema\/logo\/image\/"},"sameAs":["https:\/\/www.facebook.com\/swissbaker.ch","https:\/\/x.com\/ch_swissbaker"]}]}},"_links":{"self":[{"href":"https:\/\/swissbaker.ch\/fr\/wp-json\/wp\/v2\/pages\/35959","targetHints":{"allow":["GET"]}}],"collection":[{"href":"https:\/\/swissbaker.ch\/fr\/wp-json\/wp\/v2\/pages"}],"about":[{"href":"https:\/\/swissbaker.ch\/fr\/wp-json\/wp\/v2\/types\/page"}],"author":[{"embeddable":true,"href":"https:\/\/swissbaker.ch\/fr\/wp-json\/wp\/v2\/users\/1"}],"replies":[{"embeddable":true,"href":"https:\/\/swissbaker.ch\/fr\/wp-json\/wp\/v2\/comments?post=35959"}],"version-history":[{"count":0,"href":"https:\/\/swissbaker.ch\/fr\/wp-json\/wp\/v2\/pages\/35959\/revisions"}],"up":[{"embeddable":true,"href":"https:\/\/swissbaker.ch\/fr\/wp-json\/wp\/v2\/pages\/15998"}],"wp:attachment":[{"href":"https:\/\/swissbaker.ch\/fr\/wp-json\/wp\/v2\/media?parent=35959"}],"curies":[{"name":"wp","href":"https:\/\/api.w.org\/{rel}","templated":true}]}}