{"id":32371,"date":"2022-04-25T11:38:02","date_gmt":"2022-04-25T09:38:02","guid":{"rendered":"https:\/\/swissbaker.ch\/?page_id=32371"},"modified":"2026-01-27T16:01:30","modified_gmt":"2026-01-27T15:01:30","slug":"formation","status":"publish","type":"page","link":"https:\/\/swissbaker.ch\/fr\/releve\/formation\/","title":{"rendered":"Formation\u00a0"},"content":{"rendered":"\n<p>La cr\u00e9ativit\u00e9 est de mise dans les m\u00e9tiers du secteur de la boulangerie-confiserie. Les nouvelles cr\u00e9ations innovantes sont essentielles, m\u00eame si l\u2018artisanat a une longue tradition derri\u00e8re lui. C\u2018est ce m\u00e9lange d\u2019ancien et de moderne qui rend passionnantes les formations initiales des m\u00e9tiers de boulanger-p\u00e2tissier-confiseur, de boulang\u00e8re-p\u00e2tissi\u00e8re-confiseuse et de gestionnaire du commerce de d\u00e9tail en boulangerie-p\u00e2tisserie-confiserie.<\/p>\n\n\n\n<div class=\"wp-block-media-text alignwide is-stacked-on-mobile\" style=\"grid-template-columns:40% auto\"><figure class=\"wp-block-media-text__media\"><img decoding=\"async\" width=\"1540\" height=\"1780\" src=\"https:\/\/swissbaker.ch\/wp-content\/uploads\/2026\/01\/fuer_factsheet_neu-e1769525875497.jpg\" alt=\"\" class=\"wp-image-158125 size-full\" srcset=\"https:\/\/swissbaker.ch\/wp-content\/uploads\/2026\/01\/fuer_factsheet_neu-e1769525875497.jpg 1540w, https:\/\/swissbaker.ch\/wp-content\/uploads\/2026\/01\/fuer_factsheet_neu-e1769525875497-886x1024.jpg 886w, https:\/\/swissbaker.ch\/wp-content\/uploads\/2026\/01\/fuer_factsheet_neu-e1769525875497-768x888.jpg 768w, https:\/\/swissbaker.ch\/wp-content\/uploads\/2026\/01\/fuer_factsheet_neu-e1769525875497-1329x1536.jpg 1329w, https:\/\/swissbaker.ch\/wp-content\/uploads\/2026\/01\/fuer_factsheet_neu-e1769525875497-260x300.jpg 260w\" sizes=\"(max-width: 1540px) 100vw, 1540px\" \/><\/figure><div class=\"wp-block-media-text__content\">\n<p>Au fournil, on fabrique des pains croustillants, des g\u00e2teaux artistiques et d\u2019irr\u00e9sistibles pralin\u00e9s, l\u2019assortiment variant en fonction des saisons et des jours f\u00e9ri\u00e9s.<\/p>\n<\/div><\/div>\n\n\n\n<p><\/p>\n\n\n\n<div class=\"wp-block-media-text alignwide has-media-on-the-right is-stacked-on-mobile\" style=\"grid-template-columns:auto 40%\"><div class=\"wp-block-media-text__content\">\n<p>Les filiales de vente sont d\u00e9cor\u00e9es par les gestionnaires du commerce de d\u00e9tail, les produits \u00e9tant pr\u00e9sent\u00e9s sous leur meilleur jour ou emball\u00e9s artistiquement pour mettre l\u2019eau \u00e0 la bouche des clients et clientes.<\/p>\n<\/div><figure class=\"wp-block-media-text__media\"><img decoding=\"async\" width=\"768\" height=\"1024\" src=\"https:\/\/swissbaker.ch\/wp-content\/uploads\/2026\/01\/20250918.swissskills2025_donnerstag-vormittag-ds-48-768x1024.jpg\" alt=\"\" class=\"wp-image-158128 size-full\" srcset=\"https:\/\/swissbaker.ch\/wp-content\/uploads\/2026\/01\/20250918.swissskills2025_donnerstag-vormittag-ds-48-768x1024.jpg 768w, https:\/\/swissbaker.ch\/wp-content\/uploads\/2026\/01\/20250918.swissskills2025_donnerstag-vormittag-ds-48-1152x1536.jpg 1152w, https:\/\/swissbaker.ch\/wp-content\/uploads\/2026\/01\/20250918.swissskills2025_donnerstag-vormittag-ds-48-1536x2048.jpg 1536w\" sizes=\"(max-width: 768px) 100vw, 768px\" \/><\/figure><\/div>\n\n\n\n<p><\/p>\n\n\n\n<p><\/p>\n\n\n\n<p>Les articles de la rel\u00e8ve du secteur intitul\u00e9s <a href=\"https:\/\/swissbaker.ch\/fr\/panissimo-news\/category\/our-future-fr\/\" target=\"_blank\" rel=\"noreferrer noopener\"><strong>Our Future<\/strong><\/a> ont pour but de montrer en quoi ces m\u00e9tiers sont des m\u00e9tiers de r\u00eave.<\/p>\n\n\n\n<p>Tu trouveras toutes les informations compl\u00e9mentaires sur le sujet sur <a href=\"https:\/\/forme-ton-avenir.ch\/fr\/\" target=\"_blank\" rel=\"noreferrer noopener\"><strong>forme-ton-avenir.ch<\/strong><\/a>,<\/p>\n\n\n\n<p>Nous nous r\u00e9jouissons d&#8217;accueillir les \u00e9toiles du matin, les magiciens et magiciennes des desserts, et les stars du quartier de demain!<\/p>\n\n\n\n<h2 class=\"wp-block-heading\" id=\"h-deviens-boulanger-patissier-confiseur-boulangere-patissiere-confiseuse\">Deviens boulanger-p\u00e2tissier-confiseur \/ boulang\u00e8re-p\u00e2tissi\u00e8re-confiseuse<\/h2>\n\n\n\n<p>Orientation boulangerie-p\u00e2tisserie<\/p>\n\n\n\n<figure class=\"wp-block-image size-full\"><a href=\"https:\/\/forme-ton-avenir.ch\/fr\/formation\/bpccfc\"><img decoding=\"async\" width=\"551\" height=\"217\" src=\"https:\/\/swissbaker.ch\/wp-content\/uploads\/2022\/06\/csm_bk_morgenretter_quer_f_fb9b969316.jpeg\" alt=\"\" class=\"wp-image-35320\"\/><\/a><\/figure>\n\n\n\n<h2 class=\"wp-block-heading\">Deviens boulanger-p\u00e2tissier-confiseur \/ boulang\u00e8re-p\u00e2tissi\u00e8re-confiseuse<\/h2>\n\n\n\n<p>Orientation p\u00e2tisserie-confiserie<\/p>\n\n\n\n<figure class=\"wp-block-image size-full\"><a href=\"https:\/\/forme-ton-avenir.ch\/fr\/formation\/bpccfc\"><img decoding=\"async\" width=\"551\" height=\"217\" src=\"https:\/\/swissbaker.ch\/wp-content\/uploads\/2022\/06\/csm_kc_dessertmagier_quer_f_747da31217.jpeg\" alt=\"\" class=\"wp-image-35323\"\/><\/a><\/figure>\n\n\n\n<h2 class=\"wp-block-heading\" id=\"h-deviens-gestionnaire-du-commerce-de-detail\">Deviens gestionnaire du commerce de d\u00e9tail<\/h2>\n\n\n\n<figure class=\"wp-block-image size-full\"><a href=\"https:\/\/forme-ton-avenir.ch\/fr\/formation\/bpcafp\"><img decoding=\"async\" width=\"551\" height=\"217\" src=\"https:\/\/swissbaker.ch\/wp-content\/uploads\/2022\/06\/csm_dh_quartierretter_quer_f_6cd8bfdd27.jpeg\" alt=\"\" class=\"wp-image-35325\"\/><\/a><\/figure>\n","protected":false},"excerpt":{"rendered":"<p>La cr\u00e9ativit\u00e9 est de mise dans les m\u00e9tiers du secteur de la boulangerie-confiserie. Les nouvelles cr\u00e9ations innovantes sont essentielles, m\u00eame si l\u2018artisanat a une longue tradition derri\u00e8re lui. C\u2018est ce m\u00e9lange d\u2019ancien et de moderne qui rend passionnantes les formations initiales des m\u00e9tiers de boulanger-p\u00e2tissier-confiseur, de boulang\u00e8re-p\u00e2tissi\u00e8re-confiseuse et de gestionnaire du commerce de d\u00e9tail en boulangerie-p\u00e2tisserie-confiserie. Au fournil, on fabrique [&hellip;]<\/p>\n","protected":false},"author":1,"featured_media":15554,"parent":32364,"menu_order":0,"comment_status":"closed","ping_status":"closed","template":"","meta":{"_acf_changed":false,"footnotes":""},"class_list":["post-32371","page","type-page","status-publish","has-post-thumbnail","hentry"],"acf":[],"yoast_head":"<!-- This site is optimized with the Yoast SEO Premium plugin v26.8 (Yoast SEO v26.8) - https:\/\/yoast.com\/product\/yoast-seo-premium-wordpress\/ -->\n<title>Formation\u00a0 | SBC<\/title>\n<meta name=\"description\" content=\"Les nouvelles cr\u00e9ations innovantes sont essentielles, m\u00eame si l\u2018artisanat a une longue tradition derri\u00e8re lui.\" \/>\n<meta name=\"robots\" content=\"index, follow, max-snippet:-1, max-image-preview:large, max-video-preview:-1\" \/>\n<link rel=\"canonical\" href=\"https:\/\/swissbaker.ch\/fr\/releve\/formation\/\" \/>\n<meta property=\"og:locale\" content=\"fr_FR\" \/>\n<meta property=\"og:type\" content=\"article\" \/>\n<meta property=\"og:title\" content=\"Formation\u00a0\" \/>\n<meta property=\"og:description\" content=\"Les nouvelles cr\u00e9ations innovantes sont essentielles, m\u00eame si l\u2018artisanat a une longue tradition derri\u00e8re lui.\" \/>\n<meta property=\"og:url\" content=\"https:\/\/swissbaker.ch\/fr\/releve\/formation\/\" \/>\n<meta property=\"og:site_name\" content=\"SBC\" \/>\n<meta property=\"article:publisher\" content=\"https:\/\/www.facebook.com\/swissbaker.ch\" \/>\n<meta property=\"article:modified_time\" content=\"2026-01-27T15:01:30+00:00\" \/>\n<meta property=\"og:image\" content=\"https:\/\/swissbaker.ch\/wp-content\/uploads\/2022\/05\/sb_nachwuchskampagne_kundendisplays_1920x1080px_fr_rz_detailhandel.png\" \/>\n\t<meta property=\"og:image:width\" content=\"1920\" \/>\n\t<meta property=\"og:image:height\" content=\"1080\" \/>\n\t<meta property=\"og:image:type\" content=\"image\/png\" \/>\n<meta name=\"twitter:card\" content=\"summary_large_image\" \/>\n<meta name=\"twitter:site\" content=\"@ch_swissbaker\" \/>\n<meta name=\"twitter:label1\" content=\"Est. reading time\" \/>\n\t<meta name=\"twitter:data1\" content=\"3 minutes\" \/>\n<script type=\"application\/ld+json\" class=\"yoast-schema-graph\">{\"@context\":\"https:\/\/schema.org\",\"@graph\":[{\"@type\":\"WebPage\",\"@id\":\"https:\/\/swissbaker.ch\/fr\/releve\/formation\/\",\"url\":\"https:\/\/swissbaker.ch\/fr\/releve\/formation\/\",\"name\":\"Formation\u00a0 | SBC\",\"isPartOf\":{\"@id\":\"https:\/\/swissbaker.ch\/fr\/#website\"},\"primaryImageOfPage\":{\"@id\":\"https:\/\/swissbaker.ch\/fr\/releve\/formation\/#primaryimage\"},\"image\":{\"@id\":\"https:\/\/swissbaker.ch\/fr\/releve\/formation\/#primaryimage\"},\"thumbnailUrl\":\"https:\/\/swissbaker.ch\/wp-content\/uploads\/2022\/05\/sb_nachwuchskampagne_kundendisplays_1920x1080px_fr_rz_detailhandel.png\",\"datePublished\":\"2022-04-25T09:38:02+00:00\",\"dateModified\":\"2026-01-27T15:01:30+00:00\",\"description\":\"Les nouvelles cr\u00e9ations innovantes sont essentielles, m\u00eame si l\u2018artisanat a une longue tradition derri\u00e8re lui.\",\"breadcrumb\":{\"@id\":\"https:\/\/swissbaker.ch\/fr\/releve\/formation\/#breadcrumb\"},\"inLanguage\":\"fr-FR\",\"potentialAction\":[{\"@type\":\"ReadAction\",\"target\":[\"https:\/\/swissbaker.ch\/fr\/releve\/formation\/\"]}]},{\"@type\":\"ImageObject\",\"inLanguage\":\"fr-FR\",\"@id\":\"https:\/\/swissbaker.ch\/fr\/releve\/formation\/#primaryimage\",\"url\":\"https:\/\/swissbaker.ch\/wp-content\/uploads\/2022\/05\/sb_nachwuchskampagne_kundendisplays_1920x1080px_fr_rz_detailhandel.png\",\"contentUrl\":\"https:\/\/swissbaker.ch\/wp-content\/uploads\/2022\/05\/sb_nachwuchskampagne_kundendisplays_1920x1080px_fr_rz_detailhandel.png\",\"width\":1920,\"height\":1080,\"caption\":\"Horizontal 1920 x 1080 px Commerce de d\u00e9tail\"},{\"@type\":\"BreadcrumbList\",\"@id\":\"https:\/\/swissbaker.ch\/fr\/releve\/formation\/#breadcrumb\",\"itemListElement\":[{\"@type\":\"ListItem\",\"position\":1,\"name\":\"\",\"item\":\"https:\/\/swissbaker.ch\/fr\/\"},{\"@type\":\"ListItem\",\"position\":2,\"name\":\"Rel\u00e8ve\",\"item\":\"https:\/\/swissbaker.ch\/fr\/releve\/\"},{\"@type\":\"ListItem\",\"position\":3,\"name\":\"Formation\u00a0\"}]},{\"@type\":\"WebSite\",\"@id\":\"https:\/\/swissbaker.ch\/fr\/#website\",\"url\":\"https:\/\/swissbaker.ch\/fr\/\",\"name\":\"SBC\",\"description\":\"\",\"publisher\":{\"@id\":\"https:\/\/swissbaker.ch\/fr\/#organization\"},\"potentialAction\":[{\"@type\":\"SearchAction\",\"target\":{\"@type\":\"EntryPoint\",\"urlTemplate\":\"https:\/\/swissbaker.ch\/fr\/?s={search_term_string}\"},\"query-input\":{\"@type\":\"PropertyValueSpecification\",\"valueRequired\":true,\"valueName\":\"search_term_string\"}}],\"inLanguage\":\"fr-FR\"},{\"@type\":\"Organization\",\"@id\":\"https:\/\/swissbaker.ch\/fr\/#organization\",\"name\":\"Schweizerischer B\u00e4cker-Confiseurmeister-Verband\",\"url\":\"https:\/\/swissbaker.ch\/fr\/\",\"logo\":{\"@type\":\"ImageObject\",\"inLanguage\":\"fr-FR\",\"@id\":\"https:\/\/swissbaker.ch\/fr\/#\/schema\/logo\/image\/\",\"url\":\"https:\/\/swissbaker.ch\/wp-content\/uploads\/2022\/04\/sbc-logo-yoast.jpg\",\"contentUrl\":\"https:\/\/swissbaker.ch\/wp-content\/uploads\/2022\/04\/sbc-logo-yoast.jpg\",\"width\":512,\"height\":512,\"caption\":\"Schweizerischer B\u00e4cker-Confiseurmeister-Verband\"},\"image\":{\"@id\":\"https:\/\/swissbaker.ch\/fr\/#\/schema\/logo\/image\/\"},\"sameAs\":[\"https:\/\/www.facebook.com\/swissbaker.ch\",\"https:\/\/x.com\/ch_swissbaker\"]}]}<\/script>\n<!-- \/ Yoast SEO Premium plugin. -->","yoast_head_json":{"title":"Formation\u00a0 | SBC","description":"Les nouvelles cr\u00e9ations innovantes sont essentielles, m\u00eame si l\u2018artisanat a une longue tradition derri\u00e8re lui.","robots":{"index":"index","follow":"follow","max-snippet":"max-snippet:-1","max-image-preview":"max-image-preview:large","max-video-preview":"max-video-preview:-1"},"canonical":"https:\/\/swissbaker.ch\/fr\/releve\/formation\/","og_locale":"fr_FR","og_type":"article","og_title":"Formation\u00a0","og_description":"Les nouvelles cr\u00e9ations innovantes sont essentielles, m\u00eame si l\u2018artisanat a une longue tradition derri\u00e8re lui.","og_url":"https:\/\/swissbaker.ch\/fr\/releve\/formation\/","og_site_name":"SBC","article_publisher":"https:\/\/www.facebook.com\/swissbaker.ch","article_modified_time":"2026-01-27T15:01:30+00:00","og_image":[{"width":1920,"height":1080,"url":"https:\/\/swissbaker.ch\/wp-content\/uploads\/2022\/05\/sb_nachwuchskampagne_kundendisplays_1920x1080px_fr_rz_detailhandel.png","type":"image\/png"}],"twitter_card":"summary_large_image","twitter_site":"@ch_swissbaker","twitter_misc":{"Est. reading time":"3 minutes"},"schema":{"@context":"https:\/\/schema.org","@graph":[{"@type":"WebPage","@id":"https:\/\/swissbaker.ch\/fr\/releve\/formation\/","url":"https:\/\/swissbaker.ch\/fr\/releve\/formation\/","name":"Formation\u00a0 | SBC","isPartOf":{"@id":"https:\/\/swissbaker.ch\/fr\/#website"},"primaryImageOfPage":{"@id":"https:\/\/swissbaker.ch\/fr\/releve\/formation\/#primaryimage"},"image":{"@id":"https:\/\/swissbaker.ch\/fr\/releve\/formation\/#primaryimage"},"thumbnailUrl":"https:\/\/swissbaker.ch\/wp-content\/uploads\/2022\/05\/sb_nachwuchskampagne_kundendisplays_1920x1080px_fr_rz_detailhandel.png","datePublished":"2022-04-25T09:38:02+00:00","dateModified":"2026-01-27T15:01:30+00:00","description":"Les nouvelles cr\u00e9ations innovantes sont essentielles, m\u00eame si l\u2018artisanat a une longue tradition derri\u00e8re lui.","breadcrumb":{"@id":"https:\/\/swissbaker.ch\/fr\/releve\/formation\/#breadcrumb"},"inLanguage":"fr-FR","potentialAction":[{"@type":"ReadAction","target":["https:\/\/swissbaker.ch\/fr\/releve\/formation\/"]}]},{"@type":"ImageObject","inLanguage":"fr-FR","@id":"https:\/\/swissbaker.ch\/fr\/releve\/formation\/#primaryimage","url":"https:\/\/swissbaker.ch\/wp-content\/uploads\/2022\/05\/sb_nachwuchskampagne_kundendisplays_1920x1080px_fr_rz_detailhandel.png","contentUrl":"https:\/\/swissbaker.ch\/wp-content\/uploads\/2022\/05\/sb_nachwuchskampagne_kundendisplays_1920x1080px_fr_rz_detailhandel.png","width":1920,"height":1080,"caption":"Horizontal 1920 x 1080 px Commerce de d\u00e9tail"},{"@type":"BreadcrumbList","@id":"https:\/\/swissbaker.ch\/fr\/releve\/formation\/#breadcrumb","itemListElement":[{"@type":"ListItem","position":1,"name":"","item":"https:\/\/swissbaker.ch\/fr\/"},{"@type":"ListItem","position":2,"name":"Rel\u00e8ve","item":"https:\/\/swissbaker.ch\/fr\/releve\/"},{"@type":"ListItem","position":3,"name":"Formation\u00a0"}]},{"@type":"WebSite","@id":"https:\/\/swissbaker.ch\/fr\/#website","url":"https:\/\/swissbaker.ch\/fr\/","name":"SBC","description":"","publisher":{"@id":"https:\/\/swissbaker.ch\/fr\/#organization"},"potentialAction":[{"@type":"SearchAction","target":{"@type":"EntryPoint","urlTemplate":"https:\/\/swissbaker.ch\/fr\/?s={search_term_string}"},"query-input":{"@type":"PropertyValueSpecification","valueRequired":true,"valueName":"search_term_string"}}],"inLanguage":"fr-FR"},{"@type":"Organization","@id":"https:\/\/swissbaker.ch\/fr\/#organization","name":"Schweizerischer B\u00e4cker-Confiseurmeister-Verband","url":"https:\/\/swissbaker.ch\/fr\/","logo":{"@type":"ImageObject","inLanguage":"fr-FR","@id":"https:\/\/swissbaker.ch\/fr\/#\/schema\/logo\/image\/","url":"https:\/\/swissbaker.ch\/wp-content\/uploads\/2022\/04\/sbc-logo-yoast.jpg","contentUrl":"https:\/\/swissbaker.ch\/wp-content\/uploads\/2022\/04\/sbc-logo-yoast.jpg","width":512,"height":512,"caption":"Schweizerischer B\u00e4cker-Confiseurmeister-Verband"},"image":{"@id":"https:\/\/swissbaker.ch\/fr\/#\/schema\/logo\/image\/"},"sameAs":["https:\/\/www.facebook.com\/swissbaker.ch","https:\/\/x.com\/ch_swissbaker"]}]}},"_links":{"self":[{"href":"https:\/\/swissbaker.ch\/fr\/wp-json\/wp\/v2\/pages\/32371","targetHints":{"allow":["GET"]}}],"collection":[{"href":"https:\/\/swissbaker.ch\/fr\/wp-json\/wp\/v2\/pages"}],"about":[{"href":"https:\/\/swissbaker.ch\/fr\/wp-json\/wp\/v2\/types\/page"}],"author":[{"embeddable":true,"href":"https:\/\/swissbaker.ch\/fr\/wp-json\/wp\/v2\/users\/1"}],"replies":[{"embeddable":true,"href":"https:\/\/swissbaker.ch\/fr\/wp-json\/wp\/v2\/comments?post=32371"}],"version-history":[{"count":0,"href":"https:\/\/swissbaker.ch\/fr\/wp-json\/wp\/v2\/pages\/32371\/revisions"}],"up":[{"embeddable":true,"href":"https:\/\/swissbaker.ch\/fr\/wp-json\/wp\/v2\/pages\/32364"}],"wp:featuredmedia":[{"embeddable":true,"href":"https:\/\/swissbaker.ch\/fr\/wp-json\/wp\/v2\/media\/15554"}],"wp:attachment":[{"href":"https:\/\/swissbaker.ch\/fr\/wp-json\/wp\/v2\/media?parent=32371"}],"curies":[{"name":"wp","href":"https:\/\/api.w.org\/{rel}","templated":true}]}}