{"id":32300,"date":"2022-04-25T13:29:22","date_gmt":"2022-04-25T11:29:22","guid":{"rendered":"https:\/\/swissbaker.ch\/?page_id=32300"},"modified":"2022-06-10T14:30:13","modified_gmt":"2022-06-10T12:30:13","slug":"coronavirus-liens-utiles","status":"publish","type":"page","link":"https:\/\/swissbaker.ch\/fr\/liens\/coronavirus-liens-utiles\/","title":{"rendered":"Coronavirus \u2013 liens utiles"},"content":{"rendered":"\n<p><strong>Questions juridiques et \u00e9conomiques<\/strong><br>Diff\u00e9rents documents concernant notamment la quarantaine, le ch\u00f4mage partiel, le paiement des salaires, la communications de crise, la r\u00e9glementation des cas de rigueur et l&#8217;assurance pand\u00e9mie sont \u00e0 la disposition des membres de la BCS dans l\u2019intranet.<br><strong><a href=\"https:\/\/swissbaker.ch\/fr\/interne\/login-identification\/\" target=\"_blank\" rel=\"noreferrer noopener\">Connexion Intranet&#8230;\u00bb<\/a><\/strong><\/p>\n\n\n\n<hr class=\"wp-block-separator has-alpha-channel-opacity\"\/>\n\n\n\n<p><strong>Plans de protection<\/strong><br>Les plans de protection actualis\u00e9s pour la production, les magasins et les caf\u00e9s, des mod\u00e8les d&#8217;affiches et des listes de contr\u00f4le sont notamment \u00e0 la disposition des membres de la BCS sur la plateforme MSST (chapitre 6.8 \u00abPr\u00e9vention de la pand\u00e9mie\u00bb).<br><strong><a href=\"http:\/\/service.swissbaker.ch\/\" target=\"_blank\" rel=\"noreferrer noopener\">service.swissbaker.ch<\/a><\/strong><\/p>\n\n\n\n<hr class=\"wp-block-separator has-alpha-channel-opacity\"\/>\n\n\n\n<p><strong>Informations g\u00e9n\u00e9rales de l&#8217;Office f\u00e9d\u00e9ral de la sant\u00e9 publique (OFSP)<\/strong><br><strong><a href=\"https:\/\/ofsp-coronavirus.ch\/\" target=\"_blank\" rel=\"noreferrer noopener\">ofsp-coronavirus.ch<\/a><\/strong><\/p>\n\n\n\n<hr class=\"wp-block-separator has-alpha-channel-opacity\"\/>\n\n\n\n<p><strong>Informations sp\u00e9cifiques aux entreprises du Secr\u00e9tariat d&#8217;Etat \u00e0 l&#8217;\u00e9conomie (SECO)<br><a href=\"https:\/\/www.seco.admin.ch\/seco\/fr\/home.html\" target=\"_blank\" rel=\"noreferrer noopener\">www.seco.admin.ch\/seco<\/a><\/strong><\/p>\n\n\n\n<hr class=\"wp-block-separator has-alpha-channel-opacity\"\/>\n\n\n\n<p><strong>Contacts et informations des autorit\u00e9s cantonales<br><a href=\"https:\/\/www.ch.ch\/fr\/coronavirus\/#contacts-et-informations-des-autoritn-s-cantonales\" target=\"_blank\" rel=\"noreferrer noopener\">www.ch.ch<\/a><\/strong><\/p>\n\n\n\n<hr class=\"wp-block-separator has-alpha-channel-opacity\"\/>\n\n\n\n<p><strong>Personnes de contact<\/strong><br><br>Pour toute question juridique, veuillez vous adresser \u00e0 notre service juridique.<br>T\u00e9l. &nbsp;031 388 14 14<\/p>\n\n\n\n<p>S\u00e9bastien Knecht, responsable de l\u2019antenne AQ et MSST Romandie<br>T\u00e9l. 021 728 46 75&nbsp;<\/p>\n","protected":false},"excerpt":{"rendered":"<p>Questions juridiques et \u00e9conomiquesDiff\u00e9rents documents concernant notamment la quarantaine, le ch\u00f4mage partiel, le paiement des salaires, la communications de crise, la r\u00e9glementation des cas de rigueur et l&#8217;assurance pand\u00e9mie sont \u00e0 la disposition des membres de la BCS dans l\u2019intranet.Connexion Intranet&#8230;\u00bb Plans de protectionLes plans de protection actualis\u00e9s pour la production, les magasins et les caf\u00e9s, des mod\u00e8les d&#8217;affiches et [&hellip;]<\/p>\n","protected":false},"author":1,"featured_media":0,"parent":32131,"menu_order":0,"comment_status":"closed","ping_status":"closed","template":"","meta":{"_acf_changed":false,"footnotes":""},"class_list":["post-32300","page","type-page","status-publish","hentry"],"acf":[],"yoast_head":"<!-- This site is optimized with the Yoast SEO Premium plugin v26.8 (Yoast SEO v26.8) - https:\/\/yoast.com\/product\/yoast-seo-premium-wordpress\/ -->\n<title>Coronavirus \u2013 liens utiles | SBC<\/title>\n<meta name=\"robots\" content=\"index, follow, max-snippet:-1, max-image-preview:large, max-video-preview:-1\" \/>\n<link rel=\"canonical\" href=\"https:\/\/swissbaker.ch\/fr\/liens\/coronavirus-liens-utiles\/\" \/>\n<meta property=\"og:locale\" content=\"fr_FR\" \/>\n<meta property=\"og:type\" content=\"article\" \/>\n<meta property=\"og:title\" content=\"Coronavirus \u2013 liens utiles\" \/>\n<meta property=\"og:description\" content=\"Questions juridiques et \u00e9conomiquesDiff\u00e9rents documents concernant notamment la quarantaine, le ch\u00f4mage partiel, le paiement des salaires, la communications de crise, la r\u00e9glementation des cas de rigueur et l&#8217;assurance pand\u00e9mie sont \u00e0 la disposition des membres de la BCS dans l\u2019intranet.Connexion Intranet&#8230;\u00bb Plans de protectionLes plans de protection actualis\u00e9s pour la production, les magasins et les caf\u00e9s, des mod\u00e8les d&#8217;affiches et [&hellip;]\" \/>\n<meta property=\"og:url\" content=\"https:\/\/swissbaker.ch\/fr\/liens\/coronavirus-liens-utiles\/\" \/>\n<meta property=\"og:site_name\" content=\"SBC\" \/>\n<meta property=\"article:publisher\" content=\"https:\/\/www.facebook.com\/swissbaker.ch\" \/>\n<meta property=\"article:modified_time\" content=\"2022-06-10T12:30:13+00:00\" \/>\n<meta property=\"og:image\" content=\"https:\/\/swissbaker.ch\/wp-content\/uploads\/2022\/04\/sbc-logo-yoast.jpg\" \/>\n\t<meta property=\"og:image:width\" content=\"512\" \/>\n\t<meta property=\"og:image:height\" content=\"512\" \/>\n\t<meta property=\"og:image:type\" content=\"image\/jpeg\" \/>\n<meta name=\"twitter:card\" content=\"summary_large_image\" \/>\n<meta name=\"twitter:site\" content=\"@ch_swissbaker\" \/>\n<meta name=\"twitter:label1\" content=\"Est. reading time\" \/>\n\t<meta name=\"twitter:data1\" content=\"1 minute\" \/>\n<script type=\"application\/ld+json\" class=\"yoast-schema-graph\">{\"@context\":\"https:\/\/schema.org\",\"@graph\":[{\"@type\":\"WebPage\",\"@id\":\"https:\/\/swissbaker.ch\/fr\/liens\/coronavirus-liens-utiles\/\",\"url\":\"https:\/\/swissbaker.ch\/fr\/liens\/coronavirus-liens-utiles\/\",\"name\":\"Coronavirus \u2013 liens utiles | SBC\",\"isPartOf\":{\"@id\":\"https:\/\/swissbaker.ch\/fr\/#website\"},\"datePublished\":\"2022-04-25T11:29:22+00:00\",\"dateModified\":\"2022-06-10T12:30:13+00:00\",\"breadcrumb\":{\"@id\":\"https:\/\/swissbaker.ch\/fr\/liens\/coronavirus-liens-utiles\/#breadcrumb\"},\"inLanguage\":\"fr-FR\",\"potentialAction\":[{\"@type\":\"ReadAction\",\"target\":[\"https:\/\/swissbaker.ch\/fr\/liens\/coronavirus-liens-utiles\/\"]}]},{\"@type\":\"BreadcrumbList\",\"@id\":\"https:\/\/swissbaker.ch\/fr\/liens\/coronavirus-liens-utiles\/#breadcrumb\",\"itemListElement\":[{\"@type\":\"ListItem\",\"position\":1,\"name\":\"\",\"item\":\"https:\/\/swissbaker.ch\/fr\/\"},{\"@type\":\"ListItem\",\"position\":2,\"name\":\"Liens\",\"item\":\"https:\/\/swissbaker.ch\/fr\/liens\/\"},{\"@type\":\"ListItem\",\"position\":3,\"name\":\"Coronavirus \u2013 liens utiles\"}]},{\"@type\":\"WebSite\",\"@id\":\"https:\/\/swissbaker.ch\/fr\/#website\",\"url\":\"https:\/\/swissbaker.ch\/fr\/\",\"name\":\"SBC\",\"description\":\"\",\"publisher\":{\"@id\":\"https:\/\/swissbaker.ch\/fr\/#organization\"},\"potentialAction\":[{\"@type\":\"SearchAction\",\"target\":{\"@type\":\"EntryPoint\",\"urlTemplate\":\"https:\/\/swissbaker.ch\/fr\/?s={search_term_string}\"},\"query-input\":{\"@type\":\"PropertyValueSpecification\",\"valueRequired\":true,\"valueName\":\"search_term_string\"}}],\"inLanguage\":\"fr-FR\"},{\"@type\":\"Organization\",\"@id\":\"https:\/\/swissbaker.ch\/fr\/#organization\",\"name\":\"Schweizerischer B\u00e4cker-Confiseurmeister-Verband\",\"url\":\"https:\/\/swissbaker.ch\/fr\/\",\"logo\":{\"@type\":\"ImageObject\",\"inLanguage\":\"fr-FR\",\"@id\":\"https:\/\/swissbaker.ch\/fr\/#\/schema\/logo\/image\/\",\"url\":\"https:\/\/swissbaker.ch\/wp-content\/uploads\/2022\/04\/sbc-logo-yoast.jpg\",\"contentUrl\":\"https:\/\/swissbaker.ch\/wp-content\/uploads\/2022\/04\/sbc-logo-yoast.jpg\",\"width\":512,\"height\":512,\"caption\":\"Schweizerischer B\u00e4cker-Confiseurmeister-Verband\"},\"image\":{\"@id\":\"https:\/\/swissbaker.ch\/fr\/#\/schema\/logo\/image\/\"},\"sameAs\":[\"https:\/\/www.facebook.com\/swissbaker.ch\",\"https:\/\/x.com\/ch_swissbaker\"]}]}<\/script>\n<!-- \/ Yoast SEO Premium plugin. -->","yoast_head_json":{"title":"Coronavirus \u2013 liens utiles | SBC","robots":{"index":"index","follow":"follow","max-snippet":"max-snippet:-1","max-image-preview":"max-image-preview:large","max-video-preview":"max-video-preview:-1"},"canonical":"https:\/\/swissbaker.ch\/fr\/liens\/coronavirus-liens-utiles\/","og_locale":"fr_FR","og_type":"article","og_title":"Coronavirus \u2013 liens utiles","og_description":"Questions juridiques et \u00e9conomiquesDiff\u00e9rents documents concernant notamment la quarantaine, le ch\u00f4mage partiel, le paiement des salaires, la communications de crise, la r\u00e9glementation des cas de rigueur et l&#8217;assurance pand\u00e9mie sont \u00e0 la disposition des membres de la BCS dans l\u2019intranet.Connexion Intranet&#8230;\u00bb Plans de protectionLes plans de protection actualis\u00e9s pour la production, les magasins et les caf\u00e9s, des mod\u00e8les d&#8217;affiches et [&hellip;]","og_url":"https:\/\/swissbaker.ch\/fr\/liens\/coronavirus-liens-utiles\/","og_site_name":"SBC","article_publisher":"https:\/\/www.facebook.com\/swissbaker.ch","article_modified_time":"2022-06-10T12:30:13+00:00","og_image":[{"width":512,"height":512,"url":"https:\/\/swissbaker.ch\/wp-content\/uploads\/2022\/04\/sbc-logo-yoast.jpg","type":"image\/jpeg"}],"twitter_card":"summary_large_image","twitter_site":"@ch_swissbaker","twitter_misc":{"Est. reading time":"1 minute"},"schema":{"@context":"https:\/\/schema.org","@graph":[{"@type":"WebPage","@id":"https:\/\/swissbaker.ch\/fr\/liens\/coronavirus-liens-utiles\/","url":"https:\/\/swissbaker.ch\/fr\/liens\/coronavirus-liens-utiles\/","name":"Coronavirus \u2013 liens utiles | SBC","isPartOf":{"@id":"https:\/\/swissbaker.ch\/fr\/#website"},"datePublished":"2022-04-25T11:29:22+00:00","dateModified":"2022-06-10T12:30:13+00:00","breadcrumb":{"@id":"https:\/\/swissbaker.ch\/fr\/liens\/coronavirus-liens-utiles\/#breadcrumb"},"inLanguage":"fr-FR","potentialAction":[{"@type":"ReadAction","target":["https:\/\/swissbaker.ch\/fr\/liens\/coronavirus-liens-utiles\/"]}]},{"@type":"BreadcrumbList","@id":"https:\/\/swissbaker.ch\/fr\/liens\/coronavirus-liens-utiles\/#breadcrumb","itemListElement":[{"@type":"ListItem","position":1,"name":"","item":"https:\/\/swissbaker.ch\/fr\/"},{"@type":"ListItem","position":2,"name":"Liens","item":"https:\/\/swissbaker.ch\/fr\/liens\/"},{"@type":"ListItem","position":3,"name":"Coronavirus \u2013 liens utiles"}]},{"@type":"WebSite","@id":"https:\/\/swissbaker.ch\/fr\/#website","url":"https:\/\/swissbaker.ch\/fr\/","name":"SBC","description":"","publisher":{"@id":"https:\/\/swissbaker.ch\/fr\/#organization"},"potentialAction":[{"@type":"SearchAction","target":{"@type":"EntryPoint","urlTemplate":"https:\/\/swissbaker.ch\/fr\/?s={search_term_string}"},"query-input":{"@type":"PropertyValueSpecification","valueRequired":true,"valueName":"search_term_string"}}],"inLanguage":"fr-FR"},{"@type":"Organization","@id":"https:\/\/swissbaker.ch\/fr\/#organization","name":"Schweizerischer B\u00e4cker-Confiseurmeister-Verband","url":"https:\/\/swissbaker.ch\/fr\/","logo":{"@type":"ImageObject","inLanguage":"fr-FR","@id":"https:\/\/swissbaker.ch\/fr\/#\/schema\/logo\/image\/","url":"https:\/\/swissbaker.ch\/wp-content\/uploads\/2022\/04\/sbc-logo-yoast.jpg","contentUrl":"https:\/\/swissbaker.ch\/wp-content\/uploads\/2022\/04\/sbc-logo-yoast.jpg","width":512,"height":512,"caption":"Schweizerischer B\u00e4cker-Confiseurmeister-Verband"},"image":{"@id":"https:\/\/swissbaker.ch\/fr\/#\/schema\/logo\/image\/"},"sameAs":["https:\/\/www.facebook.com\/swissbaker.ch","https:\/\/x.com\/ch_swissbaker"]}]}},"_links":{"self":[{"href":"https:\/\/swissbaker.ch\/fr\/wp-json\/wp\/v2\/pages\/32300","targetHints":{"allow":["GET"]}}],"collection":[{"href":"https:\/\/swissbaker.ch\/fr\/wp-json\/wp\/v2\/pages"}],"about":[{"href":"https:\/\/swissbaker.ch\/fr\/wp-json\/wp\/v2\/types\/page"}],"author":[{"embeddable":true,"href":"https:\/\/swissbaker.ch\/fr\/wp-json\/wp\/v2\/users\/1"}],"replies":[{"embeddable":true,"href":"https:\/\/swissbaker.ch\/fr\/wp-json\/wp\/v2\/comments?post=32300"}],"version-history":[{"count":0,"href":"https:\/\/swissbaker.ch\/fr\/wp-json\/wp\/v2\/pages\/32300\/revisions"}],"up":[{"embeddable":true,"href":"https:\/\/swissbaker.ch\/fr\/wp-json\/wp\/v2\/pages\/32131"}],"wp:attachment":[{"href":"https:\/\/swissbaker.ch\/fr\/wp-json\/wp\/v2\/media?parent=32300"}],"curies":[{"name":"wp","href":"https:\/\/api.w.org\/{rel}","templated":true}]}}