{"id":32046,"date":"2022-04-25T11:49:44","date_gmt":"2022-04-25T09:49:44","guid":{"rendered":"https:\/\/swissbaker.ch\/?page_id=32046"},"modified":"2025-11-03T14:23:42","modified_gmt":"2025-11-03T13:23:42","slug":"bon-dachat","status":"publish","type":"page","link":"https:\/\/swissbaker.ch\/fr\/consommateur\/bon-dachat\/","title":{"rendered":"Bon d\u2019achat"},"content":{"rendered":"\n<div class=\"wp-block-columns\">\n<div class=\"wp-block-column\">\n<figure class=\"wp-block-image size-full\"><img decoding=\"async\" width=\"280\" height=\"218\" src=\"https:\/\/swissbaker.ch\/wp-content\/uploads\/2022\/06\/csm_gutscheine_sbc_897aa9c6e3.jpg\" alt=\"\" class=\"wp-image-37474\"\/><\/figure>\n<\/div>\n\n\n\n<div class=\"wp-block-column\">\n<p><strong>Pourquoi ne pas surprendre vos clients, collaborateurs ou amis en leur offrant un bon d\u2019achat de l\u2019artisan boulanger-confiseur, en guise de remerciement pour un service ou des relations commerciales fructueuses, de prix de concours ou tout simplement de petite attention?<\/strong><\/p>\n<\/div>\n<\/div>\n\n\n\n<p>Le bon d\u2019achat de l\u2019artisan boulanger-confiseur permet de d\u00e9couvrir des sp\u00e9cialit\u00e9s locales ou des pains frais du four pr\u00e8s de chez soi ou \u00e0 l\u2019autre bout de la Suisse.<\/p>\n\n\n\n<p>Les bons peuvent \u00eatre convertis dans des boulangeries-confiseries artisanales membres de la BCS \u2013 ces derni\u00e8res comptant plus de 2500 points de vente dans toute la Suisse.<\/p>\n\n\n\n<p><strong>Valeurs<\/strong><br>Les bons sont disponibles en valeur de CHF 10.\u2013 et de CHF 20.\u2013. (Pour les sommes d\u2019une certaine importance, veuillez tenir compte des coupures de 10 et de 20 francs souhait\u00e9es.)<\/p>\n\n\n\n<p><strong>Validit\u00e9<\/strong><br>Les bons sont valables dans toutes les boulangeries-confiseries membres de la BCS, repr\u00e9sentant plus de 2500 points de vente \u00e0 l\u2019\u00e9chelle suisse!<br>Vous trouverez ici&nbsp;<a href=\"https:\/\/swissbaker.ch\/fr\/consommateur\/boulangerie-confiserie\/\"><strong>la liste des membres de la BCS<\/strong>.<\/a>&nbsp; &nbsp;<br><em>(Les boulangeries-confiseries qui n&#8217;acceptent pas les bons d&#8217;achat SBC ont une note).<\/em><\/p>\n\n\n\n<p><strong>Conditions&nbsp;<\/strong><\/p>\n\n\n\n<ul class=\"wp-block-list\">\n<li>Valeur des bons, frais de port en sus (recommand\u00e9)&nbsp;<\/li>\n\n\n\n<li>Rabais de 2,5 % pour les achats de CHF 1000.\u2013 \u00e0 CHF 2500.\u2013&nbsp;<\/li>\n\n\n\n<li>Rabais de 5 % pour les achats de plus de CHF 2500.\u2013<\/li>\n<\/ul>\n\n\n\n<p><strong>Sp\u00e9cifications<br><\/strong>Dimensions: 21 cm x 10,5 cm (L x l), convenant pour enveloppes C5\/6, poids: 7 g<br>Impression du logo de l&#8217;entreprise possible sur demande<\/p>\n\n\n\n<p><strong><a href=\"https:\/\/swissbaker.ch\/fr\/consommateur\/bon-dachat\/commande\/\">Commande en ligne ..\u00bb<\/a><\/strong><\/p>\n\n\n\n<p>Pour toute commande ou question, vous pouvez nous contacter aux coordonn\u00e9es suivantes:<\/p>\n\n\n\n<p>T\u00e9l. 031 388 14 14&nbsp;<br><a href=\"mailto:info@swissbaker.ch\">info@swissbaker.ch<\/a><\/p>\n","protected":false},"excerpt":{"rendered":"<p>Pourquoi ne pas surprendre vos clients, collaborateurs ou amis en leur offrant un bon d\u2019achat de l\u2019artisan boulanger-confiseur, en guise de remerciement pour un service ou des relations commerciales fructueuses, de prix de concours ou tout simplement de petite attention? Le bon d\u2019achat de l\u2019artisan boulanger-confiseur permet de d\u00e9couvrir des sp\u00e9cialit\u00e9s locales ou des pains frais du four pr\u00e8s de [&hellip;]<\/p>\n","protected":false},"author":1,"featured_media":0,"parent":31868,"menu_order":0,"comment_status":"closed","ping_status":"closed","template":"","meta":{"_acf_changed":true,"footnotes":""},"class_list":["post-32046","page","type-page","status-publish","hentry"],"acf":[],"yoast_head":"<!-- This site is optimized with the Yoast SEO Premium plugin v26.8 (Yoast SEO v26.8) - https:\/\/yoast.com\/product\/yoast-seo-premium-wordpress\/ -->\n<title>Bon d\u2019achat | SBC<\/title>\n<meta name=\"robots\" content=\"index, follow, max-snippet:-1, max-image-preview:large, max-video-preview:-1\" \/>\n<link rel=\"canonical\" href=\"https:\/\/swissbaker.ch\/fr\/consommateur\/bon-dachat\/\" \/>\n<meta property=\"og:locale\" content=\"fr_FR\" \/>\n<meta property=\"og:type\" content=\"article\" \/>\n<meta property=\"og:title\" content=\"Bon d\u2019achat\" \/>\n<meta property=\"og:description\" content=\"Pourquoi ne pas surprendre vos clients, collaborateurs ou amis en leur offrant un bon d\u2019achat de l\u2019artisan boulanger-confiseur, en guise de remerciement pour un service ou des relations commerciales fructueuses, de prix de concours ou tout simplement de petite attention? Le bon d\u2019achat de l\u2019artisan boulanger-confiseur permet de d\u00e9couvrir des sp\u00e9cialit\u00e9s locales ou des pains frais du four pr\u00e8s de [&hellip;]\" \/>\n<meta property=\"og:url\" content=\"https:\/\/swissbaker.ch\/fr\/consommateur\/bon-dachat\/\" \/>\n<meta property=\"og:site_name\" content=\"SBC\" \/>\n<meta property=\"article:publisher\" content=\"https:\/\/www.facebook.com\/swissbaker.ch\" \/>\n<meta property=\"article:modified_time\" content=\"2025-11-03T13:23:42+00:00\" \/>\n<meta property=\"og:image\" content=\"https:\/\/swissbaker.ch\/wp-content\/uploads\/2022\/06\/csm_gutscheine_sbc_897aa9c6e3.jpg\" \/>\n\t<meta property=\"og:image:width\" content=\"280\" \/>\n\t<meta property=\"og:image:height\" content=\"218\" \/>\n\t<meta property=\"og:image:type\" content=\"image\/jpeg\" \/>\n<meta name=\"twitter:card\" content=\"summary_large_image\" \/>\n<meta name=\"twitter:site\" content=\"@ch_swissbaker\" \/>\n<meta name=\"twitter:label1\" content=\"Est. reading time\" \/>\n\t<meta name=\"twitter:data1\" content=\"2 minutes\" \/>\n<script type=\"application\/ld+json\" class=\"yoast-schema-graph\">{\"@context\":\"https:\/\/schema.org\",\"@graph\":[{\"@type\":\"WebPage\",\"@id\":\"https:\/\/swissbaker.ch\/fr\/consommateur\/bon-dachat\/\",\"url\":\"https:\/\/swissbaker.ch\/fr\/consommateur\/bon-dachat\/\",\"name\":\"Bon d\u2019achat | SBC\",\"isPartOf\":{\"@id\":\"https:\/\/swissbaker.ch\/fr\/#website\"},\"primaryImageOfPage\":{\"@id\":\"https:\/\/swissbaker.ch\/fr\/consommateur\/bon-dachat\/#primaryimage\"},\"image\":{\"@id\":\"https:\/\/swissbaker.ch\/fr\/consommateur\/bon-dachat\/#primaryimage\"},\"thumbnailUrl\":\"https:\/\/swissbaker.ch\/wp-content\/uploads\/2022\/06\/csm_gutscheine_sbc_897aa9c6e3.jpg\",\"datePublished\":\"2022-04-25T09:49:44+00:00\",\"dateModified\":\"2025-11-03T13:23:42+00:00\",\"breadcrumb\":{\"@id\":\"https:\/\/swissbaker.ch\/fr\/consommateur\/bon-dachat\/#breadcrumb\"},\"inLanguage\":\"fr-FR\",\"potentialAction\":[{\"@type\":\"ReadAction\",\"target\":[\"https:\/\/swissbaker.ch\/fr\/consommateur\/bon-dachat\/\"]}]},{\"@type\":\"ImageObject\",\"inLanguage\":\"fr-FR\",\"@id\":\"https:\/\/swissbaker.ch\/fr\/consommateur\/bon-dachat\/#primaryimage\",\"url\":\"https:\/\/swissbaker.ch\/wp-content\/uploads\/2022\/06\/csm_gutscheine_sbc_897aa9c6e3.jpg\",\"contentUrl\":\"https:\/\/swissbaker.ch\/wp-content\/uploads\/2022\/06\/csm_gutscheine_sbc_897aa9c6e3.jpg\"},{\"@type\":\"BreadcrumbList\",\"@id\":\"https:\/\/swissbaker.ch\/fr\/consommateur\/bon-dachat\/#breadcrumb\",\"itemListElement\":[{\"@type\":\"ListItem\",\"position\":1,\"name\":\"\",\"item\":\"https:\/\/swissbaker.ch\/fr\/\"},{\"@type\":\"ListItem\",\"position\":2,\"name\":\"Consommateur\",\"item\":\"https:\/\/swissbaker.ch\/fr\/consommateur\/\"},{\"@type\":\"ListItem\",\"position\":3,\"name\":\"Bon d\u2019achat\"}]},{\"@type\":\"WebSite\",\"@id\":\"https:\/\/swissbaker.ch\/fr\/#website\",\"url\":\"https:\/\/swissbaker.ch\/fr\/\",\"name\":\"SBC\",\"description\":\"\",\"publisher\":{\"@id\":\"https:\/\/swissbaker.ch\/fr\/#organization\"},\"potentialAction\":[{\"@type\":\"SearchAction\",\"target\":{\"@type\":\"EntryPoint\",\"urlTemplate\":\"https:\/\/swissbaker.ch\/fr\/?s={search_term_string}\"},\"query-input\":{\"@type\":\"PropertyValueSpecification\",\"valueRequired\":true,\"valueName\":\"search_term_string\"}}],\"inLanguage\":\"fr-FR\"},{\"@type\":\"Organization\",\"@id\":\"https:\/\/swissbaker.ch\/fr\/#organization\",\"name\":\"Schweizerischer B\u00e4cker-Confiseurmeister-Verband\",\"url\":\"https:\/\/swissbaker.ch\/fr\/\",\"logo\":{\"@type\":\"ImageObject\",\"inLanguage\":\"fr-FR\",\"@id\":\"https:\/\/swissbaker.ch\/fr\/#\/schema\/logo\/image\/\",\"url\":\"https:\/\/swissbaker.ch\/wp-content\/uploads\/2022\/04\/sbc-logo-yoast.jpg\",\"contentUrl\":\"https:\/\/swissbaker.ch\/wp-content\/uploads\/2022\/04\/sbc-logo-yoast.jpg\",\"width\":512,\"height\":512,\"caption\":\"Schweizerischer B\u00e4cker-Confiseurmeister-Verband\"},\"image\":{\"@id\":\"https:\/\/swissbaker.ch\/fr\/#\/schema\/logo\/image\/\"},\"sameAs\":[\"https:\/\/www.facebook.com\/swissbaker.ch\",\"https:\/\/x.com\/ch_swissbaker\"]}]}<\/script>\n<!-- \/ Yoast SEO Premium plugin. -->","yoast_head_json":{"title":"Bon d\u2019achat | SBC","robots":{"index":"index","follow":"follow","max-snippet":"max-snippet:-1","max-image-preview":"max-image-preview:large","max-video-preview":"max-video-preview:-1"},"canonical":"https:\/\/swissbaker.ch\/fr\/consommateur\/bon-dachat\/","og_locale":"fr_FR","og_type":"article","og_title":"Bon d\u2019achat","og_description":"Pourquoi ne pas surprendre vos clients, collaborateurs ou amis en leur offrant un bon d\u2019achat de l\u2019artisan boulanger-confiseur, en guise de remerciement pour un service ou des relations commerciales fructueuses, de prix de concours ou tout simplement de petite attention? Le bon d\u2019achat de l\u2019artisan boulanger-confiseur permet de d\u00e9couvrir des sp\u00e9cialit\u00e9s locales ou des pains frais du four pr\u00e8s de [&hellip;]","og_url":"https:\/\/swissbaker.ch\/fr\/consommateur\/bon-dachat\/","og_site_name":"SBC","article_publisher":"https:\/\/www.facebook.com\/swissbaker.ch","article_modified_time":"2025-11-03T13:23:42+00:00","og_image":[{"width":280,"height":218,"url":"https:\/\/swissbaker.ch\/wp-content\/uploads\/2022\/06\/csm_gutscheine_sbc_897aa9c6e3.jpg","type":"image\/jpeg"}],"twitter_card":"summary_large_image","twitter_site":"@ch_swissbaker","twitter_misc":{"Est. reading time":"2 minutes"},"schema":{"@context":"https:\/\/schema.org","@graph":[{"@type":"WebPage","@id":"https:\/\/swissbaker.ch\/fr\/consommateur\/bon-dachat\/","url":"https:\/\/swissbaker.ch\/fr\/consommateur\/bon-dachat\/","name":"Bon d\u2019achat | SBC","isPartOf":{"@id":"https:\/\/swissbaker.ch\/fr\/#website"},"primaryImageOfPage":{"@id":"https:\/\/swissbaker.ch\/fr\/consommateur\/bon-dachat\/#primaryimage"},"image":{"@id":"https:\/\/swissbaker.ch\/fr\/consommateur\/bon-dachat\/#primaryimage"},"thumbnailUrl":"https:\/\/swissbaker.ch\/wp-content\/uploads\/2022\/06\/csm_gutscheine_sbc_897aa9c6e3.jpg","datePublished":"2022-04-25T09:49:44+00:00","dateModified":"2025-11-03T13:23:42+00:00","breadcrumb":{"@id":"https:\/\/swissbaker.ch\/fr\/consommateur\/bon-dachat\/#breadcrumb"},"inLanguage":"fr-FR","potentialAction":[{"@type":"ReadAction","target":["https:\/\/swissbaker.ch\/fr\/consommateur\/bon-dachat\/"]}]},{"@type":"ImageObject","inLanguage":"fr-FR","@id":"https:\/\/swissbaker.ch\/fr\/consommateur\/bon-dachat\/#primaryimage","url":"https:\/\/swissbaker.ch\/wp-content\/uploads\/2022\/06\/csm_gutscheine_sbc_897aa9c6e3.jpg","contentUrl":"https:\/\/swissbaker.ch\/wp-content\/uploads\/2022\/06\/csm_gutscheine_sbc_897aa9c6e3.jpg"},{"@type":"BreadcrumbList","@id":"https:\/\/swissbaker.ch\/fr\/consommateur\/bon-dachat\/#breadcrumb","itemListElement":[{"@type":"ListItem","position":1,"name":"","item":"https:\/\/swissbaker.ch\/fr\/"},{"@type":"ListItem","position":2,"name":"Consommateur","item":"https:\/\/swissbaker.ch\/fr\/consommateur\/"},{"@type":"ListItem","position":3,"name":"Bon d\u2019achat"}]},{"@type":"WebSite","@id":"https:\/\/swissbaker.ch\/fr\/#website","url":"https:\/\/swissbaker.ch\/fr\/","name":"SBC","description":"","publisher":{"@id":"https:\/\/swissbaker.ch\/fr\/#organization"},"potentialAction":[{"@type":"SearchAction","target":{"@type":"EntryPoint","urlTemplate":"https:\/\/swissbaker.ch\/fr\/?s={search_term_string}"},"query-input":{"@type":"PropertyValueSpecification","valueRequired":true,"valueName":"search_term_string"}}],"inLanguage":"fr-FR"},{"@type":"Organization","@id":"https:\/\/swissbaker.ch\/fr\/#organization","name":"Schweizerischer B\u00e4cker-Confiseurmeister-Verband","url":"https:\/\/swissbaker.ch\/fr\/","logo":{"@type":"ImageObject","inLanguage":"fr-FR","@id":"https:\/\/swissbaker.ch\/fr\/#\/schema\/logo\/image\/","url":"https:\/\/swissbaker.ch\/wp-content\/uploads\/2022\/04\/sbc-logo-yoast.jpg","contentUrl":"https:\/\/swissbaker.ch\/wp-content\/uploads\/2022\/04\/sbc-logo-yoast.jpg","width":512,"height":512,"caption":"Schweizerischer B\u00e4cker-Confiseurmeister-Verband"},"image":{"@id":"https:\/\/swissbaker.ch\/fr\/#\/schema\/logo\/image\/"},"sameAs":["https:\/\/www.facebook.com\/swissbaker.ch","https:\/\/x.com\/ch_swissbaker"]}]}},"_links":{"self":[{"href":"https:\/\/swissbaker.ch\/fr\/wp-json\/wp\/v2\/pages\/32046","targetHints":{"allow":["GET"]}}],"collection":[{"href":"https:\/\/swissbaker.ch\/fr\/wp-json\/wp\/v2\/pages"}],"about":[{"href":"https:\/\/swissbaker.ch\/fr\/wp-json\/wp\/v2\/types\/page"}],"author":[{"embeddable":true,"href":"https:\/\/swissbaker.ch\/fr\/wp-json\/wp\/v2\/users\/1"}],"replies":[{"embeddable":true,"href":"https:\/\/swissbaker.ch\/fr\/wp-json\/wp\/v2\/comments?post=32046"}],"version-history":[{"count":0,"href":"https:\/\/swissbaker.ch\/fr\/wp-json\/wp\/v2\/pages\/32046\/revisions"}],"up":[{"embeddable":true,"href":"https:\/\/swissbaker.ch\/fr\/wp-json\/wp\/v2\/pages\/31868"}],"wp:attachment":[{"href":"https:\/\/swissbaker.ch\/fr\/wp-json\/wp\/v2\/media?parent=32046"}],"curies":[{"name":"wp","href":"https:\/\/api.w.org\/{rel}","templated":true}]}}