{"id":31868,"date":"2022-04-25T11:38:49","date_gmt":"2022-04-25T09:38:49","guid":{"rendered":"https:\/\/swissbaker.ch\/?page_id=31868"},"modified":"2022-12-22T14:25:16","modified_gmt":"2022-12-22T13:25:16","slug":"consommateur","status":"publish","type":"page","link":"https:\/\/swissbaker.ch\/fr\/consommateur\/","title":{"rendered":"Consommateur"},"content":{"rendered":"\n<p>Cliquez <a href=\"https:\/\/swissbaker.ch\/mitglied\/\" target=\"_blank\" rel=\"noreferrer noopener\">ici<\/a> pour trouver une boulangerie-confiserie artisanale dans votre r\u00e9gion, ou sur les pages suivantes pour d\u00e9couvrir des informations utiles \u2013 les actualit\u00e9s \u00e9tant disponibles sous <a href=\"https:\/\/swissbaker.ch\/fr\/news-panissimo\/\" target=\"_blank\" rel=\"noreferrer noopener\">News Panissimo<\/a>.<\/p>\n\n\n\n<p>Vous avez des remarques ou des suggestions \u00e0 nous faire? N&#8217;h\u00e9sitez pas \u00e0 nous <a href=\"mailto:%20info@swissbaker.ch\">\u00e9crire<\/a> \u2013 nous sommes \u00e0 votre disposition!<\/p>\n\n\n\n<a class=\"btn btn-primary btn-large\" href=\"#\" data-bs-toggle=\"modal\" data-bs-target=\"#searchModal\"><i class=\"fa-light fa-magnifying-glass fa-fw me-1 no-animation\"><\/i>Rechercher des membres<\/a>\n","protected":false},"excerpt":{"rendered":"<p>Cliquez ici pour trouver une boulangerie-confiserie artisanale dans votre r\u00e9gion, ou sur les pages suivantes pour d\u00e9couvrir des informations utiles \u2013 les actualit\u00e9s \u00e9tant disponibles sous News Panissimo. Vous avez des remarques ou des suggestions \u00e0 nous faire? N&#8217;h\u00e9sitez pas \u00e0 nous \u00e9crire \u2013 nous sommes \u00e0 votre disposition! Rechercher des membres<\/p>\n","protected":false},"author":1,"featured_media":35466,"parent":0,"menu_order":0,"comment_status":"closed","ping_status":"closed","template":"","meta":{"_acf_changed":false,"footnotes":""},"class_list":["post-31868","page","type-page","status-publish","has-post-thumbnail","hentry"],"acf":[],"yoast_head":"<!-- This site is optimized with the Yoast SEO Premium plugin v26.8 (Yoast SEO v26.8) - https:\/\/yoast.com\/product\/yoast-seo-premium-wordpress\/ -->\n<title>Consommateur | SBC<\/title>\n<meta name=\"description\" content=\"Vous trouverez ici diff\u00e9rentes informations qui vous int\u00e9ressent en tant que consommateur. Et si ce n&#039;est pas le cas, \u00e9crivez-nous !\" \/>\n<meta name=\"robots\" content=\"index, follow, max-snippet:-1, max-image-preview:large, max-video-preview:-1\" \/>\n<link rel=\"canonical\" href=\"https:\/\/swissbaker.ch\/fr\/consommateur\/\" \/>\n<meta property=\"og:locale\" content=\"fr_FR\" \/>\n<meta property=\"og:type\" content=\"article\" \/>\n<meta property=\"og:title\" content=\"Consommateur\" \/>\n<meta property=\"og:description\" content=\"Vous trouverez ici diff\u00e9rentes informations qui vous int\u00e9ressent en tant que consommateur. Et si ce n&#039;est pas le cas, \u00e9crivez-nous !\" \/>\n<meta property=\"og:url\" content=\"https:\/\/swissbaker.ch\/fr\/consommateur\/\" \/>\n<meta property=\"og:site_name\" content=\"SBC\" \/>\n<meta property=\"article:publisher\" content=\"https:\/\/www.facebook.com\/swissbaker.ch\" \/>\n<meta property=\"article:modified_time\" content=\"2022-12-22T13:25:16+00:00\" \/>\n<meta property=\"og:image\" content=\"https:\/\/swissbaker.ch\/wp-content\/uploads\/2022\/06\/20220506.fg-baguette_d3_9085_jr-scaled.jpg\" \/>\n\t<meta property=\"og:image:width\" content=\"2048\" \/>\n\t<meta property=\"og:image:height\" content=\"1366\" \/>\n\t<meta property=\"og:image:type\" content=\"image\/jpeg\" \/>\n<meta name=\"twitter:card\" content=\"summary_large_image\" \/>\n<meta name=\"twitter:site\" content=\"@ch_swissbaker\" \/>\n<meta name=\"twitter:label1\" content=\"Est. reading time\" \/>\n\t<meta name=\"twitter:data1\" content=\"1 minute\" \/>\n<script type=\"application\/ld+json\" class=\"yoast-schema-graph\">{\"@context\":\"https:\/\/schema.org\",\"@graph\":[{\"@type\":\"WebPage\",\"@id\":\"https:\/\/swissbaker.ch\/fr\/consommateur\/\",\"url\":\"https:\/\/swissbaker.ch\/fr\/consommateur\/\",\"name\":\"Consommateur | SBC\",\"isPartOf\":{\"@id\":\"https:\/\/swissbaker.ch\/fr\/#website\"},\"primaryImageOfPage\":{\"@id\":\"https:\/\/swissbaker.ch\/fr\/consommateur\/#primaryimage\"},\"image\":{\"@id\":\"https:\/\/swissbaker.ch\/fr\/consommateur\/#primaryimage\"},\"thumbnailUrl\":\"https:\/\/swissbaker.ch\/wp-content\/uploads\/2022\/06\/20220506.fg-baguette_d3_9085_jr-scaled.jpg\",\"datePublished\":\"2022-04-25T09:38:49+00:00\",\"dateModified\":\"2022-12-22T13:25:16+00:00\",\"description\":\"Vous trouverez ici diff\u00e9rentes informations qui vous int\u00e9ressent en tant que consommateur. Et si ce n'est pas le cas, \u00e9crivez-nous !\",\"breadcrumb\":{\"@id\":\"https:\/\/swissbaker.ch\/fr\/consommateur\/#breadcrumb\"},\"inLanguage\":\"fr-FR\",\"potentialAction\":[{\"@type\":\"ReadAction\",\"target\":[\"https:\/\/swissbaker.ch\/fr\/consommateur\/\"]}]},{\"@type\":\"ImageObject\",\"inLanguage\":\"fr-FR\",\"@id\":\"https:\/\/swissbaker.ch\/fr\/consommateur\/#primaryimage\",\"url\":\"https:\/\/swissbaker.ch\/wp-content\/uploads\/2022\/06\/20220506.fg-baguette_d3_9085_jr-scaled.jpg\",\"contentUrl\":\"https:\/\/swissbaker.ch\/wp-content\/uploads\/2022\/06\/20220506.fg-baguette_d3_9085_jr-scaled.jpg\",\"width\":2048,\"height\":1366},{\"@type\":\"BreadcrumbList\",\"@id\":\"https:\/\/swissbaker.ch\/fr\/consommateur\/#breadcrumb\",\"itemListElement\":[{\"@type\":\"ListItem\",\"position\":1,\"name\":\"\",\"item\":\"https:\/\/swissbaker.ch\/fr\/\"},{\"@type\":\"ListItem\",\"position\":2,\"name\":\"Consommateur\"}]},{\"@type\":\"WebSite\",\"@id\":\"https:\/\/swissbaker.ch\/fr\/#website\",\"url\":\"https:\/\/swissbaker.ch\/fr\/\",\"name\":\"SBC\",\"description\":\"\",\"publisher\":{\"@id\":\"https:\/\/swissbaker.ch\/fr\/#organization\"},\"potentialAction\":[{\"@type\":\"SearchAction\",\"target\":{\"@type\":\"EntryPoint\",\"urlTemplate\":\"https:\/\/swissbaker.ch\/fr\/?s={search_term_string}\"},\"query-input\":{\"@type\":\"PropertyValueSpecification\",\"valueRequired\":true,\"valueName\":\"search_term_string\"}}],\"inLanguage\":\"fr-FR\"},{\"@type\":\"Organization\",\"@id\":\"https:\/\/swissbaker.ch\/fr\/#organization\",\"name\":\"Schweizerischer B\u00e4cker-Confiseurmeister-Verband\",\"url\":\"https:\/\/swissbaker.ch\/fr\/\",\"logo\":{\"@type\":\"ImageObject\",\"inLanguage\":\"fr-FR\",\"@id\":\"https:\/\/swissbaker.ch\/fr\/#\/schema\/logo\/image\/\",\"url\":\"https:\/\/swissbaker.ch\/wp-content\/uploads\/2022\/04\/sbc-logo-yoast.jpg\",\"contentUrl\":\"https:\/\/swissbaker.ch\/wp-content\/uploads\/2022\/04\/sbc-logo-yoast.jpg\",\"width\":512,\"height\":512,\"caption\":\"Schweizerischer B\u00e4cker-Confiseurmeister-Verband\"},\"image\":{\"@id\":\"https:\/\/swissbaker.ch\/fr\/#\/schema\/logo\/image\/\"},\"sameAs\":[\"https:\/\/www.facebook.com\/swissbaker.ch\",\"https:\/\/x.com\/ch_swissbaker\"]}]}<\/script>\n<!-- \/ Yoast SEO Premium plugin. -->","yoast_head_json":{"title":"Consommateur | SBC","description":"Vous trouverez ici diff\u00e9rentes informations qui vous int\u00e9ressent en tant que consommateur. Et si ce n'est pas le cas, \u00e9crivez-nous !","robots":{"index":"index","follow":"follow","max-snippet":"max-snippet:-1","max-image-preview":"max-image-preview:large","max-video-preview":"max-video-preview:-1"},"canonical":"https:\/\/swissbaker.ch\/fr\/consommateur\/","og_locale":"fr_FR","og_type":"article","og_title":"Consommateur","og_description":"Vous trouverez ici diff\u00e9rentes informations qui vous int\u00e9ressent en tant que consommateur. Et si ce n'est pas le cas, \u00e9crivez-nous !","og_url":"https:\/\/swissbaker.ch\/fr\/consommateur\/","og_site_name":"SBC","article_publisher":"https:\/\/www.facebook.com\/swissbaker.ch","article_modified_time":"2022-12-22T13:25:16+00:00","og_image":[{"width":2048,"height":1366,"url":"https:\/\/swissbaker.ch\/wp-content\/uploads\/2022\/06\/20220506.fg-baguette_d3_9085_jr-scaled.jpg","type":"image\/jpeg"}],"twitter_card":"summary_large_image","twitter_site":"@ch_swissbaker","twitter_misc":{"Est. reading time":"1 minute"},"schema":{"@context":"https:\/\/schema.org","@graph":[{"@type":"WebPage","@id":"https:\/\/swissbaker.ch\/fr\/consommateur\/","url":"https:\/\/swissbaker.ch\/fr\/consommateur\/","name":"Consommateur | SBC","isPartOf":{"@id":"https:\/\/swissbaker.ch\/fr\/#website"},"primaryImageOfPage":{"@id":"https:\/\/swissbaker.ch\/fr\/consommateur\/#primaryimage"},"image":{"@id":"https:\/\/swissbaker.ch\/fr\/consommateur\/#primaryimage"},"thumbnailUrl":"https:\/\/swissbaker.ch\/wp-content\/uploads\/2022\/06\/20220506.fg-baguette_d3_9085_jr-scaled.jpg","datePublished":"2022-04-25T09:38:49+00:00","dateModified":"2022-12-22T13:25:16+00:00","description":"Vous trouverez ici diff\u00e9rentes informations qui vous int\u00e9ressent en tant que consommateur. Et si ce n'est pas le cas, \u00e9crivez-nous !","breadcrumb":{"@id":"https:\/\/swissbaker.ch\/fr\/consommateur\/#breadcrumb"},"inLanguage":"fr-FR","potentialAction":[{"@type":"ReadAction","target":["https:\/\/swissbaker.ch\/fr\/consommateur\/"]}]},{"@type":"ImageObject","inLanguage":"fr-FR","@id":"https:\/\/swissbaker.ch\/fr\/consommateur\/#primaryimage","url":"https:\/\/swissbaker.ch\/wp-content\/uploads\/2022\/06\/20220506.fg-baguette_d3_9085_jr-scaled.jpg","contentUrl":"https:\/\/swissbaker.ch\/wp-content\/uploads\/2022\/06\/20220506.fg-baguette_d3_9085_jr-scaled.jpg","width":2048,"height":1366},{"@type":"BreadcrumbList","@id":"https:\/\/swissbaker.ch\/fr\/consommateur\/#breadcrumb","itemListElement":[{"@type":"ListItem","position":1,"name":"","item":"https:\/\/swissbaker.ch\/fr\/"},{"@type":"ListItem","position":2,"name":"Consommateur"}]},{"@type":"WebSite","@id":"https:\/\/swissbaker.ch\/fr\/#website","url":"https:\/\/swissbaker.ch\/fr\/","name":"SBC","description":"","publisher":{"@id":"https:\/\/swissbaker.ch\/fr\/#organization"},"potentialAction":[{"@type":"SearchAction","target":{"@type":"EntryPoint","urlTemplate":"https:\/\/swissbaker.ch\/fr\/?s={search_term_string}"},"query-input":{"@type":"PropertyValueSpecification","valueRequired":true,"valueName":"search_term_string"}}],"inLanguage":"fr-FR"},{"@type":"Organization","@id":"https:\/\/swissbaker.ch\/fr\/#organization","name":"Schweizerischer B\u00e4cker-Confiseurmeister-Verband","url":"https:\/\/swissbaker.ch\/fr\/","logo":{"@type":"ImageObject","inLanguage":"fr-FR","@id":"https:\/\/swissbaker.ch\/fr\/#\/schema\/logo\/image\/","url":"https:\/\/swissbaker.ch\/wp-content\/uploads\/2022\/04\/sbc-logo-yoast.jpg","contentUrl":"https:\/\/swissbaker.ch\/wp-content\/uploads\/2022\/04\/sbc-logo-yoast.jpg","width":512,"height":512,"caption":"Schweizerischer B\u00e4cker-Confiseurmeister-Verband"},"image":{"@id":"https:\/\/swissbaker.ch\/fr\/#\/schema\/logo\/image\/"},"sameAs":["https:\/\/www.facebook.com\/swissbaker.ch","https:\/\/x.com\/ch_swissbaker"]}]}},"_links":{"self":[{"href":"https:\/\/swissbaker.ch\/fr\/wp-json\/wp\/v2\/pages\/31868","targetHints":{"allow":["GET"]}}],"collection":[{"href":"https:\/\/swissbaker.ch\/fr\/wp-json\/wp\/v2\/pages"}],"about":[{"href":"https:\/\/swissbaker.ch\/fr\/wp-json\/wp\/v2\/types\/page"}],"author":[{"embeddable":true,"href":"https:\/\/swissbaker.ch\/fr\/wp-json\/wp\/v2\/users\/1"}],"replies":[{"embeddable":true,"href":"https:\/\/swissbaker.ch\/fr\/wp-json\/wp\/v2\/comments?post=31868"}],"version-history":[{"count":0,"href":"https:\/\/swissbaker.ch\/fr\/wp-json\/wp\/v2\/pages\/31868\/revisions"}],"wp:featuredmedia":[{"embeddable":true,"href":"https:\/\/swissbaker.ch\/fr\/wp-json\/wp\/v2\/media\/35466"}],"wp:attachment":[{"href":"https:\/\/swissbaker.ch\/fr\/wp-json\/wp\/v2\/media?parent=31868"}],"curies":[{"name":"wp","href":"https:\/\/api.w.org\/{rel}","templated":true}]}}