{"id":161528,"date":"2026-05-01T11:52:18","date_gmt":"2026-05-01T09:52:18","guid":{"rendered":"https:\/\/swissbaker.ch\/?page_id=161528"},"modified":"2026-05-01T14:48:26","modified_gmt":"2026-05-01T12:48:26","slug":"worldskills-shanghai-2026","status":"publish","type":"page","link":"https:\/\/swissbaker.ch\/fr\/worldskills-shanghai-2026\/","title":{"rendered":"WorldSkills Shanghai 2026"},"content":{"rendered":"\n<p>Du 22 au 27 septembre 2026, la 48<sup>\u00e8me<\/sup>&nbsp;\u00e9dition des WorldSkills aura lieu \u00e0 Shanghai, o\u00f9 les meilleurs jeunes talents professionnels du monde entier s&#8217;affronteront.&nbsp;Environ 1&#8217;400 comp\u00e9titeurs et comp\u00e9titrices issu\u00b7e\u00b7s de plus de 60 pays et r\u00e9gions se retrouveront \u00e0 Shanghai pour d\u00e9signer les meilleur\u00b7e\u00b7s des meilleur\u00b7e\u00b7s dans 64 skills diff\u00e9rents. Les championnes suisses 2025, Gwenda Boesch et Regula Baschung, concourront dans les orientations \u00abboulangerie-p\u00e2tisserie\u00bb et \u00abp\u00e2tisserie-confiserie\u00bb.<\/p>\n\n\n\n<div class=\"wp-block-columns\">\n<div class=\"wp-block-column\">\n<figure class=\"wp-block-image size-large\"><a href=\"https:\/\/nationalteam.swiss-skills.ch\/fr\/membre\/43916\/regula-baschung?events=31273\" target=\"_blank\" rel=\" noreferrer noopener\"><img decoding=\"async\" width=\"819\" height=\"1024\" src=\"https:\/\/swissbaker.ch\/wp-content\/uploads\/2026\/05\/steckbrief_regula_baschung-819x1024.png\" alt=\"\" class=\"wp-image-161583\" srcset=\"https:\/\/swissbaker.ch\/wp-content\/uploads\/2026\/05\/steckbrief_regula_baschung-819x1024.png 819w, https:\/\/swissbaker.ch\/wp-content\/uploads\/2026\/05\/steckbrief_regula_baschung-768x960.png 768w, https:\/\/swissbaker.ch\/wp-content\/uploads\/2026\/05\/steckbrief_regula_baschung-1229x1536.png 1229w, https:\/\/swissbaker.ch\/wp-content\/uploads\/2026\/05\/steckbrief_regula_baschung-1638x2048.png 1638w\" sizes=\"(max-width: 819px) 100vw, 819px\" \/><\/a><\/figure>\n<\/div>\n\n\n\n<div class=\"wp-block-column\">\n<figure class=\"wp-block-image size-large\"><a href=\"https:\/\/nationalteam.swiss-skills.ch\/fr\/membre\/43884\/gwenda-boesch?events=31273\" target=\"_blank\" rel=\" noreferrer noopener\"><img decoding=\"async\" width=\"819\" height=\"1024\" src=\"https:\/\/swissbaker.ch\/wp-content\/uploads\/2026\/05\/steckbrief_gwenda_boesch-819x1024.png\" alt=\"\" class=\"wp-image-161585\" srcset=\"https:\/\/swissbaker.ch\/wp-content\/uploads\/2026\/05\/steckbrief_gwenda_boesch-819x1024.png 819w, https:\/\/swissbaker.ch\/wp-content\/uploads\/2026\/05\/steckbrief_gwenda_boesch-768x960.png 768w, https:\/\/swissbaker.ch\/wp-content\/uploads\/2026\/05\/steckbrief_gwenda_boesch-1229x1536.png 1229w, https:\/\/swissbaker.ch\/wp-content\/uploads\/2026\/05\/steckbrief_gwenda_boesch-1638x2048.png 1638w\" sizes=\"(max-width: 819px) 100vw, 819px\" \/><\/a><\/figure>\n<\/div>\n<\/div>\n\n\n\n<p><\/p>\n","protected":false},"excerpt":{"rendered":"<p>Du 22 au 27 septembre 2026, la 48\u00e8me&nbsp;\u00e9dition des WorldSkills aura lieu \u00e0 Shanghai, o\u00f9 les meilleurs jeunes talents professionnels du monde entier s&#8217;affronteront.&nbsp;Environ 1&#8217;400 comp\u00e9titeurs et comp\u00e9titrices issu\u00b7e\u00b7s de plus de 60 pays et r\u00e9gions se retrouveront \u00e0 Shanghai pour d\u00e9signer les meilleur\u00b7e\u00b7s des meilleur\u00b7e\u00b7s dans 64 skills diff\u00e9rents. Les championnes suisses 2025, Gwenda Boesch et Regula Baschung, concourront [&hellip;]<\/p>\n","protected":false},"author":5,"featured_media":161526,"parent":0,"menu_order":0,"comment_status":"closed","ping_status":"closed","template":"","meta":{"_acf_changed":true,"footnotes":""},"class_list":["post-161528","page","type-page","status-publish","has-post-thumbnail","hentry"],"acf":[],"yoast_head":"<!-- This site is optimized with the Yoast SEO Premium plugin v26.8 (Yoast SEO v26.8) - https:\/\/yoast.com\/product\/yoast-seo-premium-wordpress\/ -->\n<title>WorldSkills Shanghai 2026 | SBC<\/title>\n<meta name=\"robots\" content=\"index, follow, max-snippet:-1, max-image-preview:large, max-video-preview:-1\" \/>\n<link rel=\"canonical\" href=\"https:\/\/swissbaker.ch\/fr\/worldskills-shanghai-2026\/\" \/>\n<meta property=\"og:locale\" content=\"fr_FR\" \/>\n<meta property=\"og:type\" content=\"article\" \/>\n<meta property=\"og:title\" content=\"WorldSkills Shanghai 2026\" \/>\n<meta property=\"og:description\" content=\"Du 22 au 27 septembre 2026, la 48\u00e8me&nbsp;\u00e9dition des WorldSkills aura lieu \u00e0 Shanghai, o\u00f9 les meilleurs jeunes talents professionnels du monde entier s&#8217;affronteront.&nbsp;Environ 1&#8217;400 comp\u00e9titeurs et comp\u00e9titrices issu\u00b7e\u00b7s de plus de 60 pays et r\u00e9gions se retrouveront \u00e0 Shanghai pour d\u00e9signer les meilleur\u00b7e\u00b7s des meilleur\u00b7e\u00b7s dans 64 skills diff\u00e9rents. Les championnes suisses 2025, Gwenda Boesch et Regula Baschung, concourront [&hellip;]\" \/>\n<meta property=\"og:url\" content=\"https:\/\/swissbaker.ch\/fr\/worldskills-shanghai-2026\/\" \/>\n<meta property=\"og:site_name\" content=\"SBC\" \/>\n<meta property=\"article:publisher\" content=\"https:\/\/www.facebook.com\/swissbaker.ch\" \/>\n<meta property=\"article:modified_time\" content=\"2026-05-01T12:48:26+00:00\" \/>\n<meta property=\"og:image\" content=\"https:\/\/swissbaker.ch\/wp-content\/uploads\/2026\/05\/headbild_worldskills_2026.jpg\" \/>\n\t<meta property=\"og:image:width\" content=\"1200\" \/>\n\t<meta property=\"og:image:height\" content=\"712\" \/>\n\t<meta property=\"og:image:type\" content=\"image\/jpeg\" \/>\n<meta name=\"twitter:card\" content=\"summary_large_image\" \/>\n<meta name=\"twitter:site\" content=\"@ch_swissbaker\" \/>\n<script type=\"application\/ld+json\" class=\"yoast-schema-graph\">{\"@context\":\"https:\/\/schema.org\",\"@graph\":[{\"@type\":\"WebPage\",\"@id\":\"https:\/\/swissbaker.ch\/fr\/worldskills-shanghai-2026\/\",\"url\":\"https:\/\/swissbaker.ch\/fr\/worldskills-shanghai-2026\/\",\"name\":\"WorldSkills Shanghai 2026 | SBC\",\"isPartOf\":{\"@id\":\"https:\/\/swissbaker.ch\/fr\/#website\"},\"primaryImageOfPage\":{\"@id\":\"https:\/\/swissbaker.ch\/fr\/worldskills-shanghai-2026\/#primaryimage\"},\"image\":{\"@id\":\"https:\/\/swissbaker.ch\/fr\/worldskills-shanghai-2026\/#primaryimage\"},\"thumbnailUrl\":\"https:\/\/swissbaker.ch\/wp-content\/uploads\/2026\/05\/headbild_worldskills_2026.jpg\",\"datePublished\":\"2026-05-01T09:52:18+00:00\",\"dateModified\":\"2026-05-01T12:48:26+00:00\",\"breadcrumb\":{\"@id\":\"https:\/\/swissbaker.ch\/fr\/worldskills-shanghai-2026\/#breadcrumb\"},\"inLanguage\":\"fr-FR\",\"potentialAction\":[{\"@type\":\"ReadAction\",\"target\":[\"https:\/\/swissbaker.ch\/fr\/worldskills-shanghai-2026\/\"]}]},{\"@type\":\"ImageObject\",\"inLanguage\":\"fr-FR\",\"@id\":\"https:\/\/swissbaker.ch\/fr\/worldskills-shanghai-2026\/#primaryimage\",\"url\":\"https:\/\/swissbaker.ch\/wp-content\/uploads\/2026\/05\/headbild_worldskills_2026.jpg\",\"contentUrl\":\"https:\/\/swissbaker.ch\/wp-content\/uploads\/2026\/05\/headbild_worldskills_2026.jpg\",\"width\":1200,\"height\":712},{\"@type\":\"BreadcrumbList\",\"@id\":\"https:\/\/swissbaker.ch\/fr\/worldskills-shanghai-2026\/#breadcrumb\",\"itemListElement\":[{\"@type\":\"ListItem\",\"position\":1,\"name\":\"\",\"item\":\"https:\/\/swissbaker.ch\/fr\/\"},{\"@type\":\"ListItem\",\"position\":2,\"name\":\"WorldSkills Shanghai 2026\"}]},{\"@type\":\"WebSite\",\"@id\":\"https:\/\/swissbaker.ch\/fr\/#website\",\"url\":\"https:\/\/swissbaker.ch\/fr\/\",\"name\":\"SBC\",\"description\":\"\",\"publisher\":{\"@id\":\"https:\/\/swissbaker.ch\/fr\/#organization\"},\"potentialAction\":[{\"@type\":\"SearchAction\",\"target\":{\"@type\":\"EntryPoint\",\"urlTemplate\":\"https:\/\/swissbaker.ch\/fr\/?s={search_term_string}\"},\"query-input\":{\"@type\":\"PropertyValueSpecification\",\"valueRequired\":true,\"valueName\":\"search_term_string\"}}],\"inLanguage\":\"fr-FR\"},{\"@type\":\"Organization\",\"@id\":\"https:\/\/swissbaker.ch\/fr\/#organization\",\"name\":\"Schweizerischer B\u00e4cker-Confiseurmeister-Verband\",\"url\":\"https:\/\/swissbaker.ch\/fr\/\",\"logo\":{\"@type\":\"ImageObject\",\"inLanguage\":\"fr-FR\",\"@id\":\"https:\/\/swissbaker.ch\/fr\/#\/schema\/logo\/image\/\",\"url\":\"https:\/\/swissbaker.ch\/wp-content\/uploads\/2022\/04\/sbc-logo-yoast.jpg\",\"contentUrl\":\"https:\/\/swissbaker.ch\/wp-content\/uploads\/2022\/04\/sbc-logo-yoast.jpg\",\"width\":512,\"height\":512,\"caption\":\"Schweizerischer B\u00e4cker-Confiseurmeister-Verband\"},\"image\":{\"@id\":\"https:\/\/swissbaker.ch\/fr\/#\/schema\/logo\/image\/\"},\"sameAs\":[\"https:\/\/www.facebook.com\/swissbaker.ch\",\"https:\/\/x.com\/ch_swissbaker\"]}]}<\/script>\n<!-- \/ Yoast SEO Premium plugin. -->","yoast_head_json":{"title":"WorldSkills Shanghai 2026 | SBC","robots":{"index":"index","follow":"follow","max-snippet":"max-snippet:-1","max-image-preview":"max-image-preview:large","max-video-preview":"max-video-preview:-1"},"canonical":"https:\/\/swissbaker.ch\/fr\/worldskills-shanghai-2026\/","og_locale":"fr_FR","og_type":"article","og_title":"WorldSkills Shanghai 2026","og_description":"Du 22 au 27 septembre 2026, la 48\u00e8me&nbsp;\u00e9dition des WorldSkills aura lieu \u00e0 Shanghai, o\u00f9 les meilleurs jeunes talents professionnels du monde entier s&#8217;affronteront.&nbsp;Environ 1&#8217;400 comp\u00e9titeurs et comp\u00e9titrices issu\u00b7e\u00b7s de plus de 60 pays et r\u00e9gions se retrouveront \u00e0 Shanghai pour d\u00e9signer les meilleur\u00b7e\u00b7s des meilleur\u00b7e\u00b7s dans 64 skills diff\u00e9rents. Les championnes suisses 2025, Gwenda Boesch et Regula Baschung, concourront [&hellip;]","og_url":"https:\/\/swissbaker.ch\/fr\/worldskills-shanghai-2026\/","og_site_name":"SBC","article_publisher":"https:\/\/www.facebook.com\/swissbaker.ch","article_modified_time":"2026-05-01T12:48:26+00:00","og_image":[{"width":1200,"height":712,"url":"https:\/\/swissbaker.ch\/wp-content\/uploads\/2026\/05\/headbild_worldskills_2026.jpg","type":"image\/jpeg"}],"twitter_card":"summary_large_image","twitter_site":"@ch_swissbaker","schema":{"@context":"https:\/\/schema.org","@graph":[{"@type":"WebPage","@id":"https:\/\/swissbaker.ch\/fr\/worldskills-shanghai-2026\/","url":"https:\/\/swissbaker.ch\/fr\/worldskills-shanghai-2026\/","name":"WorldSkills Shanghai 2026 | SBC","isPartOf":{"@id":"https:\/\/swissbaker.ch\/fr\/#website"},"primaryImageOfPage":{"@id":"https:\/\/swissbaker.ch\/fr\/worldskills-shanghai-2026\/#primaryimage"},"image":{"@id":"https:\/\/swissbaker.ch\/fr\/worldskills-shanghai-2026\/#primaryimage"},"thumbnailUrl":"https:\/\/swissbaker.ch\/wp-content\/uploads\/2026\/05\/headbild_worldskills_2026.jpg","datePublished":"2026-05-01T09:52:18+00:00","dateModified":"2026-05-01T12:48:26+00:00","breadcrumb":{"@id":"https:\/\/swissbaker.ch\/fr\/worldskills-shanghai-2026\/#breadcrumb"},"inLanguage":"fr-FR","potentialAction":[{"@type":"ReadAction","target":["https:\/\/swissbaker.ch\/fr\/worldskills-shanghai-2026\/"]}]},{"@type":"ImageObject","inLanguage":"fr-FR","@id":"https:\/\/swissbaker.ch\/fr\/worldskills-shanghai-2026\/#primaryimage","url":"https:\/\/swissbaker.ch\/wp-content\/uploads\/2026\/05\/headbild_worldskills_2026.jpg","contentUrl":"https:\/\/swissbaker.ch\/wp-content\/uploads\/2026\/05\/headbild_worldskills_2026.jpg","width":1200,"height":712},{"@type":"BreadcrumbList","@id":"https:\/\/swissbaker.ch\/fr\/worldskills-shanghai-2026\/#breadcrumb","itemListElement":[{"@type":"ListItem","position":1,"name":"","item":"https:\/\/swissbaker.ch\/fr\/"},{"@type":"ListItem","position":2,"name":"WorldSkills Shanghai 2026"}]},{"@type":"WebSite","@id":"https:\/\/swissbaker.ch\/fr\/#website","url":"https:\/\/swissbaker.ch\/fr\/","name":"SBC","description":"","publisher":{"@id":"https:\/\/swissbaker.ch\/fr\/#organization"},"potentialAction":[{"@type":"SearchAction","target":{"@type":"EntryPoint","urlTemplate":"https:\/\/swissbaker.ch\/fr\/?s={search_term_string}"},"query-input":{"@type":"PropertyValueSpecification","valueRequired":true,"valueName":"search_term_string"}}],"inLanguage":"fr-FR"},{"@type":"Organization","@id":"https:\/\/swissbaker.ch\/fr\/#organization","name":"Schweizerischer B\u00e4cker-Confiseurmeister-Verband","url":"https:\/\/swissbaker.ch\/fr\/","logo":{"@type":"ImageObject","inLanguage":"fr-FR","@id":"https:\/\/swissbaker.ch\/fr\/#\/schema\/logo\/image\/","url":"https:\/\/swissbaker.ch\/wp-content\/uploads\/2022\/04\/sbc-logo-yoast.jpg","contentUrl":"https:\/\/swissbaker.ch\/wp-content\/uploads\/2022\/04\/sbc-logo-yoast.jpg","width":512,"height":512,"caption":"Schweizerischer B\u00e4cker-Confiseurmeister-Verband"},"image":{"@id":"https:\/\/swissbaker.ch\/fr\/#\/schema\/logo\/image\/"},"sameAs":["https:\/\/www.facebook.com\/swissbaker.ch","https:\/\/x.com\/ch_swissbaker"]}]}},"_links":{"self":[{"href":"https:\/\/swissbaker.ch\/fr\/wp-json\/wp\/v2\/pages\/161528","targetHints":{"allow":["GET"]}}],"collection":[{"href":"https:\/\/swissbaker.ch\/fr\/wp-json\/wp\/v2\/pages"}],"about":[{"href":"https:\/\/swissbaker.ch\/fr\/wp-json\/wp\/v2\/types\/page"}],"author":[{"embeddable":true,"href":"https:\/\/swissbaker.ch\/fr\/wp-json\/wp\/v2\/users\/5"}],"replies":[{"embeddable":true,"href":"https:\/\/swissbaker.ch\/fr\/wp-json\/wp\/v2\/comments?post=161528"}],"version-history":[{"count":0,"href":"https:\/\/swissbaker.ch\/fr\/wp-json\/wp\/v2\/pages\/161528\/revisions"}],"wp:featuredmedia":[{"embeddable":true,"href":"https:\/\/swissbaker.ch\/fr\/wp-json\/wp\/v2\/media\/161526"}],"wp:attachment":[{"href":"https:\/\/swissbaker.ch\/fr\/wp-json\/wp\/v2\/media?parent=161528"}],"curies":[{"name":"wp","href":"https:\/\/api.w.org\/{rel}","templated":true}]}}