{"id":15838,"date":"2022-05-31T15:43:27","date_gmt":"2022-05-31T13:43:27","guid":{"rendered":"https:\/\/swissbaker.ch\/?page_id=15838"},"modified":"2022-06-02T14:58:10","modified_gmt":"2022-06-02T12:58:10","slug":"service-dimpression-daffiches","status":"publish","type":"page","link":"https:\/\/swissbaker.ch\/fr\/association\/prestations-de-service\/marketing-communication\/service-dimpression-daffiches\/","title":{"rendered":"Service d\u2019impression d\u2019affiches"},"content":{"rendered":"\n<div class=\"wp-block-columns\">\n<div class=\"wp-block-column\">\n<p><strong>Des affiches A1 en tirage limit\u00e9 peuvent \u00eatre imprim\u00e9es par le promo-shop \u00e0 des conditions avantageuses \u2013 selon mod\u00e8le fourni ou \u00e0 la guise du client.<\/strong><\/p>\n\n\n\n<p>Des informations d\u00e9taill\u00e9es sont disponibles ici.<\/p>\n\n\n\n<div class=\"wp-block-file\"><a id=\"wp-block-file--media-2a42bb2e-1eac-4a63-aa48-f4e052a1a994\" href=\"https:\/\/swissbaker.ch\/wp-content\/uploads\/2022\/05\/druckservice_193_x_272_2022_f.pdf\">Feuille d&#8217;information<\/a><\/div>\n\n\n\n<p>Nous nous tenons \u00e0 votre enti\u00e8re disposition en cas de question, et nous r\u00e9jouissons de votre commande.<\/p>\n<\/div>\n\n\n\n<div class=\"wp-block-column\">\n<figure class=\"wp-block-image size-full\"><img decoding=\"async\" width=\"280\" height=\"584\" src=\"https:\/\/swissbaker.ch\/wp-content\/uploads\/2022\/05\/csm_bild_druckservice_7d6a53739f.png\" alt=\"Plakat-Druckservice\" class=\"wp-image-15830\" srcset=\"https:\/\/swissbaker.ch\/wp-content\/uploads\/2022\/05\/csm_bild_druckservice_7d6a53739f.png 280w, https:\/\/swissbaker.ch\/wp-content\/uploads\/2022\/05\/csm_bild_druckservice_7d6a53739f-144x300.png 144w\" sizes=\"(max-width: 280px) 100vw, 280px\" \/><\/figure>\n<\/div>\n<\/div>\n","protected":false},"excerpt":{"rendered":"<p>Des affiches A1 en tirage limit\u00e9 peuvent \u00eatre imprim\u00e9es par le promo-shop \u00e0 des conditions avantageuses \u2013 selon mod\u00e8le fourni ou \u00e0 la guise du client. Des informations d\u00e9taill\u00e9es sont disponibles ici. Nous nous tenons \u00e0 votre enti\u00e8re disposition en cas de question, et nous r\u00e9jouissons de votre commande.<\/p>\n","protected":false},"author":1,"featured_media":0,"parent":13646,"menu_order":0,"comment_status":"closed","ping_status":"closed","template":"","meta":{"_acf_changed":false,"footnotes":""},"class_list":["post-15838","page","type-page","status-publish","hentry"],"acf":[],"yoast_head":"<!-- This site is optimized with the Yoast SEO Premium plugin v26.8 (Yoast SEO v26.8) - https:\/\/yoast.com\/product\/yoast-seo-premium-wordpress\/ -->\n<title>Service d\u2019impression d\u2019affiches | SBC<\/title>\n<meta name=\"robots\" content=\"index, follow, max-snippet:-1, max-image-preview:large, max-video-preview:-1\" \/>\n<link rel=\"canonical\" href=\"https:\/\/swissbaker.ch\/fr\/association\/prestations-de-service\/marketing-communication\/service-dimpression-daffiches\/\" \/>\n<meta property=\"og:locale\" content=\"fr_FR\" \/>\n<meta property=\"og:type\" content=\"article\" \/>\n<meta property=\"og:title\" content=\"Service d\u2019impression d\u2019affiches\" \/>\n<meta property=\"og:description\" content=\"Des affiches A1 en tirage limit\u00e9 peuvent \u00eatre imprim\u00e9es par le promo-shop \u00e0 des conditions avantageuses \u2013 selon mod\u00e8le fourni ou \u00e0 la guise du client. Des informations d\u00e9taill\u00e9es sont disponibles ici. Nous nous tenons \u00e0 votre enti\u00e8re disposition en cas de question, et nous r\u00e9jouissons de votre commande.\" \/>\n<meta property=\"og:url\" content=\"https:\/\/swissbaker.ch\/fr\/association\/prestations-de-service\/marketing-communication\/service-dimpression-daffiches\/\" \/>\n<meta property=\"og:site_name\" content=\"SBC\" \/>\n<meta property=\"article:publisher\" content=\"https:\/\/www.facebook.com\/swissbaker.ch\" \/>\n<meta property=\"article:modified_time\" content=\"2022-06-02T12:58:10+00:00\" \/>\n<meta property=\"og:image\" content=\"https:\/\/swissbaker.ch\/wp-content\/uploads\/2022\/05\/csm_bild_druckservice_7d6a53739f.png\" \/>\n<meta name=\"twitter:card\" content=\"summary_large_image\" \/>\n<meta name=\"twitter:site\" content=\"@ch_swissbaker\" \/>\n<meta name=\"twitter:label1\" content=\"Est. reading time\" \/>\n\t<meta name=\"twitter:data1\" content=\"1 minute\" \/>\n<script type=\"application\/ld+json\" class=\"yoast-schema-graph\">{\"@context\":\"https:\/\/schema.org\",\"@graph\":[{\"@type\":\"WebPage\",\"@id\":\"https:\/\/swissbaker.ch\/fr\/association\/prestations-de-service\/marketing-communication\/service-dimpression-daffiches\/\",\"url\":\"https:\/\/swissbaker.ch\/fr\/association\/prestations-de-service\/marketing-communication\/service-dimpression-daffiches\/\",\"name\":\"Service d\u2019impression d\u2019affiches | SBC\",\"isPartOf\":{\"@id\":\"https:\/\/swissbaker.ch\/fr\/#website\"},\"primaryImageOfPage\":{\"@id\":\"https:\/\/swissbaker.ch\/fr\/association\/prestations-de-service\/marketing-communication\/service-dimpression-daffiches\/#primaryimage\"},\"image\":{\"@id\":\"https:\/\/swissbaker.ch\/fr\/association\/prestations-de-service\/marketing-communication\/service-dimpression-daffiches\/#primaryimage\"},\"thumbnailUrl\":\"https:\/\/swissbaker.ch\/wp-content\/uploads\/2022\/05\/csm_bild_druckservice_7d6a53739f.png\",\"datePublished\":\"2022-05-31T13:43:27+00:00\",\"dateModified\":\"2022-06-02T12:58:10+00:00\",\"breadcrumb\":{\"@id\":\"https:\/\/swissbaker.ch\/fr\/association\/prestations-de-service\/marketing-communication\/service-dimpression-daffiches\/#breadcrumb\"},\"inLanguage\":\"fr-FR\",\"potentialAction\":[{\"@type\":\"ReadAction\",\"target\":[\"https:\/\/swissbaker.ch\/fr\/association\/prestations-de-service\/marketing-communication\/service-dimpression-daffiches\/\"]}]},{\"@type\":\"ImageObject\",\"inLanguage\":\"fr-FR\",\"@id\":\"https:\/\/swissbaker.ch\/fr\/association\/prestations-de-service\/marketing-communication\/service-dimpression-daffiches\/#primaryimage\",\"url\":\"https:\/\/swissbaker.ch\/wp-content\/uploads\/2022\/05\/csm_bild_druckservice_7d6a53739f.png\",\"contentUrl\":\"https:\/\/swissbaker.ch\/wp-content\/uploads\/2022\/05\/csm_bild_druckservice_7d6a53739f.png\"},{\"@type\":\"BreadcrumbList\",\"@id\":\"https:\/\/swissbaker.ch\/fr\/association\/prestations-de-service\/marketing-communication\/service-dimpression-daffiches\/#breadcrumb\",\"itemListElement\":[{\"@type\":\"ListItem\",\"position\":1,\"name\":\"\",\"item\":\"https:\/\/swissbaker.ch\/fr\/\"},{\"@type\":\"ListItem\",\"position\":2,\"name\":\"Association\u00a0\",\"item\":\"https:\/\/swissbaker.ch\/fr\/association\/\"},{\"@type\":\"ListItem\",\"position\":3,\"name\":\"Prestations de service\",\"item\":\"https:\/\/swissbaker.ch\/fr\/association\/prestations-de-service\/\"},{\"@type\":\"ListItem\",\"position\":4,\"name\":\"Marketing\/communication\",\"item\":\"https:\/\/swissbaker.ch\/fr\/association\/prestations-de-service\/marketing-communication\/\"},{\"@type\":\"ListItem\",\"position\":5,\"name\":\"Service d\u2019impression d\u2019affiches\"}]},{\"@type\":\"WebSite\",\"@id\":\"https:\/\/swissbaker.ch\/fr\/#website\",\"url\":\"https:\/\/swissbaker.ch\/fr\/\",\"name\":\"SBC\",\"description\":\"\",\"publisher\":{\"@id\":\"https:\/\/swissbaker.ch\/fr\/#organization\"},\"potentialAction\":[{\"@type\":\"SearchAction\",\"target\":{\"@type\":\"EntryPoint\",\"urlTemplate\":\"https:\/\/swissbaker.ch\/fr\/?s={search_term_string}\"},\"query-input\":{\"@type\":\"PropertyValueSpecification\",\"valueRequired\":true,\"valueName\":\"search_term_string\"}}],\"inLanguage\":\"fr-FR\"},{\"@type\":\"Organization\",\"@id\":\"https:\/\/swissbaker.ch\/fr\/#organization\",\"name\":\"Schweizerischer B\u00e4cker-Confiseurmeister-Verband\",\"url\":\"https:\/\/swissbaker.ch\/fr\/\",\"logo\":{\"@type\":\"ImageObject\",\"inLanguage\":\"fr-FR\",\"@id\":\"https:\/\/swissbaker.ch\/fr\/#\/schema\/logo\/image\/\",\"url\":\"https:\/\/swissbaker.ch\/wp-content\/uploads\/2022\/04\/sbc-logo-yoast.jpg\",\"contentUrl\":\"https:\/\/swissbaker.ch\/wp-content\/uploads\/2022\/04\/sbc-logo-yoast.jpg\",\"width\":512,\"height\":512,\"caption\":\"Schweizerischer B\u00e4cker-Confiseurmeister-Verband\"},\"image\":{\"@id\":\"https:\/\/swissbaker.ch\/fr\/#\/schema\/logo\/image\/\"},\"sameAs\":[\"https:\/\/www.facebook.com\/swissbaker.ch\",\"https:\/\/x.com\/ch_swissbaker\"]}]}<\/script>\n<!-- \/ Yoast SEO Premium plugin. -->","yoast_head_json":{"title":"Service d\u2019impression d\u2019affiches | SBC","robots":{"index":"index","follow":"follow","max-snippet":"max-snippet:-1","max-image-preview":"max-image-preview:large","max-video-preview":"max-video-preview:-1"},"canonical":"https:\/\/swissbaker.ch\/fr\/association\/prestations-de-service\/marketing-communication\/service-dimpression-daffiches\/","og_locale":"fr_FR","og_type":"article","og_title":"Service d\u2019impression d\u2019affiches","og_description":"Des affiches A1 en tirage limit\u00e9 peuvent \u00eatre imprim\u00e9es par le promo-shop \u00e0 des conditions avantageuses \u2013 selon mod\u00e8le fourni ou \u00e0 la guise du client. Des informations d\u00e9taill\u00e9es sont disponibles ici. Nous nous tenons \u00e0 votre enti\u00e8re disposition en cas de question, et nous r\u00e9jouissons de votre commande.","og_url":"https:\/\/swissbaker.ch\/fr\/association\/prestations-de-service\/marketing-communication\/service-dimpression-daffiches\/","og_site_name":"SBC","article_publisher":"https:\/\/www.facebook.com\/swissbaker.ch","article_modified_time":"2022-06-02T12:58:10+00:00","og_image":[{"url":"https:\/\/swissbaker.ch\/wp-content\/uploads\/2022\/05\/csm_bild_druckservice_7d6a53739f.png","type":"","width":"","height":""}],"twitter_card":"summary_large_image","twitter_site":"@ch_swissbaker","twitter_misc":{"Est. reading time":"1 minute"},"schema":{"@context":"https:\/\/schema.org","@graph":[{"@type":"WebPage","@id":"https:\/\/swissbaker.ch\/fr\/association\/prestations-de-service\/marketing-communication\/service-dimpression-daffiches\/","url":"https:\/\/swissbaker.ch\/fr\/association\/prestations-de-service\/marketing-communication\/service-dimpression-daffiches\/","name":"Service d\u2019impression d\u2019affiches | SBC","isPartOf":{"@id":"https:\/\/swissbaker.ch\/fr\/#website"},"primaryImageOfPage":{"@id":"https:\/\/swissbaker.ch\/fr\/association\/prestations-de-service\/marketing-communication\/service-dimpression-daffiches\/#primaryimage"},"image":{"@id":"https:\/\/swissbaker.ch\/fr\/association\/prestations-de-service\/marketing-communication\/service-dimpression-daffiches\/#primaryimage"},"thumbnailUrl":"https:\/\/swissbaker.ch\/wp-content\/uploads\/2022\/05\/csm_bild_druckservice_7d6a53739f.png","datePublished":"2022-05-31T13:43:27+00:00","dateModified":"2022-06-02T12:58:10+00:00","breadcrumb":{"@id":"https:\/\/swissbaker.ch\/fr\/association\/prestations-de-service\/marketing-communication\/service-dimpression-daffiches\/#breadcrumb"},"inLanguage":"fr-FR","potentialAction":[{"@type":"ReadAction","target":["https:\/\/swissbaker.ch\/fr\/association\/prestations-de-service\/marketing-communication\/service-dimpression-daffiches\/"]}]},{"@type":"ImageObject","inLanguage":"fr-FR","@id":"https:\/\/swissbaker.ch\/fr\/association\/prestations-de-service\/marketing-communication\/service-dimpression-daffiches\/#primaryimage","url":"https:\/\/swissbaker.ch\/wp-content\/uploads\/2022\/05\/csm_bild_druckservice_7d6a53739f.png","contentUrl":"https:\/\/swissbaker.ch\/wp-content\/uploads\/2022\/05\/csm_bild_druckservice_7d6a53739f.png"},{"@type":"BreadcrumbList","@id":"https:\/\/swissbaker.ch\/fr\/association\/prestations-de-service\/marketing-communication\/service-dimpression-daffiches\/#breadcrumb","itemListElement":[{"@type":"ListItem","position":1,"name":"","item":"https:\/\/swissbaker.ch\/fr\/"},{"@type":"ListItem","position":2,"name":"Association\u00a0","item":"https:\/\/swissbaker.ch\/fr\/association\/"},{"@type":"ListItem","position":3,"name":"Prestations de service","item":"https:\/\/swissbaker.ch\/fr\/association\/prestations-de-service\/"},{"@type":"ListItem","position":4,"name":"Marketing\/communication","item":"https:\/\/swissbaker.ch\/fr\/association\/prestations-de-service\/marketing-communication\/"},{"@type":"ListItem","position":5,"name":"Service d\u2019impression d\u2019affiches"}]},{"@type":"WebSite","@id":"https:\/\/swissbaker.ch\/fr\/#website","url":"https:\/\/swissbaker.ch\/fr\/","name":"SBC","description":"","publisher":{"@id":"https:\/\/swissbaker.ch\/fr\/#organization"},"potentialAction":[{"@type":"SearchAction","target":{"@type":"EntryPoint","urlTemplate":"https:\/\/swissbaker.ch\/fr\/?s={search_term_string}"},"query-input":{"@type":"PropertyValueSpecification","valueRequired":true,"valueName":"search_term_string"}}],"inLanguage":"fr-FR"},{"@type":"Organization","@id":"https:\/\/swissbaker.ch\/fr\/#organization","name":"Schweizerischer B\u00e4cker-Confiseurmeister-Verband","url":"https:\/\/swissbaker.ch\/fr\/","logo":{"@type":"ImageObject","inLanguage":"fr-FR","@id":"https:\/\/swissbaker.ch\/fr\/#\/schema\/logo\/image\/","url":"https:\/\/swissbaker.ch\/wp-content\/uploads\/2022\/04\/sbc-logo-yoast.jpg","contentUrl":"https:\/\/swissbaker.ch\/wp-content\/uploads\/2022\/04\/sbc-logo-yoast.jpg","width":512,"height":512,"caption":"Schweizerischer B\u00e4cker-Confiseurmeister-Verband"},"image":{"@id":"https:\/\/swissbaker.ch\/fr\/#\/schema\/logo\/image\/"},"sameAs":["https:\/\/www.facebook.com\/swissbaker.ch","https:\/\/x.com\/ch_swissbaker"]}]}},"_links":{"self":[{"href":"https:\/\/swissbaker.ch\/fr\/wp-json\/wp\/v2\/pages\/15838","targetHints":{"allow":["GET"]}}],"collection":[{"href":"https:\/\/swissbaker.ch\/fr\/wp-json\/wp\/v2\/pages"}],"about":[{"href":"https:\/\/swissbaker.ch\/fr\/wp-json\/wp\/v2\/types\/page"}],"author":[{"embeddable":true,"href":"https:\/\/swissbaker.ch\/fr\/wp-json\/wp\/v2\/users\/1"}],"replies":[{"embeddable":true,"href":"https:\/\/swissbaker.ch\/fr\/wp-json\/wp\/v2\/comments?post=15838"}],"version-history":[{"count":0,"href":"https:\/\/swissbaker.ch\/fr\/wp-json\/wp\/v2\/pages\/15838\/revisions"}],"up":[{"embeddable":true,"href":"https:\/\/swissbaker.ch\/fr\/wp-json\/wp\/v2\/pages\/13646"}],"wp:attachment":[{"href":"https:\/\/swissbaker.ch\/fr\/wp-json\/wp\/v2\/media?parent=15838"}],"curies":[{"name":"wp","href":"https:\/\/api.w.org\/{rel}","templated":true}]}}