{"id":15393,"date":"2022-05-31T13:20:25","date_gmt":"2022-05-31T11:20:25","guid":{"rendered":"https:\/\/swissbaker.ch\/?page_id=15393"},"modified":"2025-07-03T15:09:47","modified_gmt":"2025-07-03T13:09:47","slug":"campagne-de-releve","status":"publish","type":"page","link":"https:\/\/swissbaker.ch\/fr\/association\/prestations-de-service\/marketing-communication\/campagne-de-releve\/","title":{"rendered":"Campagne de rel\u00e8ve"},"content":{"rendered":"\n<figure class=\"wp-block-image size-large\"><img decoding=\"async\" width=\"1024\" height=\"496\" src=\"https:\/\/swissbaker.ch\/wp-content\/uploads\/2024\/04\/nachwuchskampagne_3_sujets_quer_f-1024x496.jpg\" alt=\"\" class=\"wp-image-77608\" srcset=\"https:\/\/swissbaker.ch\/wp-content\/uploads\/2024\/04\/nachwuchskampagne_3_sujets_quer_f-1024x496.jpg 1024w, https:\/\/swissbaker.ch\/wp-content\/uploads\/2024\/04\/nachwuchskampagne_3_sujets_quer_f-768x372.jpg 768w, https:\/\/swissbaker.ch\/wp-content\/uploads\/2024\/04\/nachwuchskampagne_3_sujets_quer_f.jpg 1200w\" sizes=\"(max-width: 1024px) 100vw, 1024px\" \/><\/figure>\n\n\n\n<p>Notre campagne de rel\u00e8ve vise \u00e0 attirer de nouveaux apprentis vers les m\u00e9tiers de gestionnaire du commerce de d\u00e9tail et de boulanger-p\u00e2tissier-confiseur. Motivez les jeunes sur les m\u00e9dias sociaux et incitez-les \u00e0 y participer\u2009!<\/p>\n\n\n\n<h2 class=\"wp-block-heading\" id=\"h-video\"><strong>Vid\u00e9o<\/strong><\/h2>\n\n\n\n<figure class=\"wp-block-embed is-type-video is-provider-youtube wp-block-embed-youtube wp-embed-aspect-16-9 wp-has-aspect-ratio\"><div class=\"wp-block-embed__wrapper\">\n<iframe title=\"Berufe in der B\u00e4ckerei-Confiserie \/ les professions de la boulangerie-confiserie\" width=\"800\" height=\"450\" src=\"https:\/\/www.youtube.com\/embed\/OWmYSKLTafI?feature=oembed\" frameborder=\"0\" allow=\"accelerometer; autoplay; clipboard-write; encrypted-media; gyroscope; picture-in-picture; web-share\" referrerpolicy=\"strict-origin-when-cross-origin\" allowfullscreen><\/iframe>\n<\/div><\/figure>\n\n\n\n<h2 class=\"wp-block-heading\" id=\"h-telecharger-la-video\"><strong>T\u00e9l\u00e9charger la vid\u00e9o<\/strong><\/h2>\n\n\n\n<div class=\"wp-block-file\"><a id=\"wp-block-file--media-793adc68-698f-4277-ac22-70153fc87627\" href=\"https:\/\/swissbaker.ch\/wp-content\/uploads\/2022\/05\/2022_03_swissbaker_sb_v2__original_.mp4\">video forme-ton-avenir.mp4<\/a><\/div>\n\n\n\n<h2 class=\"wp-block-heading\">Vid\u00e9o avec quotes<\/h2>\n\n\n\n<figure class=\"wp-block-embed is-type-rich is-provider-handler-einbetten wp-block-embed-handler-einbetten wp-embed-aspect-16-9 wp-has-aspect-ratio\"><div class=\"wp-block-embed__wrapper\">\n<iframe title=\"Berufe  in der B\u00e4ckerei-Confiserie \/  Les professions dans la boulangerie-confiserie\" width=\"800\" height=\"450\" src=\"https:\/\/www.youtube.com\/embed\/T1F2Nr4WqFE?feature=oembed\" frameborder=\"0\" allow=\"accelerometer; autoplay; clipboard-write; encrypted-media; gyroscope; picture-in-picture; web-share\" referrerpolicy=\"strict-origin-when-cross-origin\" allowfullscreen><\/iframe>\n<\/div><\/figure>\n\n\n\n<h2 class=\"wp-block-heading\">T\u00e9l\u00e9charger la vid\u00e9o<\/h2>\n\n\n\n<p><a href=\"https:\/\/swissbaker.ch\/wp-content\/uploads\/2022\/10\/berufe-in-der-baeckerei-confiserie-_-les-professions-dans-la-boulangerie-confiserie.mp4\" target=\"_blank\" rel=\"noreferrer noopener\">Vid\u00e9o professions avec quotes.mp4<\/a><\/p>\n\n\n\n<hr class=\"wp-block-separator has-alpha-channel-opacity\"\/>\n\n\n\n<h2 class=\"wp-block-heading\"><strong>POS &amp; Spotify-Werbespots<\/strong><\/h2>\n\n\n\n<figure class=\"wp-block-audio\"><audio controls src=\"https:\/\/swissbaker.ch\/wp-content\/uploads\/2022\/05\/spotifykampagne_fr_swissbaker_tagtra__umer_2022_23sec.mp3\"><\/audio><figcaption class=\"wp-element-caption\">Spot \u00abR\u00eaveurs \u00e9veill\u00e9s\u00bb.mp3<\/figcaption><\/figure>\n\n\n\n<hr class=\"wp-block-separator alignfull has-alpha-channel-opacity\"\/>\n\n\n\n<h2 class=\"wp-block-heading\" id=\"h-telechargements\"><strong>T\u00e9l\u00e9chargements<\/strong><\/h2>\n\n\n\n<h3 class=\"wp-block-heading\"><strong>Affiches A3:<\/strong><\/h3>\n\n\n\n<div class=\"wp-block-file\"><a id=\"wp-block-file--media-8094bba4-d5ac-4a12-8dc0-2ff2692e79f7\" href=\"https:\/\/swissbaker.ch\/wp-content\/uploads\/2022\/05\/sb_nachwuchskampagne_plakate_a3_baecker_fr_rz_druck.pdf\">Affiche Boulangerie.pdf<\/a><\/div>\n\n\n\n<div class=\"wp-block-file\"><a id=\"wp-block-file--media-dda1fd7a-7be5-4dee-8716-9b744b8d3384\" href=\"https:\/\/swissbaker.ch\/wp-content\/uploads\/2022\/05\/sb_nachwuchskampagne_plakate_a3_confiseur_fr_rz_druck.pdf\">Affiche Confiserie.pdf<\/a><\/div>\n\n\n\n<div class=\"wp-block-file\"><a id=\"wp-block-file--media-213ac8b2-d43d-483e-9730-7b3cd84fa202\" href=\"https:\/\/swissbaker.ch\/wp-content\/uploads\/2022\/05\/sb_nachwuchskampagne_plakate_a3_detailhandel_fr_rz_druck.pdf\">Affiche Commerce de d\u00e9tail.pdf<\/a><\/div>\n\n\n\n<div class=\"wp-block-file\"><a id=\"wp-block-file--media-77052d08-4dea-4c4b-95a5-dcb6588fe521\" href=\"https:\/\/swissbaker.ch\/wp-content\/uploads\/2022\/05\/sb_nachwuchskampagne_plakate_a3_kombi_fr_rz_druck.pdf\">Affiche \u00abToutes les orientations\u00bb.pdf<\/a><\/div>\n\n\n\n<h3 class=\"wp-block-heading\" id=\"h-sujets-pour-ecran-de-caisse\"><strong>Sujets pour \u00e9cran de caisse:<\/strong><\/h3>\n\n\n\n<p>(Convient \u00e9galement aux m\u00e9dias en ligne)<\/p>\n\n\n\n<div class=\"wp-block-file\"><a id=\"wp-block-file--media-407aa963-0a46-4018-8320-d91a9c515cf2\" href=\"https:\/\/swissbaker.ch\/wp-content\/themes\/azr-theme-child\/ajax\/force_download.php?id=15549\">Horizontal 1920 x 1080 px Boulangerie<\/a><\/div>\n\n\n\n<div class=\"wp-block-file\"><a id=\"wp-block-file--media-e3501305-4b46-4508-80ad-4742b18b8639\" href=\"https:\/\/swissbaker.ch\/wp-content\/themes\/azr-theme-child\/ajax\/force_download.php?id=15551\">Horizontal 1920 x 1080 px Confiserie<\/a><\/div>\n\n\n\n<div class=\"wp-block-file\"><a id=\"wp-block-file--media-9a3f14e8-9be2-4fb8-bb1a-56b1bef2294f\" href=\"https:\/\/swissbaker.ch\/wp-content\/themes\/azr-theme-child\/ajax\/force_download.php?id=15554\">Horizontal 1920 x 1080 px Commerce de d\u00e9tail<\/a><\/div>\n\n\n\n<div class=\"wp-block-file\"><a id=\"wp-block-file--media-2ff36044-0bd5-46b8-a7ab-fdbe6007f1ed\" href=\"https:\/\/swissbaker.ch\/wp-content\/themes\/azr-theme-child\/ajax\/force_download.php?id=15556\">Verticale 560 x 800 px Boulangerie<\/a><\/div>\n\n\n\n<div class=\"wp-block-file\"><a id=\"wp-block-file--media-4eb6cd19-8b01-4d3b-ba4e-79d6c3bac6a0\" href=\"https:\/\/swissbaker.ch\/wp-content\/themes\/azr-theme-child\/ajax\/force_download.php?id=15592\">Verticale 560 x 800 px Confiserie<\/a><\/div>\n\n\n\n<div class=\"wp-block-file\"><a id=\"wp-block-file--media-4b70751a-4e35-4bdc-bf43-45b7745af8b9\" href=\"https:\/\/swissbaker.ch\/wp-content\/themes\/azr-theme-child\/ajax\/force_download.php?id=15596\">Verticale 560 x 800 px Commerce de d\u00e9tail<\/a><\/div>\n\n\n\n<h3 class=\"wp-block-heading\"><strong>Banni\u00e8res e-mail<\/strong><\/h3>\n\n\n\n<div class=\"wp-block-file\"><a id=\"wp-block-file--media-ae6eafec-dbda-40bf-9a0f-9b6d90a810b1\" href=\"https:\/\/swissbaker.ch\/wp-content\/themes\/azr-theme-child\/ajax\/force_download.php?id=15646\">Sujet 660 x 140 px Boulangerie<\/a><\/div>\n\n\n\n<div class=\"wp-block-file\"><a id=\"wp-block-file--media-1bd8b0f9-7d6b-4d45-9f12-5b8401b3cdbd\" href=\"https:\/\/swissbaker.ch\/wp-content\/themes\/azr-theme-child\/ajax\/force_download.php?id=15648\">Sujet 660 x 140 px Confiserie<\/a><\/div>\n\n\n\n<div class=\"wp-block-file\"><a id=\"wp-block-file--media-97fa40a6-ec51-470c-8249-4eda9a3dfe41\" href=\"https:\/\/swissbaker.ch\/wp-content\/themes\/azr-theme-child\/ajax\/force_download.php?id=15652\">Sujet 660 x 140 px Commerce de d\u00e9tail<\/a><\/div>\n\n\n\n<div class=\"wp-block-file\"><a id=\"wp-block-file--media-dd574d78-9e2e-45c0-8a02-91b07c24f854\" href=\"https:\/\/swissbaker.ch\/wp-content\/themes\/azr-theme-child\/ajax\/force_download.php?id=78511\">Les 3 sujets 660 x 140 px animation<\/a><\/div>\n\n\n\n<h2 class=\"wp-block-heading\" id=\"h-downloads-italiano\"><strong>Downloads italiano<\/strong><\/h2>\n\n\n\n<h3 class=\"wp-block-heading\"><strong>Affissi formato&nbsp;A3:<\/strong><\/h3>\n\n\n\n<div class=\"wp-block-file\"><a id=\"wp-block-file--media-f8581cc5-6f91-4c07-b5b3-4074e7afae5e\" href=\"https:\/\/swissbaker.ch\/wp-content\/uploads\/2022\/05\/sb_nachwuchskampagne_plakate_a3_baecker_it_rz_druck.pdf\">Affisso pasticciere.pdf<\/a><\/div>\n\n\n\n<div class=\"wp-block-file\"><a id=\"wp-block-file--media-35974cff-805e-43fb-85f2-a210244a5c4d\" href=\"https:\/\/swissbaker.ch\/wp-content\/uploads\/2022\/05\/sb_nachwuchskampagne_plakate_a3_confiseur_it_rz_druck.pdf\">Affisso confettiere.pdf<\/a><\/div>\n\n\n\n<div class=\"wp-block-file\"><a id=\"wp-block-file--media-5a17db63-3254-4f00-8a82-9fbd891bd6fc\" href=\"https:\/\/swissbaker.ch\/wp-content\/uploads\/2022\/05\/sb_nachwuchskampagne_plakate_a3_detailhandel_it_rz_druck.pdf\">Affisso commercio al dettaglio.pdf<\/a><\/div>\n\n\n\n<div class=\"wp-block-file\"><a id=\"wp-block-file--media-dd676b7b-c362-4586-8852-5b571570197d\" href=\"https:\/\/swissbaker.ch\/wp-content\/uploads\/2022\/05\/sb_nachwuchskampagne_plakate_a3_kombi_it_rz_druck.pdf\">Affisso combinato.pdf<\/a><\/div>\n\n\n\n<h3 class=\"wp-block-heading\"><strong>Per il display della&nbsp;cassa:<\/strong><\/h3>\n\n\n\n<div class=\"wp-block-file\"><a id=\"wp-block-file--media-3bd74a57-6765-41e5-a50d-b2daa22f238e\" href=\"https:\/\/swissbaker.ch\/wp-content\/themes\/azr-theme-child\/ajax\/force_download.php?id=15076\">Horizontale 1920 x 1080 px panetteria<\/a><\/div>\n\n\n\n<div class=\"wp-block-file\"><a id=\"wp-block-file--media-647a9e5e-c9d0-47b0-a13f-891ffc80de78\" href=\"https:\/\/swissbaker.ch\/wp-content\/themes\/azr-theme-child\/ajax\/force_download.php?id=15078\">Horizontale 1920 x 1080 px confetteria<\/a><\/div>\n\n\n\n<div class=\"wp-block-file\"><a id=\"wp-block-file--media-5df230ee-b033-4757-8669-2fbcf7b55520\" href=\"https:\/\/swissbaker.ch\/wp-content\/themes\/azr-theme-child\/ajax\/force_download.php?id=15080\">Horizontale 1920 x 1080 px commercio al dettagli<\/a><\/div>\n\n\n\n<div class=\"wp-block-file\"><a id=\"wp-block-file--media-77dd5693-1d28-4560-9c8f-373a1811c4ec\" href=\"https:\/\/swissbaker.ch\/wp-content\/themes\/azr-theme-child\/ajax\/force_download.php?id=15172\">Verticale 560 x 800 px panetteria<\/a><\/div>\n\n\n\n<div class=\"wp-block-file\"><a id=\"wp-block-file--media-f84fae84-b0d5-47d6-9003-f6768a391c51\" href=\"https:\/\/swissbaker.ch\/wp-content\/themes\/azr-theme-child\/ajax\/force_download.php?id=15177\">Verticale 560 x 800 px confetteria<\/a><\/div>\n\n\n\n<div class=\"wp-block-file\"><a id=\"wp-block-file--media-ee81e038-5cb1-4a3e-9e32-f66216817f55\" href=\"https:\/\/swissbaker.ch\/wp-content\/themes\/azr-theme-child\/ajax\/force_download.php?id=15179\">Verticale 560 x 800 px commercio al dettagli<\/a><\/div>\n\n\n\n<h3 class=\"wp-block-heading\"><strong>Striscia&nbsp;per e-mail:<\/strong><\/h3>\n\n\n\n<div class=\"wp-block-file\"><a id=\"wp-block-file--media-71d43415-3478-4cad-b6f1-d5df9c923553\" href=\"https:\/\/swissbaker.ch\/wp-content\/themes\/azr-theme-child\/ajax\/force_download.php?id=15181\">660 x 140 px panetteria<\/a><\/div>\n\n\n\n<div class=\"wp-block-file\"><a id=\"wp-block-file--media-71a93fd2-3107-431a-909c-217c0f9a862d\" href=\"https:\/\/swissbaker.ch\/wp-content\/themes\/azr-theme-child\/ajax\/force_download.php?id=15183\">660 x 140 px confetteria<\/a><\/div>\n\n\n\n<div class=\"wp-block-file\"><a id=\"wp-block-file--media-ffbfce0f-cdb2-40ab-8f2a-9713a55e87d4\" href=\"https:\/\/swissbaker.ch\/wp-content\/themes\/azr-theme-child\/ajax\/force_download.php?id=15185\">660 x 140 px commercio al dettagli<\/a><\/div>\n\n\n\n<div class=\"wp-block-file\"><a id=\"wp-block-file--media-b4271045-c47e-4f72-ad6d-bd07a2a15d5a\" href=\"https:\/\/swissbaker.ch\/wp-content\/themes\/azr-theme-child\/ajax\/force_download.php?id=78515\">660 x 140 px 3 immagini animate<\/a><\/div>\n","protected":false},"excerpt":{"rendered":"<p>Notre campagne de rel\u00e8ve vise \u00e0 attirer de nouveaux apprentis vers les m\u00e9tiers de gestionnaire du commerce de d\u00e9tail et de boulanger-p\u00e2tissier-confiseur. Motivez les jeunes sur les m\u00e9dias sociaux et incitez-les \u00e0 y participer\u2009! Vid\u00e9o T\u00e9l\u00e9charger la vid\u00e9o Vid\u00e9o avec quotes T\u00e9l\u00e9charger la vid\u00e9o Vid\u00e9o professions avec quotes.mp4 POS &amp; Spotify-Werbespots T\u00e9l\u00e9chargements Affiches A3: Sujets pour \u00e9cran de caisse: (Convient [&hellip;]<\/p>\n","protected":false},"author":1,"featured_media":35749,"parent":13646,"menu_order":0,"comment_status":"closed","ping_status":"closed","template":"","meta":{"_acf_changed":true,"footnotes":""},"class_list":["post-15393","page","type-page","status-publish","has-post-thumbnail","hentry"],"acf":[],"yoast_head":"<!-- This site is optimized with the Yoast SEO Premium plugin v26.8 (Yoast SEO v26.8) - https:\/\/yoast.com\/product\/yoast-seo-premium-wordpress\/ -->\n<title>Campagne de rel\u00e8ve | SBC<\/title>\n<meta name=\"robots\" content=\"index, follow, max-snippet:-1, max-image-preview:large, max-video-preview:-1\" \/>\n<link rel=\"canonical\" href=\"https:\/\/swissbaker.ch\/fr\/association\/prestations-de-service\/marketing-communication\/campagne-de-releve\/\" \/>\n<meta property=\"og:locale\" content=\"fr_FR\" \/>\n<meta property=\"og:type\" content=\"article\" \/>\n<meta property=\"og:title\" content=\"Campagne de rel\u00e8ve\" \/>\n<meta property=\"og:description\" content=\"Notre campagne de rel\u00e8ve vise \u00e0 attirer de nouveaux apprentis vers les m\u00e9tiers de gestionnaire du commerce de d\u00e9tail et de boulanger-p\u00e2tissier-confiseur. Motivez les jeunes sur les m\u00e9dias sociaux et incitez-les \u00e0 y participer\u2009! Vid\u00e9o T\u00e9l\u00e9charger la vid\u00e9o Vid\u00e9o avec quotes T\u00e9l\u00e9charger la vid\u00e9o Vid\u00e9o professions avec quotes.mp4 POS &amp; Spotify-Werbespots T\u00e9l\u00e9chargements Affiches A3: Sujets pour \u00e9cran de caisse: (Convient [&hellip;]\" \/>\n<meta property=\"og:url\" content=\"https:\/\/swissbaker.ch\/fr\/association\/prestations-de-service\/marketing-communication\/campagne-de-releve\/\" \/>\n<meta property=\"og:site_name\" content=\"SBC\" \/>\n<meta property=\"article:publisher\" content=\"https:\/\/www.facebook.com\/swissbaker.ch\" \/>\n<meta property=\"article:modified_time\" content=\"2025-07-03T13:09:47+00:00\" \/>\n<meta property=\"og:image\" content=\"https:\/\/swissbaker.ch\/wp-content\/uploads\/2022\/06\/forme_deine_zukunft_neu.jpg\" \/>\n\t<meta property=\"og:image:width\" content=\"1611\" \/>\n\t<meta property=\"og:image:height\" content=\"1027\" \/>\n\t<meta property=\"og:image:type\" content=\"image\/jpeg\" \/>\n<meta name=\"twitter:card\" content=\"summary_large_image\" \/>\n<meta name=\"twitter:site\" content=\"@ch_swissbaker\" \/>\n<meta name=\"twitter:label1\" content=\"Est. reading time\" \/>\n\t<meta name=\"twitter:data1\" content=\"2 minutes\" \/>\n<script type=\"application\/ld+json\" class=\"yoast-schema-graph\">{\"@context\":\"https:\/\/schema.org\",\"@graph\":[{\"@type\":\"WebPage\",\"@id\":\"https:\/\/swissbaker.ch\/fr\/association\/prestations-de-service\/marketing-communication\/campagne-de-releve\/\",\"url\":\"https:\/\/swissbaker.ch\/fr\/association\/prestations-de-service\/marketing-communication\/campagne-de-releve\/\",\"name\":\"Campagne de rel\u00e8ve | SBC\",\"isPartOf\":{\"@id\":\"https:\/\/swissbaker.ch\/fr\/#website\"},\"primaryImageOfPage\":{\"@id\":\"https:\/\/swissbaker.ch\/fr\/association\/prestations-de-service\/marketing-communication\/campagne-de-releve\/#primaryimage\"},\"image\":{\"@id\":\"https:\/\/swissbaker.ch\/fr\/association\/prestations-de-service\/marketing-communication\/campagne-de-releve\/#primaryimage\"},\"thumbnailUrl\":\"https:\/\/swissbaker.ch\/wp-content\/uploads\/2022\/06\/forme_deine_zukunft_neu.jpg\",\"datePublished\":\"2022-05-31T11:20:25+00:00\",\"dateModified\":\"2025-07-03T13:09:47+00:00\",\"breadcrumb\":{\"@id\":\"https:\/\/swissbaker.ch\/fr\/association\/prestations-de-service\/marketing-communication\/campagne-de-releve\/#breadcrumb\"},\"inLanguage\":\"fr-FR\",\"potentialAction\":[{\"@type\":\"ReadAction\",\"target\":[\"https:\/\/swissbaker.ch\/fr\/association\/prestations-de-service\/marketing-communication\/campagne-de-releve\/\"]}]},{\"@type\":\"ImageObject\",\"inLanguage\":\"fr-FR\",\"@id\":\"https:\/\/swissbaker.ch\/fr\/association\/prestations-de-service\/marketing-communication\/campagne-de-releve\/#primaryimage\",\"url\":\"https:\/\/swissbaker.ch\/wp-content\/uploads\/2022\/06\/forme_deine_zukunft_neu.jpg\",\"contentUrl\":\"https:\/\/swissbaker.ch\/wp-content\/uploads\/2022\/06\/forme_deine_zukunft_neu.jpg\",\"width\":1611,\"height\":1027},{\"@type\":\"BreadcrumbList\",\"@id\":\"https:\/\/swissbaker.ch\/fr\/association\/prestations-de-service\/marketing-communication\/campagne-de-releve\/#breadcrumb\",\"itemListElement\":[{\"@type\":\"ListItem\",\"position\":1,\"name\":\"\",\"item\":\"https:\/\/swissbaker.ch\/fr\/\"},{\"@type\":\"ListItem\",\"position\":2,\"name\":\"Association\u00a0\",\"item\":\"https:\/\/swissbaker.ch\/fr\/association\/\"},{\"@type\":\"ListItem\",\"position\":3,\"name\":\"Prestations de service\",\"item\":\"https:\/\/swissbaker.ch\/fr\/association\/prestations-de-service\/\"},{\"@type\":\"ListItem\",\"position\":4,\"name\":\"Marketing\/communication\",\"item\":\"https:\/\/swissbaker.ch\/fr\/association\/prestations-de-service\/marketing-communication\/\"},{\"@type\":\"ListItem\",\"position\":5,\"name\":\"Campagne de rel\u00e8ve\"}]},{\"@type\":\"WebSite\",\"@id\":\"https:\/\/swissbaker.ch\/fr\/#website\",\"url\":\"https:\/\/swissbaker.ch\/fr\/\",\"name\":\"SBC\",\"description\":\"\",\"publisher\":{\"@id\":\"https:\/\/swissbaker.ch\/fr\/#organization\"},\"potentialAction\":[{\"@type\":\"SearchAction\",\"target\":{\"@type\":\"EntryPoint\",\"urlTemplate\":\"https:\/\/swissbaker.ch\/fr\/?s={search_term_string}\"},\"query-input\":{\"@type\":\"PropertyValueSpecification\",\"valueRequired\":true,\"valueName\":\"search_term_string\"}}],\"inLanguage\":\"fr-FR\"},{\"@type\":\"Organization\",\"@id\":\"https:\/\/swissbaker.ch\/fr\/#organization\",\"name\":\"Schweizerischer B\u00e4cker-Confiseurmeister-Verband\",\"url\":\"https:\/\/swissbaker.ch\/fr\/\",\"logo\":{\"@type\":\"ImageObject\",\"inLanguage\":\"fr-FR\",\"@id\":\"https:\/\/swissbaker.ch\/fr\/#\/schema\/logo\/image\/\",\"url\":\"https:\/\/swissbaker.ch\/wp-content\/uploads\/2022\/04\/sbc-logo-yoast.jpg\",\"contentUrl\":\"https:\/\/swissbaker.ch\/wp-content\/uploads\/2022\/04\/sbc-logo-yoast.jpg\",\"width\":512,\"height\":512,\"caption\":\"Schweizerischer B\u00e4cker-Confiseurmeister-Verband\"},\"image\":{\"@id\":\"https:\/\/swissbaker.ch\/fr\/#\/schema\/logo\/image\/\"},\"sameAs\":[\"https:\/\/www.facebook.com\/swissbaker.ch\",\"https:\/\/x.com\/ch_swissbaker\"]}]}<\/script>\n<!-- \/ Yoast SEO Premium plugin. -->","yoast_head_json":{"title":"Campagne de rel\u00e8ve | SBC","robots":{"index":"index","follow":"follow","max-snippet":"max-snippet:-1","max-image-preview":"max-image-preview:large","max-video-preview":"max-video-preview:-1"},"canonical":"https:\/\/swissbaker.ch\/fr\/association\/prestations-de-service\/marketing-communication\/campagne-de-releve\/","og_locale":"fr_FR","og_type":"article","og_title":"Campagne de rel\u00e8ve","og_description":"Notre campagne de rel\u00e8ve vise \u00e0 attirer de nouveaux apprentis vers les m\u00e9tiers de gestionnaire du commerce de d\u00e9tail et de boulanger-p\u00e2tissier-confiseur. Motivez les jeunes sur les m\u00e9dias sociaux et incitez-les \u00e0 y participer\u2009! Vid\u00e9o T\u00e9l\u00e9charger la vid\u00e9o Vid\u00e9o avec quotes T\u00e9l\u00e9charger la vid\u00e9o Vid\u00e9o professions avec quotes.mp4 POS &amp; Spotify-Werbespots T\u00e9l\u00e9chargements Affiches A3: Sujets pour \u00e9cran de caisse: (Convient [&hellip;]","og_url":"https:\/\/swissbaker.ch\/fr\/association\/prestations-de-service\/marketing-communication\/campagne-de-releve\/","og_site_name":"SBC","article_publisher":"https:\/\/www.facebook.com\/swissbaker.ch","article_modified_time":"2025-07-03T13:09:47+00:00","og_image":[{"width":1611,"height":1027,"url":"https:\/\/swissbaker.ch\/wp-content\/uploads\/2022\/06\/forme_deine_zukunft_neu.jpg","type":"image\/jpeg"}],"twitter_card":"summary_large_image","twitter_site":"@ch_swissbaker","twitter_misc":{"Est. reading time":"2 minutes"},"schema":{"@context":"https:\/\/schema.org","@graph":[{"@type":"WebPage","@id":"https:\/\/swissbaker.ch\/fr\/association\/prestations-de-service\/marketing-communication\/campagne-de-releve\/","url":"https:\/\/swissbaker.ch\/fr\/association\/prestations-de-service\/marketing-communication\/campagne-de-releve\/","name":"Campagne de rel\u00e8ve | SBC","isPartOf":{"@id":"https:\/\/swissbaker.ch\/fr\/#website"},"primaryImageOfPage":{"@id":"https:\/\/swissbaker.ch\/fr\/association\/prestations-de-service\/marketing-communication\/campagne-de-releve\/#primaryimage"},"image":{"@id":"https:\/\/swissbaker.ch\/fr\/association\/prestations-de-service\/marketing-communication\/campagne-de-releve\/#primaryimage"},"thumbnailUrl":"https:\/\/swissbaker.ch\/wp-content\/uploads\/2022\/06\/forme_deine_zukunft_neu.jpg","datePublished":"2022-05-31T11:20:25+00:00","dateModified":"2025-07-03T13:09:47+00:00","breadcrumb":{"@id":"https:\/\/swissbaker.ch\/fr\/association\/prestations-de-service\/marketing-communication\/campagne-de-releve\/#breadcrumb"},"inLanguage":"fr-FR","potentialAction":[{"@type":"ReadAction","target":["https:\/\/swissbaker.ch\/fr\/association\/prestations-de-service\/marketing-communication\/campagne-de-releve\/"]}]},{"@type":"ImageObject","inLanguage":"fr-FR","@id":"https:\/\/swissbaker.ch\/fr\/association\/prestations-de-service\/marketing-communication\/campagne-de-releve\/#primaryimage","url":"https:\/\/swissbaker.ch\/wp-content\/uploads\/2022\/06\/forme_deine_zukunft_neu.jpg","contentUrl":"https:\/\/swissbaker.ch\/wp-content\/uploads\/2022\/06\/forme_deine_zukunft_neu.jpg","width":1611,"height":1027},{"@type":"BreadcrumbList","@id":"https:\/\/swissbaker.ch\/fr\/association\/prestations-de-service\/marketing-communication\/campagne-de-releve\/#breadcrumb","itemListElement":[{"@type":"ListItem","position":1,"name":"","item":"https:\/\/swissbaker.ch\/fr\/"},{"@type":"ListItem","position":2,"name":"Association\u00a0","item":"https:\/\/swissbaker.ch\/fr\/association\/"},{"@type":"ListItem","position":3,"name":"Prestations de service","item":"https:\/\/swissbaker.ch\/fr\/association\/prestations-de-service\/"},{"@type":"ListItem","position":4,"name":"Marketing\/communication","item":"https:\/\/swissbaker.ch\/fr\/association\/prestations-de-service\/marketing-communication\/"},{"@type":"ListItem","position":5,"name":"Campagne de rel\u00e8ve"}]},{"@type":"WebSite","@id":"https:\/\/swissbaker.ch\/fr\/#website","url":"https:\/\/swissbaker.ch\/fr\/","name":"SBC","description":"","publisher":{"@id":"https:\/\/swissbaker.ch\/fr\/#organization"},"potentialAction":[{"@type":"SearchAction","target":{"@type":"EntryPoint","urlTemplate":"https:\/\/swissbaker.ch\/fr\/?s={search_term_string}"},"query-input":{"@type":"PropertyValueSpecification","valueRequired":true,"valueName":"search_term_string"}}],"inLanguage":"fr-FR"},{"@type":"Organization","@id":"https:\/\/swissbaker.ch\/fr\/#organization","name":"Schweizerischer B\u00e4cker-Confiseurmeister-Verband","url":"https:\/\/swissbaker.ch\/fr\/","logo":{"@type":"ImageObject","inLanguage":"fr-FR","@id":"https:\/\/swissbaker.ch\/fr\/#\/schema\/logo\/image\/","url":"https:\/\/swissbaker.ch\/wp-content\/uploads\/2022\/04\/sbc-logo-yoast.jpg","contentUrl":"https:\/\/swissbaker.ch\/wp-content\/uploads\/2022\/04\/sbc-logo-yoast.jpg","width":512,"height":512,"caption":"Schweizerischer B\u00e4cker-Confiseurmeister-Verband"},"image":{"@id":"https:\/\/swissbaker.ch\/fr\/#\/schema\/logo\/image\/"},"sameAs":["https:\/\/www.facebook.com\/swissbaker.ch","https:\/\/x.com\/ch_swissbaker"]}]}},"_links":{"self":[{"href":"https:\/\/swissbaker.ch\/fr\/wp-json\/wp\/v2\/pages\/15393","targetHints":{"allow":["GET"]}}],"collection":[{"href":"https:\/\/swissbaker.ch\/fr\/wp-json\/wp\/v2\/pages"}],"about":[{"href":"https:\/\/swissbaker.ch\/fr\/wp-json\/wp\/v2\/types\/page"}],"author":[{"embeddable":true,"href":"https:\/\/swissbaker.ch\/fr\/wp-json\/wp\/v2\/users\/1"}],"replies":[{"embeddable":true,"href":"https:\/\/swissbaker.ch\/fr\/wp-json\/wp\/v2\/comments?post=15393"}],"version-history":[{"count":0,"href":"https:\/\/swissbaker.ch\/fr\/wp-json\/wp\/v2\/pages\/15393\/revisions"}],"up":[{"embeddable":true,"href":"https:\/\/swissbaker.ch\/fr\/wp-json\/wp\/v2\/pages\/13646"}],"wp:featuredmedia":[{"embeddable":true,"href":"https:\/\/swissbaker.ch\/fr\/wp-json\/wp\/v2\/media\/35749"}],"wp:attachment":[{"href":"https:\/\/swissbaker.ch\/fr\/wp-json\/wp\/v2\/media?parent=15393"}],"curies":[{"name":"wp","href":"https:\/\/api.w.org\/{rel}","templated":true}]}}