{"id":13467,"date":"2022-04-25T10:54:25","date_gmt":"2022-04-25T08:54:25","guid":{"rendered":"https:\/\/swissbaker.ch\/?page_id=13467"},"modified":"2023-02-14T15:11:42","modified_gmt":"2023-02-14T14:11:42","slug":"service-juridique","status":"publish","type":"page","link":"https:\/\/swissbaker.ch\/fr\/association\/prestations-de-service\/service-juridique\/","title":{"rendered":"Service juridique"},"content":{"rendered":"\n<p>Les membres de la BCS appr\u00e9cient les renseignements juridiques fournis en temps utile et avec comp\u00e9tence. La directrice adjointe et avocate du BCS, Harisa Reiz, travaille depuis plus de 20 ans pour la branche de la boulangerie-confiserie et s&#8217;occupe notamment de toutes les t\u00e2ches li\u00e9es aux conventions collectives de travail.<\/p>\n\n\n\n<p><strong>Les principaux services:<\/strong><\/p>\n\n\n\n<ul class=\"wp-block-list\"><li>premi\u00e8re consultation t\u00e9l\u00e9phonique gratuite (20&nbsp;minutes max.);<\/li><li>aide sous forme de notices sur le droit du travail et la convention collective de travail de la boulangerie-p\u00e2tisserie-confiserie artisanale suisse (CCT);<\/li><li>soutien du service \u00abPolitique et \u00e9conomie\u00bb.<\/li><\/ul>\n\n\n\n<hr class=\"wp-block-separator has-alpha-channel-opacity\"\/>\n\n\n\n<p>Le service juridique t\u00e9l\u00e9phonique est d\u00e9sormais disponible comme suit pour ses membres, au num\u00e9ro de t\u00e9l\u00e9phone 031&nbsp;388&nbsp;14&nbsp;14, avec le num\u00e9ro d&#8217;acc\u00e8s suppl\u00e9mentaire&nbsp;1:<\/p>\n\n\n\n<ul class=\"wp-block-list\"><li><strong>Lundi : de 8\u00a0h \u00e0 12\u00a0h et de 13 h 30 \u00e0 16\u00a0h\u00a030<\/strong><\/li><li><strong>Mercredi :\u00a0de 13 h 30 \u00e0 16\u00a0h\u00a030<\/strong><\/li><li><strong>Jeudi\u00a0:\u00a0de 8\u00a0h \u00e0 12\u00a0h<\/strong><\/li><\/ul>\n\n\n\n<p><em>Veuillez noter que les membres de la BCS peuvent \u00e9galement trouver des exemples et des r\u00e9ponses \u00e0 leurs questions concernant la convention collective de travail (CCT) dans le commentaire de la CCT, qui peut \u00eatre consult\u00e9 sur<a href=\"https:\/\/swissbaker.ch\/fr\/intranet\/\"> l\u2019intranet<\/a>  Le commentaire abr\u00e9g\u00e9 est \u00e9galement disponible <a href=\"https:\/\/pkbc.ch\/fr\/cct\/commentaire-du-cct\" target=\"_blank\" rel=\"noreferrer noopener\">sur le site de la commission paritaire des boulangers-confiseurs (cpbc)<\/a>.<\/em><\/p>\n","protected":false},"excerpt":{"rendered":"<p>Les membres de la BCS appr\u00e9cient les renseignements juridiques fournis en temps utile et avec comp\u00e9tence. La directrice adjointe et avocate du BCS, Harisa Reiz, travaille depuis plus de 20 ans pour la branche de la boulangerie-confiserie et s&#8217;occupe notamment de toutes les t\u00e2ches li\u00e9es aux conventions collectives de travail. Les principaux services: premi\u00e8re consultation t\u00e9l\u00e9phonique gratuite (20&nbsp;minutes max.); aide [&hellip;]<\/p>\n","protected":false},"author":1,"featured_media":0,"parent":31689,"menu_order":0,"comment_status":"closed","ping_status":"closed","template":"","meta":{"_acf_changed":false,"footnotes":""},"class_list":["post-13467","page","type-page","status-publish","hentry"],"acf":[],"yoast_head":"<!-- This site is optimized with the Yoast SEO Premium plugin v26.8 (Yoast SEO v26.8) - https:\/\/yoast.com\/product\/yoast-seo-premium-wordpress\/ -->\n<title>Service juridique | SBC<\/title>\n<meta name=\"robots\" content=\"index, follow, max-snippet:-1, max-image-preview:large, max-video-preview:-1\" \/>\n<link rel=\"canonical\" href=\"https:\/\/swissbaker.ch\/fr\/association\/prestations-de-service\/service-juridique\/\" \/>\n<meta property=\"og:locale\" content=\"fr_FR\" \/>\n<meta property=\"og:type\" content=\"article\" \/>\n<meta property=\"og:title\" content=\"Service juridique\" \/>\n<meta property=\"og:description\" content=\"Les membres de la BCS appr\u00e9cient les renseignements juridiques fournis en temps utile et avec comp\u00e9tence. La directrice adjointe et avocate du BCS, Harisa Reiz, travaille depuis plus de 20 ans pour la branche de la boulangerie-confiserie et s&#8217;occupe notamment de toutes les t\u00e2ches li\u00e9es aux conventions collectives de travail. Les principaux services: premi\u00e8re consultation t\u00e9l\u00e9phonique gratuite (20&nbsp;minutes max.); aide [&hellip;]\" \/>\n<meta property=\"og:url\" content=\"https:\/\/swissbaker.ch\/fr\/association\/prestations-de-service\/service-juridique\/\" \/>\n<meta property=\"og:site_name\" content=\"SBC\" \/>\n<meta property=\"article:publisher\" content=\"https:\/\/www.facebook.com\/swissbaker.ch\" \/>\n<meta property=\"article:modified_time\" content=\"2023-02-14T14:11:42+00:00\" \/>\n<meta property=\"og:image\" content=\"https:\/\/swissbaker.ch\/wp-content\/uploads\/2022\/04\/sbc-logo-yoast.jpg\" \/>\n\t<meta property=\"og:image:width\" content=\"512\" \/>\n\t<meta property=\"og:image:height\" content=\"512\" \/>\n\t<meta property=\"og:image:type\" content=\"image\/jpeg\" \/>\n<meta name=\"twitter:card\" content=\"summary_large_image\" \/>\n<meta name=\"twitter:site\" content=\"@ch_swissbaker\" \/>\n<meta name=\"twitter:label1\" content=\"Est. reading time\" \/>\n\t<meta name=\"twitter:data1\" content=\"2 minutes\" \/>\n<script type=\"application\/ld+json\" class=\"yoast-schema-graph\">{\"@context\":\"https:\/\/schema.org\",\"@graph\":[{\"@type\":\"WebPage\",\"@id\":\"https:\/\/swissbaker.ch\/fr\/association\/prestations-de-service\/service-juridique\/\",\"url\":\"https:\/\/swissbaker.ch\/fr\/association\/prestations-de-service\/service-juridique\/\",\"name\":\"Service juridique | SBC\",\"isPartOf\":{\"@id\":\"https:\/\/swissbaker.ch\/fr\/#website\"},\"datePublished\":\"2022-04-25T08:54:25+00:00\",\"dateModified\":\"2023-02-14T14:11:42+00:00\",\"breadcrumb\":{\"@id\":\"https:\/\/swissbaker.ch\/fr\/association\/prestations-de-service\/service-juridique\/#breadcrumb\"},\"inLanguage\":\"fr-FR\",\"potentialAction\":[{\"@type\":\"ReadAction\",\"target\":[\"https:\/\/swissbaker.ch\/fr\/association\/prestations-de-service\/service-juridique\/\"]}]},{\"@type\":\"BreadcrumbList\",\"@id\":\"https:\/\/swissbaker.ch\/fr\/association\/prestations-de-service\/service-juridique\/#breadcrumb\",\"itemListElement\":[{\"@type\":\"ListItem\",\"position\":1,\"name\":\"\",\"item\":\"https:\/\/swissbaker.ch\/fr\/\"},{\"@type\":\"ListItem\",\"position\":2,\"name\":\"Association\u00a0\",\"item\":\"https:\/\/swissbaker.ch\/fr\/association\/\"},{\"@type\":\"ListItem\",\"position\":3,\"name\":\"Prestations de service\",\"item\":\"https:\/\/swissbaker.ch\/fr\/association\/prestations-de-service\/\"},{\"@type\":\"ListItem\",\"position\":4,\"name\":\"Service juridique\"}]},{\"@type\":\"WebSite\",\"@id\":\"https:\/\/swissbaker.ch\/fr\/#website\",\"url\":\"https:\/\/swissbaker.ch\/fr\/\",\"name\":\"SBC\",\"description\":\"\",\"publisher\":{\"@id\":\"https:\/\/swissbaker.ch\/fr\/#organization\"},\"potentialAction\":[{\"@type\":\"SearchAction\",\"target\":{\"@type\":\"EntryPoint\",\"urlTemplate\":\"https:\/\/swissbaker.ch\/fr\/?s={search_term_string}\"},\"query-input\":{\"@type\":\"PropertyValueSpecification\",\"valueRequired\":true,\"valueName\":\"search_term_string\"}}],\"inLanguage\":\"fr-FR\"},{\"@type\":\"Organization\",\"@id\":\"https:\/\/swissbaker.ch\/fr\/#organization\",\"name\":\"Schweizerischer B\u00e4cker-Confiseurmeister-Verband\",\"url\":\"https:\/\/swissbaker.ch\/fr\/\",\"logo\":{\"@type\":\"ImageObject\",\"inLanguage\":\"fr-FR\",\"@id\":\"https:\/\/swissbaker.ch\/fr\/#\/schema\/logo\/image\/\",\"url\":\"https:\/\/swissbaker.ch\/wp-content\/uploads\/2022\/04\/sbc-logo-yoast.jpg\",\"contentUrl\":\"https:\/\/swissbaker.ch\/wp-content\/uploads\/2022\/04\/sbc-logo-yoast.jpg\",\"width\":512,\"height\":512,\"caption\":\"Schweizerischer B\u00e4cker-Confiseurmeister-Verband\"},\"image\":{\"@id\":\"https:\/\/swissbaker.ch\/fr\/#\/schema\/logo\/image\/\"},\"sameAs\":[\"https:\/\/www.facebook.com\/swissbaker.ch\",\"https:\/\/x.com\/ch_swissbaker\"]}]}<\/script>\n<!-- \/ Yoast SEO Premium plugin. -->","yoast_head_json":{"title":"Service juridique | SBC","robots":{"index":"index","follow":"follow","max-snippet":"max-snippet:-1","max-image-preview":"max-image-preview:large","max-video-preview":"max-video-preview:-1"},"canonical":"https:\/\/swissbaker.ch\/fr\/association\/prestations-de-service\/service-juridique\/","og_locale":"fr_FR","og_type":"article","og_title":"Service juridique","og_description":"Les membres de la BCS appr\u00e9cient les renseignements juridiques fournis en temps utile et avec comp\u00e9tence. La directrice adjointe et avocate du BCS, Harisa Reiz, travaille depuis plus de 20 ans pour la branche de la boulangerie-confiserie et s&#8217;occupe notamment de toutes les t\u00e2ches li\u00e9es aux conventions collectives de travail. Les principaux services: premi\u00e8re consultation t\u00e9l\u00e9phonique gratuite (20&nbsp;minutes max.); aide [&hellip;]","og_url":"https:\/\/swissbaker.ch\/fr\/association\/prestations-de-service\/service-juridique\/","og_site_name":"SBC","article_publisher":"https:\/\/www.facebook.com\/swissbaker.ch","article_modified_time":"2023-02-14T14:11:42+00:00","og_image":[{"width":512,"height":512,"url":"https:\/\/swissbaker.ch\/wp-content\/uploads\/2022\/04\/sbc-logo-yoast.jpg","type":"image\/jpeg"}],"twitter_card":"summary_large_image","twitter_site":"@ch_swissbaker","twitter_misc":{"Est. reading time":"2 minutes"},"schema":{"@context":"https:\/\/schema.org","@graph":[{"@type":"WebPage","@id":"https:\/\/swissbaker.ch\/fr\/association\/prestations-de-service\/service-juridique\/","url":"https:\/\/swissbaker.ch\/fr\/association\/prestations-de-service\/service-juridique\/","name":"Service juridique | SBC","isPartOf":{"@id":"https:\/\/swissbaker.ch\/fr\/#website"},"datePublished":"2022-04-25T08:54:25+00:00","dateModified":"2023-02-14T14:11:42+00:00","breadcrumb":{"@id":"https:\/\/swissbaker.ch\/fr\/association\/prestations-de-service\/service-juridique\/#breadcrumb"},"inLanguage":"fr-FR","potentialAction":[{"@type":"ReadAction","target":["https:\/\/swissbaker.ch\/fr\/association\/prestations-de-service\/service-juridique\/"]}]},{"@type":"BreadcrumbList","@id":"https:\/\/swissbaker.ch\/fr\/association\/prestations-de-service\/service-juridique\/#breadcrumb","itemListElement":[{"@type":"ListItem","position":1,"name":"","item":"https:\/\/swissbaker.ch\/fr\/"},{"@type":"ListItem","position":2,"name":"Association\u00a0","item":"https:\/\/swissbaker.ch\/fr\/association\/"},{"@type":"ListItem","position":3,"name":"Prestations de service","item":"https:\/\/swissbaker.ch\/fr\/association\/prestations-de-service\/"},{"@type":"ListItem","position":4,"name":"Service juridique"}]},{"@type":"WebSite","@id":"https:\/\/swissbaker.ch\/fr\/#website","url":"https:\/\/swissbaker.ch\/fr\/","name":"SBC","description":"","publisher":{"@id":"https:\/\/swissbaker.ch\/fr\/#organization"},"potentialAction":[{"@type":"SearchAction","target":{"@type":"EntryPoint","urlTemplate":"https:\/\/swissbaker.ch\/fr\/?s={search_term_string}"},"query-input":{"@type":"PropertyValueSpecification","valueRequired":true,"valueName":"search_term_string"}}],"inLanguage":"fr-FR"},{"@type":"Organization","@id":"https:\/\/swissbaker.ch\/fr\/#organization","name":"Schweizerischer B\u00e4cker-Confiseurmeister-Verband","url":"https:\/\/swissbaker.ch\/fr\/","logo":{"@type":"ImageObject","inLanguage":"fr-FR","@id":"https:\/\/swissbaker.ch\/fr\/#\/schema\/logo\/image\/","url":"https:\/\/swissbaker.ch\/wp-content\/uploads\/2022\/04\/sbc-logo-yoast.jpg","contentUrl":"https:\/\/swissbaker.ch\/wp-content\/uploads\/2022\/04\/sbc-logo-yoast.jpg","width":512,"height":512,"caption":"Schweizerischer B\u00e4cker-Confiseurmeister-Verband"},"image":{"@id":"https:\/\/swissbaker.ch\/fr\/#\/schema\/logo\/image\/"},"sameAs":["https:\/\/www.facebook.com\/swissbaker.ch","https:\/\/x.com\/ch_swissbaker"]}]}},"_links":{"self":[{"href":"https:\/\/swissbaker.ch\/fr\/wp-json\/wp\/v2\/pages\/13467","targetHints":{"allow":["GET"]}}],"collection":[{"href":"https:\/\/swissbaker.ch\/fr\/wp-json\/wp\/v2\/pages"}],"about":[{"href":"https:\/\/swissbaker.ch\/fr\/wp-json\/wp\/v2\/types\/page"}],"author":[{"embeddable":true,"href":"https:\/\/swissbaker.ch\/fr\/wp-json\/wp\/v2\/users\/1"}],"replies":[{"embeddable":true,"href":"https:\/\/swissbaker.ch\/fr\/wp-json\/wp\/v2\/comments?post=13467"}],"version-history":[{"count":0,"href":"https:\/\/swissbaker.ch\/fr\/wp-json\/wp\/v2\/pages\/13467\/revisions"}],"up":[{"embeddable":true,"href":"https:\/\/swissbaker.ch\/fr\/wp-json\/wp\/v2\/pages\/31689"}],"wp:attachment":[{"href":"https:\/\/swissbaker.ch\/fr\/wp-json\/wp\/v2\/media?parent=13467"}],"curies":[{"name":"wp","href":"https:\/\/api.w.org\/{rel}","templated":true}]}}