{"id":13292,"date":"2022-04-25T10:54:13","date_gmt":"2022-04-25T08:54:13","guid":{"rendered":"https:\/\/swissbaker.ch\/?page_id=13292"},"modified":"2022-06-07T11:28:32","modified_gmt":"2022-06-07T09:28:32","slug":"antenne-msst-et-gm","status":"publish","type":"page","link":"https:\/\/swissbaker.ch\/fr\/association\/prestations-de-service\/antenne-msst-et-gm\/","title":{"rendered":"Antenne\u00a0MSST et GM"},"content":{"rendered":"\n<p><strong>Les boulangeries-confiseries sont tenues \u00e0 l\u2019autocontr\u00f4le en vue de garantir la s\u00e9curit\u00e9 alimentaire. Elles doivent par ailleurs satisfaire \u00e0 des exigences l\u00e9gales complexes en mati\u00e8re d\u2019hygi\u00e8ne, de s\u00e9curit\u00e9 au travail et de protection de la sant\u00e9. La BCS aide \u00e0 cet \u00e9gard les propri\u00e9taires d\u2019entreprises moyennant des outils simples et pratiques.<\/strong><\/p>\n\n\n\n<p><strong>Les principaux services:<\/strong><\/p>\n\n\n\n<ul class=\"wp-block-list\"><li>guide des bonnes pratiques<\/li><li>solution par branche pour la s\u00e9curit\u00e9 au travail et la protection de la sant\u00e9;<\/li><li>enqu\u00eates en cas d\u2019accidents et examens d\u2019aptitude (exposition \u00e0 la farine, travail de nuit;<\/li><li>audits d\u2019entreprises en mati\u00e8re d\u2019hygi\u00e8ne, d\u2019AQ et de MSST;<\/li><li>conseils professionnels et aide pratique;<\/li><li>formation initiale et formation continue des coordinateurs de la s\u00e9curit\u00e9 et des formateurs;<\/li><li>analyse des dangers et formation du personnel.<\/li><\/ul>\n","protected":false},"excerpt":{"rendered":"<p>Les boulangeries-confiseries sont tenues \u00e0 l\u2019autocontr\u00f4le en vue de garantir la s\u00e9curit\u00e9 alimentaire. Elles doivent par ailleurs satisfaire \u00e0 des exigences l\u00e9gales complexes en mati\u00e8re d\u2019hygi\u00e8ne, de s\u00e9curit\u00e9 au travail et de protection de la sant\u00e9. La BCS aide \u00e0 cet \u00e9gard les propri\u00e9taires d\u2019entreprises moyennant des outils simples et pratiques. Les principaux services: guide des bonnes pratiques solution par [&hellip;]<\/p>\n","protected":false},"author":1,"featured_media":0,"parent":31689,"menu_order":0,"comment_status":"closed","ping_status":"closed","template":"","meta":{"_acf_changed":false,"footnotes":""},"class_list":["post-13292","page","type-page","status-publish","hentry"],"acf":[],"yoast_head":"<!-- This site is optimized with the Yoast SEO Premium plugin v26.8 (Yoast SEO v26.8) - https:\/\/yoast.com\/product\/yoast-seo-premium-wordpress\/ -->\n<title>Antenne\u00a0MSST et GM | SBC<\/title>\n<meta name=\"robots\" content=\"index, follow, max-snippet:-1, max-image-preview:large, max-video-preview:-1\" \/>\n<link rel=\"canonical\" href=\"https:\/\/swissbaker.ch\/fr\/association\/prestations-de-service\/antenne-msst-et-gm\/\" \/>\n<meta property=\"og:locale\" content=\"fr_FR\" \/>\n<meta property=\"og:type\" content=\"article\" \/>\n<meta property=\"og:title\" content=\"Antenne\u00a0MSST et GM\" \/>\n<meta property=\"og:description\" content=\"Les boulangeries-confiseries sont tenues \u00e0 l\u2019autocontr\u00f4le en vue de garantir la s\u00e9curit\u00e9 alimentaire. Elles doivent par ailleurs satisfaire \u00e0 des exigences l\u00e9gales complexes en mati\u00e8re d\u2019hygi\u00e8ne, de s\u00e9curit\u00e9 au travail et de protection de la sant\u00e9. La BCS aide \u00e0 cet \u00e9gard les propri\u00e9taires d\u2019entreprises moyennant des outils simples et pratiques. Les principaux services: guide des bonnes pratiques solution par [&hellip;]\" \/>\n<meta property=\"og:url\" content=\"https:\/\/swissbaker.ch\/fr\/association\/prestations-de-service\/antenne-msst-et-gm\/\" \/>\n<meta property=\"og:site_name\" content=\"SBC\" \/>\n<meta property=\"article:publisher\" content=\"https:\/\/www.facebook.com\/swissbaker.ch\" \/>\n<meta property=\"article:modified_time\" content=\"2022-06-07T09:28:32+00:00\" \/>\n<meta property=\"og:image\" content=\"https:\/\/swissbaker.ch\/wp-content\/uploads\/2022\/04\/sbc-logo-yoast.jpg\" \/>\n\t<meta property=\"og:image:width\" content=\"512\" \/>\n\t<meta property=\"og:image:height\" content=\"512\" \/>\n\t<meta property=\"og:image:type\" content=\"image\/jpeg\" \/>\n<meta name=\"twitter:card\" content=\"summary_large_image\" \/>\n<meta name=\"twitter:site\" content=\"@ch_swissbaker\" \/>\n<meta name=\"twitter:label1\" content=\"Est. reading time\" \/>\n\t<meta name=\"twitter:data1\" content=\"1 minute\" \/>\n<script type=\"application\/ld+json\" class=\"yoast-schema-graph\">{\"@context\":\"https:\/\/schema.org\",\"@graph\":[{\"@type\":\"WebPage\",\"@id\":\"https:\/\/swissbaker.ch\/fr\/association\/prestations-de-service\/antenne-msst-et-gm\/\",\"url\":\"https:\/\/swissbaker.ch\/fr\/association\/prestations-de-service\/antenne-msst-et-gm\/\",\"name\":\"Antenne\u00a0MSST et GM | SBC\",\"isPartOf\":{\"@id\":\"https:\/\/swissbaker.ch\/fr\/#website\"},\"datePublished\":\"2022-04-25T08:54:13+00:00\",\"dateModified\":\"2022-06-07T09:28:32+00:00\",\"breadcrumb\":{\"@id\":\"https:\/\/swissbaker.ch\/fr\/association\/prestations-de-service\/antenne-msst-et-gm\/#breadcrumb\"},\"inLanguage\":\"fr-FR\",\"potentialAction\":[{\"@type\":\"ReadAction\",\"target\":[\"https:\/\/swissbaker.ch\/fr\/association\/prestations-de-service\/antenne-msst-et-gm\/\"]}]},{\"@type\":\"BreadcrumbList\",\"@id\":\"https:\/\/swissbaker.ch\/fr\/association\/prestations-de-service\/antenne-msst-et-gm\/#breadcrumb\",\"itemListElement\":[{\"@type\":\"ListItem\",\"position\":1,\"name\":\"\",\"item\":\"https:\/\/swissbaker.ch\/fr\/\"},{\"@type\":\"ListItem\",\"position\":2,\"name\":\"Association\u00a0\",\"item\":\"https:\/\/swissbaker.ch\/fr\/association\/\"},{\"@type\":\"ListItem\",\"position\":3,\"name\":\"Prestations de service\",\"item\":\"https:\/\/swissbaker.ch\/fr\/association\/prestations-de-service\/\"},{\"@type\":\"ListItem\",\"position\":4,\"name\":\"Antenne\u00a0MSST et GM\"}]},{\"@type\":\"WebSite\",\"@id\":\"https:\/\/swissbaker.ch\/fr\/#website\",\"url\":\"https:\/\/swissbaker.ch\/fr\/\",\"name\":\"SBC\",\"description\":\"\",\"publisher\":{\"@id\":\"https:\/\/swissbaker.ch\/fr\/#organization\"},\"potentialAction\":[{\"@type\":\"SearchAction\",\"target\":{\"@type\":\"EntryPoint\",\"urlTemplate\":\"https:\/\/swissbaker.ch\/fr\/?s={search_term_string}\"},\"query-input\":{\"@type\":\"PropertyValueSpecification\",\"valueRequired\":true,\"valueName\":\"search_term_string\"}}],\"inLanguage\":\"fr-FR\"},{\"@type\":\"Organization\",\"@id\":\"https:\/\/swissbaker.ch\/fr\/#organization\",\"name\":\"Schweizerischer B\u00e4cker-Confiseurmeister-Verband\",\"url\":\"https:\/\/swissbaker.ch\/fr\/\",\"logo\":{\"@type\":\"ImageObject\",\"inLanguage\":\"fr-FR\",\"@id\":\"https:\/\/swissbaker.ch\/fr\/#\/schema\/logo\/image\/\",\"url\":\"https:\/\/swissbaker.ch\/wp-content\/uploads\/2022\/04\/sbc-logo-yoast.jpg\",\"contentUrl\":\"https:\/\/swissbaker.ch\/wp-content\/uploads\/2022\/04\/sbc-logo-yoast.jpg\",\"width\":512,\"height\":512,\"caption\":\"Schweizerischer B\u00e4cker-Confiseurmeister-Verband\"},\"image\":{\"@id\":\"https:\/\/swissbaker.ch\/fr\/#\/schema\/logo\/image\/\"},\"sameAs\":[\"https:\/\/www.facebook.com\/swissbaker.ch\",\"https:\/\/x.com\/ch_swissbaker\"]}]}<\/script>\n<!-- \/ Yoast SEO Premium plugin. -->","yoast_head_json":{"title":"Antenne\u00a0MSST et GM | SBC","robots":{"index":"index","follow":"follow","max-snippet":"max-snippet:-1","max-image-preview":"max-image-preview:large","max-video-preview":"max-video-preview:-1"},"canonical":"https:\/\/swissbaker.ch\/fr\/association\/prestations-de-service\/antenne-msst-et-gm\/","og_locale":"fr_FR","og_type":"article","og_title":"Antenne\u00a0MSST et GM","og_description":"Les boulangeries-confiseries sont tenues \u00e0 l\u2019autocontr\u00f4le en vue de garantir la s\u00e9curit\u00e9 alimentaire. Elles doivent par ailleurs satisfaire \u00e0 des exigences l\u00e9gales complexes en mati\u00e8re d\u2019hygi\u00e8ne, de s\u00e9curit\u00e9 au travail et de protection de la sant\u00e9. La BCS aide \u00e0 cet \u00e9gard les propri\u00e9taires d\u2019entreprises moyennant des outils simples et pratiques. Les principaux services: guide des bonnes pratiques solution par [&hellip;]","og_url":"https:\/\/swissbaker.ch\/fr\/association\/prestations-de-service\/antenne-msst-et-gm\/","og_site_name":"SBC","article_publisher":"https:\/\/www.facebook.com\/swissbaker.ch","article_modified_time":"2022-06-07T09:28:32+00:00","og_image":[{"width":512,"height":512,"url":"https:\/\/swissbaker.ch\/wp-content\/uploads\/2022\/04\/sbc-logo-yoast.jpg","type":"image\/jpeg"}],"twitter_card":"summary_large_image","twitter_site":"@ch_swissbaker","twitter_misc":{"Est. reading time":"1 minute"},"schema":{"@context":"https:\/\/schema.org","@graph":[{"@type":"WebPage","@id":"https:\/\/swissbaker.ch\/fr\/association\/prestations-de-service\/antenne-msst-et-gm\/","url":"https:\/\/swissbaker.ch\/fr\/association\/prestations-de-service\/antenne-msst-et-gm\/","name":"Antenne\u00a0MSST et GM | SBC","isPartOf":{"@id":"https:\/\/swissbaker.ch\/fr\/#website"},"datePublished":"2022-04-25T08:54:13+00:00","dateModified":"2022-06-07T09:28:32+00:00","breadcrumb":{"@id":"https:\/\/swissbaker.ch\/fr\/association\/prestations-de-service\/antenne-msst-et-gm\/#breadcrumb"},"inLanguage":"fr-FR","potentialAction":[{"@type":"ReadAction","target":["https:\/\/swissbaker.ch\/fr\/association\/prestations-de-service\/antenne-msst-et-gm\/"]}]},{"@type":"BreadcrumbList","@id":"https:\/\/swissbaker.ch\/fr\/association\/prestations-de-service\/antenne-msst-et-gm\/#breadcrumb","itemListElement":[{"@type":"ListItem","position":1,"name":"","item":"https:\/\/swissbaker.ch\/fr\/"},{"@type":"ListItem","position":2,"name":"Association\u00a0","item":"https:\/\/swissbaker.ch\/fr\/association\/"},{"@type":"ListItem","position":3,"name":"Prestations de service","item":"https:\/\/swissbaker.ch\/fr\/association\/prestations-de-service\/"},{"@type":"ListItem","position":4,"name":"Antenne\u00a0MSST et GM"}]},{"@type":"WebSite","@id":"https:\/\/swissbaker.ch\/fr\/#website","url":"https:\/\/swissbaker.ch\/fr\/","name":"SBC","description":"","publisher":{"@id":"https:\/\/swissbaker.ch\/fr\/#organization"},"potentialAction":[{"@type":"SearchAction","target":{"@type":"EntryPoint","urlTemplate":"https:\/\/swissbaker.ch\/fr\/?s={search_term_string}"},"query-input":{"@type":"PropertyValueSpecification","valueRequired":true,"valueName":"search_term_string"}}],"inLanguage":"fr-FR"},{"@type":"Organization","@id":"https:\/\/swissbaker.ch\/fr\/#organization","name":"Schweizerischer B\u00e4cker-Confiseurmeister-Verband","url":"https:\/\/swissbaker.ch\/fr\/","logo":{"@type":"ImageObject","inLanguage":"fr-FR","@id":"https:\/\/swissbaker.ch\/fr\/#\/schema\/logo\/image\/","url":"https:\/\/swissbaker.ch\/wp-content\/uploads\/2022\/04\/sbc-logo-yoast.jpg","contentUrl":"https:\/\/swissbaker.ch\/wp-content\/uploads\/2022\/04\/sbc-logo-yoast.jpg","width":512,"height":512,"caption":"Schweizerischer B\u00e4cker-Confiseurmeister-Verband"},"image":{"@id":"https:\/\/swissbaker.ch\/fr\/#\/schema\/logo\/image\/"},"sameAs":["https:\/\/www.facebook.com\/swissbaker.ch","https:\/\/x.com\/ch_swissbaker"]}]}},"_links":{"self":[{"href":"https:\/\/swissbaker.ch\/fr\/wp-json\/wp\/v2\/pages\/13292","targetHints":{"allow":["GET"]}}],"collection":[{"href":"https:\/\/swissbaker.ch\/fr\/wp-json\/wp\/v2\/pages"}],"about":[{"href":"https:\/\/swissbaker.ch\/fr\/wp-json\/wp\/v2\/types\/page"}],"author":[{"embeddable":true,"href":"https:\/\/swissbaker.ch\/fr\/wp-json\/wp\/v2\/users\/1"}],"replies":[{"embeddable":true,"href":"https:\/\/swissbaker.ch\/fr\/wp-json\/wp\/v2\/comments?post=13292"}],"version-history":[{"count":0,"href":"https:\/\/swissbaker.ch\/fr\/wp-json\/wp\/v2\/pages\/13292\/revisions"}],"up":[{"embeddable":true,"href":"https:\/\/swissbaker.ch\/fr\/wp-json\/wp\/v2\/pages\/31689"}],"wp:attachment":[{"href":"https:\/\/swissbaker.ch\/fr\/wp-json\/wp\/v2\/media?parent=13292"}],"curies":[{"name":"wp","href":"https:\/\/api.w.org\/{rel}","templated":true}]}}