{"id":120638,"date":"2025-05-27T12:55:04","date_gmt":"2025-05-27T10:55:04","guid":{"rendered":"https:\/\/swissbaker.ch\/?page_id=120638"},"modified":"2025-08-13T14:15:46","modified_gmt":"2025-08-13T12:15:46","slug":"questions-a-lorenz-hess","status":"publish","type":"page","link":"https:\/\/swissbaker.ch\/fr\/questions-a-lorenz-hess\/","title":{"rendered":"Questions \u00e0 Lorenz Hess"},"content":{"rendered":"\n<p>Lorenz Hess, conseiller national et Ambassadeur du pain et du chocolat r\u00e9pond aux questions des membres de la BCS. La page est actualis\u00e9e en permanence d\u00e8s que de nouveaux th\u00e8mes sont publi\u00e9s dans le magazine sectoriel Panissimo.<\/p>\n\n\n\n<div class=\"wp-block-file\"><a id=\"wp-block-file--media-6d626fff-8c21-4278-bf06-27fe3dd32d18\" href=\"https:\/\/swissbaker.ch\/wp-content\/uploads\/2025\/08\/lorenz-hess_letzter-teil_f.pdf\">Questions \u00e0 Lorenz Hess: Points cl\u00e9s divers<\/a><a href=\"https:\/\/swissbaker.ch\/wp-content\/uploads\/2025\/08\/lorenz-hess_letzter-teil_f.pdf\" class=\"wp-block-file__button wp-element-button\" download aria-describedby=\"wp-block-file--media-6d626fff-8c21-4278-bf06-27fe3dd32d18\">Herunterladen<\/a><\/div>\n\n\n\n<div class=\"wp-block-file\"><a id=\"wp-block-file--media-cf892a18-f3b6-48c5-b900-05ddc12121ce\" href=\"https:\/\/swissbaker.ch\/wp-content\/uploads\/2025\/07\/lorenz-hess_vier-brennpunkte_f.pdf\">Questions \u00e0 Lorenz Hess: Quatre points cl\u00e9s<\/a><a href=\"https:\/\/swissbaker.ch\/wp-content\/uploads\/2025\/07\/lorenz-hess_vier-brennpunkte_f.pdf\" class=\"wp-block-file__button wp-element-button\" download aria-describedby=\"wp-block-file--media-cf892a18-f3b6-48c5-b900-05ddc12121ce\">Herunterladen<\/a><\/div>\n\n\n\n<div class=\"wp-block-file\"><a id=\"wp-block-file--media-a70c73ab-7324-4a2d-8677-625cbf1aeca9\" href=\"https:\/\/swissbaker.ch\/wp-content\/uploads\/2025\/07\/lorenz-hess_thema-buerokratie_f.pdf\">Questions sur le th\u00e8me de la bureaucratie<\/a><a href=\"https:\/\/swissbaker.ch\/wp-content\/uploads\/2025\/07\/lorenz-hess_thema-buerokratie_f.pdf\" class=\"wp-block-file__button wp-element-button\" download aria-describedby=\"wp-block-file--media-a70c73ab-7324-4a2d-8677-625cbf1aeca9\">Herunterladen<\/a><\/div>\n\n\n\n<div class=\"wp-block-file\"><a id=\"wp-block-file--media-80bdc275-e07b-499c-9b6d-370e793f7782\" href=\"https:\/\/swissbaker.ch\/wp-content\/uploads\/2025\/05\/Lorenz-Hess_Thema-Bildung_F-1.pdf\">Questions relatives \u00e0 la formation<\/a><a href=\"https:\/\/swissbaker.ch\/wp-content\/uploads\/2025\/05\/Lorenz-Hess_Thema-Bildung_F-1.pdf\" class=\"wp-block-file__button wp-element-button\" download aria-describedby=\"wp-block-file--media-80bdc275-e07b-499c-9b6d-370e793f7782\">Herunterladen<\/a><\/div>\n\n\n\n<div style=\"height:42px\" aria-hidden=\"true\" class=\"wp-block-spacer\"><\/div>\n","protected":false},"excerpt":{"rendered":"<p>Lorenz Hess, conseiller national et Ambassadeur du pain et du chocolat r\u00e9pond aux questions des membres de la BCS. La page est actualis\u00e9e en permanence d\u00e8s que de nouveaux th\u00e8mes sont publi\u00e9s dans le magazine sectoriel Panissimo.<\/p>\n","protected":false},"author":5,"featured_media":0,"parent":0,"menu_order":0,"comment_status":"closed","ping_status":"closed","template":"page-intranet.php","meta":{"_acf_changed":false,"footnotes":""},"class_list":["post-120638","page","type-page","status-publish","hentry"],"acf":[],"yoast_head":"<!-- This site is optimized with the Yoast SEO Premium plugin v26.8 (Yoast SEO v26.8) - https:\/\/yoast.com\/product\/yoast-seo-premium-wordpress\/ -->\n<title>Questions \u00e0 Lorenz Hess | SBC<\/title>\n<meta name=\"robots\" content=\"index, follow, max-snippet:-1, max-image-preview:large, max-video-preview:-1\" \/>\n<link rel=\"canonical\" href=\"https:\/\/swissbaker.ch\/fr\/questions-a-lorenz-hess\/\" \/>\n<meta property=\"og:locale\" content=\"fr_FR\" \/>\n<meta property=\"og:type\" content=\"article\" \/>\n<meta property=\"og:title\" content=\"Questions \u00e0 Lorenz Hess\" \/>\n<meta property=\"og:description\" content=\"Lorenz Hess, conseiller national et Ambassadeur du pain et du chocolat r\u00e9pond aux questions des membres de la BCS. La page est actualis\u00e9e en permanence d\u00e8s que de nouveaux th\u00e8mes sont publi\u00e9s dans le magazine sectoriel Panissimo.\" \/>\n<meta property=\"og:url\" content=\"https:\/\/swissbaker.ch\/fr\/questions-a-lorenz-hess\/\" \/>\n<meta property=\"og:site_name\" content=\"SBC\" \/>\n<meta property=\"article:publisher\" content=\"https:\/\/www.facebook.com\/swissbaker.ch\" \/>\n<meta property=\"article:modified_time\" content=\"2025-08-13T12:15:46+00:00\" \/>\n<meta property=\"og:image\" content=\"https:\/\/swissbaker.ch\/wp-content\/uploads\/2022\/04\/sbc-logo-yoast.jpg\" \/>\n\t<meta property=\"og:image:width\" content=\"512\" \/>\n\t<meta property=\"og:image:height\" content=\"512\" \/>\n\t<meta property=\"og:image:type\" content=\"image\/jpeg\" \/>\n<meta name=\"twitter:card\" content=\"summary_large_image\" \/>\n<meta name=\"twitter:site\" content=\"@ch_swissbaker\" \/>\n<script type=\"application\/ld+json\" class=\"yoast-schema-graph\">{\"@context\":\"https:\/\/schema.org\",\"@graph\":[{\"@type\":\"WebPage\",\"@id\":\"https:\/\/swissbaker.ch\/fr\/questions-a-lorenz-hess\/\",\"url\":\"https:\/\/swissbaker.ch\/fr\/questions-a-lorenz-hess\/\",\"name\":\"Questions \u00e0 Lorenz Hess | SBC\",\"isPartOf\":{\"@id\":\"https:\/\/swissbaker.ch\/fr\/#website\"},\"datePublished\":\"2025-05-27T10:55:04+00:00\",\"dateModified\":\"2025-08-13T12:15:46+00:00\",\"breadcrumb\":{\"@id\":\"https:\/\/swissbaker.ch\/fr\/questions-a-lorenz-hess\/#breadcrumb\"},\"inLanguage\":\"fr-FR\",\"potentialAction\":[{\"@type\":\"ReadAction\",\"target\":[\"https:\/\/swissbaker.ch\/fr\/questions-a-lorenz-hess\/\"]}]},{\"@type\":\"BreadcrumbList\",\"@id\":\"https:\/\/swissbaker.ch\/fr\/questions-a-lorenz-hess\/#breadcrumb\",\"itemListElement\":[{\"@type\":\"ListItem\",\"position\":1,\"name\":\"\",\"item\":\"https:\/\/swissbaker.ch\/fr\/\"},{\"@type\":\"ListItem\",\"position\":2,\"name\":\"Questions \u00e0 Lorenz Hess\"}]},{\"@type\":\"WebSite\",\"@id\":\"https:\/\/swissbaker.ch\/fr\/#website\",\"url\":\"https:\/\/swissbaker.ch\/fr\/\",\"name\":\"SBC\",\"description\":\"\",\"publisher\":{\"@id\":\"https:\/\/swissbaker.ch\/fr\/#organization\"},\"potentialAction\":[{\"@type\":\"SearchAction\",\"target\":{\"@type\":\"EntryPoint\",\"urlTemplate\":\"https:\/\/swissbaker.ch\/fr\/?s={search_term_string}\"},\"query-input\":{\"@type\":\"PropertyValueSpecification\",\"valueRequired\":true,\"valueName\":\"search_term_string\"}}],\"inLanguage\":\"fr-FR\"},{\"@type\":\"Organization\",\"@id\":\"https:\/\/swissbaker.ch\/fr\/#organization\",\"name\":\"Schweizerischer B\u00e4cker-Confiseurmeister-Verband\",\"url\":\"https:\/\/swissbaker.ch\/fr\/\",\"logo\":{\"@type\":\"ImageObject\",\"inLanguage\":\"fr-FR\",\"@id\":\"https:\/\/swissbaker.ch\/fr\/#\/schema\/logo\/image\/\",\"url\":\"https:\/\/swissbaker.ch\/wp-content\/uploads\/2022\/04\/sbc-logo-yoast.jpg\",\"contentUrl\":\"https:\/\/swissbaker.ch\/wp-content\/uploads\/2022\/04\/sbc-logo-yoast.jpg\",\"width\":512,\"height\":512,\"caption\":\"Schweizerischer B\u00e4cker-Confiseurmeister-Verband\"},\"image\":{\"@id\":\"https:\/\/swissbaker.ch\/fr\/#\/schema\/logo\/image\/\"},\"sameAs\":[\"https:\/\/www.facebook.com\/swissbaker.ch\",\"https:\/\/x.com\/ch_swissbaker\"]}]}<\/script>\n<!-- \/ Yoast SEO Premium plugin. -->","yoast_head_json":{"title":"Questions \u00e0 Lorenz Hess | SBC","robots":{"index":"index","follow":"follow","max-snippet":"max-snippet:-1","max-image-preview":"max-image-preview:large","max-video-preview":"max-video-preview:-1"},"canonical":"https:\/\/swissbaker.ch\/fr\/questions-a-lorenz-hess\/","og_locale":"fr_FR","og_type":"article","og_title":"Questions \u00e0 Lorenz Hess","og_description":"Lorenz Hess, conseiller national et Ambassadeur du pain et du chocolat r\u00e9pond aux questions des membres de la BCS. La page est actualis\u00e9e en permanence d\u00e8s que de nouveaux th\u00e8mes sont publi\u00e9s dans le magazine sectoriel Panissimo.","og_url":"https:\/\/swissbaker.ch\/fr\/questions-a-lorenz-hess\/","og_site_name":"SBC","article_publisher":"https:\/\/www.facebook.com\/swissbaker.ch","article_modified_time":"2025-08-13T12:15:46+00:00","og_image":[{"width":512,"height":512,"url":"https:\/\/swissbaker.ch\/wp-content\/uploads\/2022\/04\/sbc-logo-yoast.jpg","type":"image\/jpeg"}],"twitter_card":"summary_large_image","twitter_site":"@ch_swissbaker","schema":{"@context":"https:\/\/schema.org","@graph":[{"@type":"WebPage","@id":"https:\/\/swissbaker.ch\/fr\/questions-a-lorenz-hess\/","url":"https:\/\/swissbaker.ch\/fr\/questions-a-lorenz-hess\/","name":"Questions \u00e0 Lorenz Hess | SBC","isPartOf":{"@id":"https:\/\/swissbaker.ch\/fr\/#website"},"datePublished":"2025-05-27T10:55:04+00:00","dateModified":"2025-08-13T12:15:46+00:00","breadcrumb":{"@id":"https:\/\/swissbaker.ch\/fr\/questions-a-lorenz-hess\/#breadcrumb"},"inLanguage":"fr-FR","potentialAction":[{"@type":"ReadAction","target":["https:\/\/swissbaker.ch\/fr\/questions-a-lorenz-hess\/"]}]},{"@type":"BreadcrumbList","@id":"https:\/\/swissbaker.ch\/fr\/questions-a-lorenz-hess\/#breadcrumb","itemListElement":[{"@type":"ListItem","position":1,"name":"","item":"https:\/\/swissbaker.ch\/fr\/"},{"@type":"ListItem","position":2,"name":"Questions \u00e0 Lorenz Hess"}]},{"@type":"WebSite","@id":"https:\/\/swissbaker.ch\/fr\/#website","url":"https:\/\/swissbaker.ch\/fr\/","name":"SBC","description":"","publisher":{"@id":"https:\/\/swissbaker.ch\/fr\/#organization"},"potentialAction":[{"@type":"SearchAction","target":{"@type":"EntryPoint","urlTemplate":"https:\/\/swissbaker.ch\/fr\/?s={search_term_string}"},"query-input":{"@type":"PropertyValueSpecification","valueRequired":true,"valueName":"search_term_string"}}],"inLanguage":"fr-FR"},{"@type":"Organization","@id":"https:\/\/swissbaker.ch\/fr\/#organization","name":"Schweizerischer B\u00e4cker-Confiseurmeister-Verband","url":"https:\/\/swissbaker.ch\/fr\/","logo":{"@type":"ImageObject","inLanguage":"fr-FR","@id":"https:\/\/swissbaker.ch\/fr\/#\/schema\/logo\/image\/","url":"https:\/\/swissbaker.ch\/wp-content\/uploads\/2022\/04\/sbc-logo-yoast.jpg","contentUrl":"https:\/\/swissbaker.ch\/wp-content\/uploads\/2022\/04\/sbc-logo-yoast.jpg","width":512,"height":512,"caption":"Schweizerischer B\u00e4cker-Confiseurmeister-Verband"},"image":{"@id":"https:\/\/swissbaker.ch\/fr\/#\/schema\/logo\/image\/"},"sameAs":["https:\/\/www.facebook.com\/swissbaker.ch","https:\/\/x.com\/ch_swissbaker"]}]}},"_links":{"self":[{"href":"https:\/\/swissbaker.ch\/fr\/wp-json\/wp\/v2\/pages\/120638","targetHints":{"allow":["GET"]}}],"collection":[{"href":"https:\/\/swissbaker.ch\/fr\/wp-json\/wp\/v2\/pages"}],"about":[{"href":"https:\/\/swissbaker.ch\/fr\/wp-json\/wp\/v2\/types\/page"}],"author":[{"embeddable":true,"href":"https:\/\/swissbaker.ch\/fr\/wp-json\/wp\/v2\/users\/5"}],"replies":[{"embeddable":true,"href":"https:\/\/swissbaker.ch\/fr\/wp-json\/wp\/v2\/comments?post=120638"}],"version-history":[{"count":0,"href":"https:\/\/swissbaker.ch\/fr\/wp-json\/wp\/v2\/pages\/120638\/revisions"}],"wp:attachment":[{"href":"https:\/\/swissbaker.ch\/fr\/wp-json\/wp\/v2\/media?parent=120638"}],"curies":[{"name":"wp","href":"https:\/\/api.w.org\/{rel}","templated":true}]}}